{"id":6093,"date":"2021-09-06T16:53:20","date_gmt":"2021-09-06T19:53:20","guid":{"rendered":"https:\/\/mapes.wsihost.com.br\/?page_id=6093"},"modified":"2022-02-03T11:35:08","modified_gmt":"2022-02-03T14:35:08","slug":"allda-care-salud-corporativa","status":"publish","type":"page","link":"https:\/\/mapesolutions.com\/es\/allda-care-salud-corporativa\/","title":{"rendered":"ALLda Care (Salud Corporativa)"},"content":{"rendered":"<p><section class=\"kc-elm kc-css-400155 kc_row\"><div class=\"kc-row-container  kc-container\"><div class=\"kc-wrap-columns\"><div class=\"kc-elm kc-css-976454 kc_col-sm-12 kc_column kc_col-sm-12\"><div class=\"kc-col-container\"><div class=\"kc-elm kc-css-408830\" style=\"height: 70px; clear: both; width:100%;\"><\/div><\/div><\/div><\/div><\/div><\/section><section class=\"kc-elm kc-css-907252 kc_row\"><div class=\"kc-row-container  kc-container\"><div class=\"kc-wrap-columns\"><div class=\"kc-elm kc-css-64174 kc_col-sm-12 kc_column kc_col-sm-12\"><div class=\"kc-col-container\"><div class=\"kc-elm kc-css-193627 kc_shortcode kc_single_image\">\n\n        <img decoding=\"async\" src=\"https:\/\/mapesolutions.com\/es\/wp-content\/uploads\/2021\/09\/Mapes-ALLdacare-Logo-300x147.png\" class=\"\" alt=\"\" \/>    <\/div>\n<div class=\"kc-elm kc-css-719539\" style=\"height: 80px; clear: both; width:100%;\"><\/div><div class=\"kc-elm kc-css-120333 kc_text_block\"><\/p>\n<p>Es una soluci\u00f3n para la salud corporativa. Abarca la atenci\u00f3n, la ciencia de datos y la atenci\u00f3n m\u00e9dica y la gesti\u00f3n de costos. ALLdaCare fue dise\u00f1ado para brindar una vida m\u00e1s saludable a todos los empleados de la empresa, sin descuidar la sostenibilidad financiera de la corporaci\u00f3n.  <\/p>\n<p>Las ganancias provienen del procesamiento de datos, cl\u00ednicos y financieros, y del servicio digital, donde tenemos que ALLdaCare est\u00e1 destinado a brindar una vida m\u00e1s saludable a todos los empleados de la empresa. <\/p>\n<p>C\u00f3mo es posible poner en pr\u00e1ctica esta gesti\u00f3n asistencial: apostando por las tecnolog\u00edas sanitarias, analizando datos reales y situando la gesti\u00f3n sanitaria corporativa como principal componente de esta f\u00f3rmula. Con el fin de ofrecer sistemas de salud complementarios que tengan en cuenta la atenci\u00f3n primaria de salud. <\/p>\n<p>ALLdaCare: para una mejor calidad de vida de las personas sin perder de vista la sostenibilidad financiera.<\/p>\n<p>\n<\/div><div class=\"kc-elm kc-css-602374\" style=\"height: 30px; clear: both; width:100%;\"><\/div>\n<div class=\"kc-elm kc-css-470328 kc-title-wrap \">\n\n\t<h4 class=\"kc_title\">Soluciones para<\/h4>\n<\/div>\n<div class=\"kc-elm kc-css-31109\" style=\"height: 30px; clear: both; width:100%;\"><\/div><div class=\"kc-elm kc-css-95864 kc_row kc_row_inner\"><div class=\"kc-elm kc-css-221207 kc_col-sm-6 kc_column_inner kc_col-sm-6\"><div class=\"kc_wrapper kc-col-inner-container\"><div class=\"kc-elm kc-css-80965 kc-animated kc-animate-eff-bounceIn kc-feature-boxes kc-fb-layout-5\">\n\n\t<div class=\"content-title\">Salud Corporativa<\/div>\n<\/div>\n<\/div><\/div><div class=\"kc-elm kc-css-550184 kc_col-sm-6 kc_column_inner kc_col-sm-6\"><div class=\"kc_wrapper kc-col-inner-container\"><div class=\"kc-elm kc-css-304030 kc-animated kc-animate-eff-bounceIn kc-feature-boxes kc-fb-layout-5\">\n\n\t<div class=\"content-title\">Operadores De Planes De Salud<\/div>\n<\/div>\n<\/div><\/div><\/div><div class=\"kc-elm kc-css-296721\" style=\"height: 30px; clear: both; width:100%;\"><\/div><\/div><\/div><\/div><\/div><\/section><section class=\"kc-elm kc-css-966019 kc_row\"><div class=\"kc-row-container  kc-container\"><div class=\"kc-wrap-columns\"><div class=\"kc-elm kc-css-638709 kc_col-sm-3 kc_column kc_col-sm-3\"><div class=\"kc-col-container\"><\/div><\/div><div class=\"kc-elm kc-css-801320 kc_col-sm-6 kc_column kc_col-sm-6\"><div class=\"kc-col-container\">\n<div class=\"kc-elm kc-css-377427 kc-title-wrap \">\n\n\t<h4 class=\"kc_title\">Accede al v\u00eddeo para saber m\u00e1s<\/h4>\n<\/div>\n<div class=\"kc-elm kc-css-976276\" style=\"height: 30px; clear: both; width:100%;\"><\/div><div class=\"kc-elm kc-css-164752 kc-raw-code\"><iframe loading=\"lazy\" width=\"560\" height=\"315\" src=\"https:\/\/www.youtube.com\/embed\/zPTjSxIU200\" title=\"YouTube video player\" frameborder=\"0\" allow=\"accelerometer; autoplay; clipboard-write; encrypted-media; gyroscope; picture-in-picture\" allowfullscreen><\/iframe><\/div><div class=\"kc-elm kc-css-381484\" style=\"height: 30px; clear: both; width:100%;\"><\/div><\/div><\/div><div class=\"kc-elm kc-css-875755 kc_col-sm-3 kc_column kc_col-sm-3\"><div class=\"kc-col-container\"><\/div><\/div><\/div><\/div><\/section><\/p>\n","protected":false},"excerpt":{"rendered":"","protected":false},"author":7,"featured_media":0,"parent":0,"menu_order":0,"comment_status":"closed","ping_status":"closed","template":"","meta":{"footnotes":""},"class_list":["post-6093","page","type-page","status-publish","hentry"],"yoast_head":"<!-- This site is optimized with the Yoast SEO plugin v27.4 - https:\/\/yoast.com\/product\/yoast-seo-wordpress\/ -->\n<title>ALLda Care (Salud Corporativa) - Mapes<\/title>\n<meta name=\"robots\" content=\"index, follow, max-snippet:-1, max-image-preview:large, max-video-preview:-1\" \/>\n<link rel=\"canonical\" href=\"https:\/\/mapesolutions.com\/es\/allda-care-salud-corporativa\/\" \/>\n<meta property=\"og:locale\" content=\"pt_BR\" \/>\n<meta property=\"og:type\" content=\"article\" \/>\n<meta property=\"og:title\" content=\"ALLda Care (Salud Corporativa) - Mapes\" \/>\n<meta property=\"og:description\" content=\"Es una soluci\u00f3n para la salud corporativa. Abarca la atenci\u00f3n, la ciencia de datos y la atenci\u00f3n m\u00e9dica y la gesti\u00f3n de costos. ALLdaCare fue dise\u00f1ado para brindar una vida m\u00e1s saludable a todos los empleados de la empresa, sin descuidar la sostenibilidad financiera de la corporaci\u00f3n. Las ganancias provienen del procesamiento de datos, cl\u00ednicos [&hellip;]\" \/>\n<meta property=\"og:url\" content=\"https:\/\/mapesolutions.com\/es\/allda-care-salud-corporativa\/\" \/>\n<meta property=\"og:site_name\" content=\"Mapes\" \/>\n<meta property=\"article:modified_time\" content=\"2022-02-03T14:35:08+00:00\" \/>\n<meta property=\"og:image\" content=\"https:\/\/espanol.mapesolutions.com\/wp-content\/uploads\/2021\/09\/Mapes-ALLdacare-Logo-300x147.png\" \/>\n<meta name=\"twitter:card\" content=\"summary_large_image\" \/>\n<meta name=\"twitter:label1\" content=\"Est. tempo de leitura\" \/>\n\t<meta name=\"twitter:data1\" content=\"1 minuto\" \/>\n<script type=\"application\/ld+json\" class=\"yoast-schema-graph\">{\"@context\":\"https:\\\/\\\/schema.org\",\"@graph\":[{\"@type\":\"WebPage\",\"@id\":\"https:\\\/\\\/mapesolutions.com\\\/es\\\/allda-care-salud-corporativa\\\/\",\"url\":\"https:\\\/\\\/mapesolutions.com\\\/es\\\/allda-care-salud-corporativa\\\/\",\"name\":\"ALLda Care (Salud Corporativa) - Mapes\",\"isPartOf\":{\"@id\":\"https:\\\/\\\/mapesolutions.com\\\/es\\\/#website\"},\"primaryImageOfPage\":{\"@id\":\"https:\\\/\\\/mapesolutions.com\\\/es\\\/allda-care-salud-corporativa\\\/#primaryimage\"},\"image\":{\"@id\":\"https:\\\/\\\/mapesolutions.com\\\/es\\\/allda-care-salud-corporativa\\\/#primaryimage\"},\"thumbnailUrl\":\"https:\\\/\\\/espanol.mapesolutions.com\\\/wp-content\\\/uploads\\\/2021\\\/09\\\/Mapes-ALLdacare-Logo-300x147.png\",\"datePublished\":\"2021-09-06T19:53:20+00:00\",\"dateModified\":\"2022-02-03T14:35:08+00:00\",\"breadcrumb\":{\"@id\":\"https:\\\/\\\/mapesolutions.com\\\/es\\\/allda-care-salud-corporativa\\\/#breadcrumb\"},\"inLanguage\":\"pt-BR\",\"potentialAction\":[{\"@type\":\"ReadAction\",\"target\":[\"https:\\\/\\\/mapesolutions.com\\\/es\\\/allda-care-salud-corporativa\\\/\"]}]},{\"@type\":\"ImageObject\",\"inLanguage\":\"pt-BR\",\"@id\":\"https:\\\/\\\/mapesolutions.com\\\/es\\\/allda-care-salud-corporativa\\\/#primaryimage\",\"url\":\"https:\\\/\\\/espanol.mapesolutions.com\\\/wp-content\\\/uploads\\\/2021\\\/09\\\/Mapes-ALLdacare-Logo-300x147.png\",\"contentUrl\":\"https:\\\/\\\/espanol.mapesolutions.com\\\/wp-content\\\/uploads\\\/2021\\\/09\\\/Mapes-ALLdacare-Logo-300x147.png\"},{\"@type\":\"BreadcrumbList\",\"@id\":\"https:\\\/\\\/mapesolutions.com\\\/es\\\/allda-care-salud-corporativa\\\/#breadcrumb\",\"itemListElement\":[{\"@type\":\"ListItem\",\"position\":1,\"name\":\"In\u00edcio\",\"item\":\"https:\\\/\\\/mapesolutions.com\\\/es\\\/\"},{\"@type\":\"ListItem\",\"position\":2,\"name\":\"ALLda Care (Salud Corporativa)\"}]},{\"@type\":\"WebSite\",\"@id\":\"https:\\\/\\\/mapesolutions.com\\\/es\\\/#website\",\"url\":\"https:\\\/\\\/mapesolutions.com\\\/es\\\/\",\"name\":\"Mapes\",\"description\":\"\",\"potentialAction\":[{\"@type\":\"SearchAction\",\"target\":{\"@type\":\"EntryPoint\",\"urlTemplate\":\"https:\\\/\\\/mapesolutions.com\\\/es\\\/?s={search_term_string}\"},\"query-input\":{\"@type\":\"PropertyValueSpecification\",\"valueRequired\":true,\"valueName\":\"search_term_string\"}}],\"inLanguage\":\"pt-BR\"}]}<\/script>\n<!-- \/ Yoast SEO plugin. -->","yoast_head_json":{"title":"ALLda Care (Salud Corporativa) - Mapes","robots":{"index":"index","follow":"follow","max-snippet":"max-snippet:-1","max-image-preview":"max-image-preview:large","max-video-preview":"max-video-preview:-1"},"canonical":"https:\/\/mapesolutions.com\/es\/allda-care-salud-corporativa\/","og_locale":"pt_BR","og_type":"article","og_title":"ALLda Care (Salud Corporativa) - Mapes","og_description":"Es una soluci\u00f3n para la salud corporativa. Abarca la atenci\u00f3n, la ciencia de datos y la atenci\u00f3n m\u00e9dica y la gesti\u00f3n de costos. ALLdaCare fue dise\u00f1ado para brindar una vida m\u00e1s saludable a todos los empleados de la empresa, sin descuidar la sostenibilidad financiera de la corporaci\u00f3n. Las ganancias provienen del procesamiento de datos, cl\u00ednicos [&hellip;]","og_url":"https:\/\/mapesolutions.com\/es\/allda-care-salud-corporativa\/","og_site_name":"Mapes","article_modified_time":"2022-02-03T14:35:08+00:00","og_image":[{"url":"https:\/\/espanol.mapesolutions.com\/wp-content\/uploads\/2021\/09\/Mapes-ALLdacare-Logo-300x147.png","type":"","width":"","height":""}],"twitter_card":"summary_large_image","twitter_misc":{"Est. tempo de leitura":"1 minuto"},"schema":{"@context":"https:\/\/schema.org","@graph":[{"@type":"WebPage","@id":"https:\/\/mapesolutions.com\/es\/allda-care-salud-corporativa\/","url":"https:\/\/mapesolutions.com\/es\/allda-care-salud-corporativa\/","name":"ALLda Care (Salud Corporativa) - Mapes","isPartOf":{"@id":"https:\/\/mapesolutions.com\/es\/#website"},"primaryImageOfPage":{"@id":"https:\/\/mapesolutions.com\/es\/allda-care-salud-corporativa\/#primaryimage"},"image":{"@id":"https:\/\/mapesolutions.com\/es\/allda-care-salud-corporativa\/#primaryimage"},"thumbnailUrl":"https:\/\/espanol.mapesolutions.com\/wp-content\/uploads\/2021\/09\/Mapes-ALLdacare-Logo-300x147.png","datePublished":"2021-09-06T19:53:20+00:00","dateModified":"2022-02-03T14:35:08+00:00","breadcrumb":{"@id":"https:\/\/mapesolutions.com\/es\/allda-care-salud-corporativa\/#breadcrumb"},"inLanguage":"pt-BR","potentialAction":[{"@type":"ReadAction","target":["https:\/\/mapesolutions.com\/es\/allda-care-salud-corporativa\/"]}]},{"@type":"ImageObject","inLanguage":"pt-BR","@id":"https:\/\/mapesolutions.com\/es\/allda-care-salud-corporativa\/#primaryimage","url":"https:\/\/espanol.mapesolutions.com\/wp-content\/uploads\/2021\/09\/Mapes-ALLdacare-Logo-300x147.png","contentUrl":"https:\/\/espanol.mapesolutions.com\/wp-content\/uploads\/2021\/09\/Mapes-ALLdacare-Logo-300x147.png"},{"@type":"BreadcrumbList","@id":"https:\/\/mapesolutions.com\/es\/allda-care-salud-corporativa\/#breadcrumb","itemListElement":[{"@type":"ListItem","position":1,"name":"In\u00edcio","item":"https:\/\/mapesolutions.com\/es\/"},{"@type":"ListItem","position":2,"name":"ALLda Care (Salud Corporativa)"}]},{"@type":"WebSite","@id":"https:\/\/mapesolutions.com\/es\/#website","url":"https:\/\/mapesolutions.com\/es\/","name":"Mapes","description":"","potentialAction":[{"@type":"SearchAction","target":{"@type":"EntryPoint","urlTemplate":"https:\/\/mapesolutions.com\/es\/?s={search_term_string}"},"query-input":{"@type":"PropertyValueSpecification","valueRequired":true,"valueName":"search_term_string"}}],"inLanguage":"pt-BR"}]}},"_links":{"self":[{"href":"https:\/\/mapesolutions.com\/es\/wp-json\/wp\/v2\/pages\/6093","targetHints":{"allow":["GET"]}}],"collection":[{"href":"https:\/\/mapesolutions.com\/es\/wp-json\/wp\/v2\/pages"}],"about":[{"href":"https:\/\/mapesolutions.com\/es\/wp-json\/wp\/v2\/types\/page"}],"author":[{"embeddable":true,"href":"https:\/\/mapesolutions.com\/es\/wp-json\/wp\/v2\/users\/7"}],"replies":[{"embeddable":true,"href":"https:\/\/mapesolutions.com\/es\/wp-json\/wp\/v2\/comments?post=6093"}],"version-history":[{"count":41,"href":"https:\/\/mapesolutions.com\/es\/wp-json\/wp\/v2\/pages\/6093\/revisions"}],"predecessor-version":[{"id":6660,"href":"https:\/\/mapesolutions.com\/es\/wp-json\/wp\/v2\/pages\/6093\/revisions\/6660"}],"wp:attachment":[{"href":"https:\/\/mapesolutions.com\/es\/wp-json\/wp\/v2\/media?parent=6093"}],"curies":[{"name":"wp","href":"https:\/\/api.w.org\/{rel}","templated":true}]}}