{"id":6083,"date":"2021-09-06T16:33:45","date_gmt":"2021-09-06T19:33:45","guid":{"rendered":"https:\/\/mapes.wsihost.com.br\/?page_id=6083"},"modified":"2021-11-03T16:24:01","modified_gmt":"2021-11-03T19:24:01","slug":"servicios-publicos","status":"publish","type":"page","link":"https:\/\/mapesolutions.com\/es\/servicios-publicos\/","title":{"rendered":"Servicios P\u00fablicos"},"content":{"rendered":"<p><section class=\"kc-elm kc-css-256366 kc_row\"><div class=\"kc-row-container  kc-container\"><div class=\"kc-wrap-columns\"><div class=\"kc-elm kc-css-522877 kc_col-sm-12 kc_column kc_col-sm-12\"><div class=\"kc-col-container\"><div class=\"kc-elm kc-css-382925\" style=\"height: 120px; clear: both; width:100%;\"><\/div><\/div><\/div><\/div><\/div><\/section><section class=\"kc-elm kc-css-278637 kc_row\"><div class=\"kc-row-container  kc-container\"><div class=\"kc-wrap-columns\"><div class=\"kc-elm kc-css-111360 kc_col-sm-12 kc_column kc_col-sm-12\"><div class=\"kc-col-container\">\t\r\r\t<div class=\"kc-elm kc-css-607164 \">\r\r\t\t<div class=\"section-title  t_center\">\r\t\t\t\t\t\t<h2>Servicios P\u00fablicos<\/h2>\r\t\t\t<h2><\/h2>\r\t\t\t\r\t\t\t\t\t\t\r\t\t\t\t\r\t\t\t\r\r\t\t\t\t\t\t\r\t\t\t\t\r\r\t\t<\/div>\t\r\r\t<\/div>\t\r\r\t<div class=\"kc-elm kc-css-338772\" style=\"height: 30px; clear: both; width:100%;\"><\/div><div class=\"kc-elm kc-css-593182 kc_row kc_row_inner\"><div class=\"kc-elm kc-css-518165 kc_col-sm-6 kc_column_inner kc_col-sm-6\"><div class=\"kc_wrapper kc-col-inner-container\"><div class=\"kc-elm kc-css-432013 kc-animated kc-animate-eff-bounceIn kc-feature-boxes kc-fb-layout-5\">\n\n\t<div class=\"content-title\">Visualiza\u00e7\u00e3o da Jornada e Gest\u00e3o dos Resultados<\/div><div class=\"content-desc\"><strong>Visualiza\u00e7\u00e3o da jornada assistencial e Gest\u00e3o o  Cuidado<\/strong>\r\n* Gesti\u00f3n de Poblaci\u00f3n <br>\r\n* Protocolizaci\u00f3n y Gesti\u00f3n de la Atenci\u00f3n <br>\r\n* Gesti\u00f3n de resultados cl\u00ednicos <br><br>\r\nSegmenta a tus pacientes, visualiza los niveles de riesgo, realiza un mejor seguimiento de la atenci\u00f3n y los resultados cl\u00ednicos. Selecciona m\u00e9tricas y paneles para monitorear el desempe\u00f1o de la asistencia. Obtenga informaci\u00f3n sobre varias medidas predefinidas para mejorar la salud de la poblaci\u00f3n del estudio.\r\n<\/div>\n<\/div>\n<\/div><\/div><div class=\"kc-elm kc-css-887076 kc_col-sm-6 kc_column_inner kc_col-sm-6\"><div class=\"kc_wrapper kc-col-inner-container\"><div class=\"kc-elm kc-css-271120 kc-animated kc-animate-eff-bounceIn kc-feature-boxes kc-fb-layout-5\">\n\n\t<div class=\"content-title\">Health Analytics<\/div><div class=\"content-desc\">* An\u00e1lisis Predictivas<br><br>\r\nAccesa, combina y analiza los datos sanitarios no s\u00f3lo para comprender el rendimiento pasado, sino tambi\u00e9n para generar ideas sobre lo que podr\u00eda ocurrir en el futuro. Identificar oportunidades para mejorar la calidad y reducir costos, planificar y ejecutar intervenciones de manera oportuna puede mejorar los resultados y prevenir costos innecesarios.<br>\r\nDesarrollar e incluir  <a href=\"https:\/\/espanol.mapesolutions.com\/data-analytcs\/\">\"Analytics\" en el proceso de toma de decisiones <\/a> es fundamental para lograr los objetivos establecidos para la Salud Basada en el Valor:<br><br>\r\n<li>Mejorar la salud \/ resultados cl\u00ednicos<\/li><br>\r\n<li>Mejorar la experiencia del paciente<\/li><br>\r\n<li>Reducir los costos de atenci\u00f3n<\/li><br>\r\n<\/div>\n<\/div>\n<\/div><\/div><\/div><div class=\"kc-elm kc-css-957454 kc-animated kc-animate-eff-bounceIn kc-feature-boxes kc-fb-layout-5\">\n\n\t<div class=\"content-title\">Gesti\u00f3n de Resultados Centrados en el Paciente<\/div><div class=\"content-desc\">* Colecci\u00f3n de PROM (Patient Reported Outcomes Measures) <br>\r\n* Colecci\u00f3n de PREM (Patient Reported Experience Measures)br> <br>\r\n\r\nMant\u00e9n a tus pacientes involucrados en tu atenci\u00f3n, cuanto mayor sea la participaci\u00f3n, mejores ser\u00e1n los resultados. \r\nLa Atenci\u00f3n de  <a href=\"https:\/\/espanol.mapesolutions.com\/vbhc\/\">Salud Basada en el Valor (VBHC)<\/a> se centra en maximizar el valor entregado y experimentado por los pacientes. Obtenga informaci\u00f3n directamente de los pacientes, mide los resultados y cierra las brechas de atenci\u00f3n en cada paso del camino.<\/div>\n<\/div>\n<div class=\"kc-elm kc-css-434482\" style=\"height: 30px; clear: both; width:100%;\"><\/div><\/div><\/div><\/div><\/div><\/section><\/p>\n","protected":false},"excerpt":{"rendered":"","protected":false},"author":7,"featured_media":0,"parent":0,"menu_order":0,"comment_status":"closed","ping_status":"closed","template":"","meta":{"footnotes":""},"class_list":["post-6083","page","type-page","status-publish","hentry"],"yoast_head":"<!-- This site is optimized with the Yoast SEO plugin v27.4 - https:\/\/yoast.com\/product\/yoast-seo-wordpress\/ -->\n<title>Servicios P\u00fablicos - Mapes<\/title>\n<meta name=\"robots\" content=\"index, follow, max-snippet:-1, max-image-preview:large, max-video-preview:-1\" \/>\n<link rel=\"canonical\" href=\"https:\/\/mapesolutions.com\/es\/servicios-publicos\/\" \/>\n<meta property=\"og:locale\" content=\"pt_BR\" \/>\n<meta property=\"og:type\" content=\"article\" \/>\n<meta property=\"og:title\" content=\"Servicios P\u00fablicos - Mapes\" \/>\n<meta property=\"og:description\" content=\"Servicios P\u00fablicos Visualiza\u00e7\u00e3o da Jornada e Gest\u00e3o dos Resultados Visualiza\u00e7\u00e3o da jornada assistencial e Gest\u00e3o o Cuidado * Gesti\u00f3n de Poblaci\u00f3n * Protocolizaci\u00f3n y Gesti\u00f3n de la Atenci\u00f3n * Gesti\u00f3n de resultados cl\u00ednicos Segmenta a tus pacientes, visualiza los niveles de riesgo, realiza un mejor seguimiento de la atenci\u00f3n y los resultados cl\u00ednicos. Selecciona m\u00e9tricas [&hellip;]\" \/>\n<meta property=\"og:url\" content=\"https:\/\/mapesolutions.com\/es\/servicios-publicos\/\" \/>\n<meta property=\"og:site_name\" content=\"Mapes\" \/>\n<meta property=\"article:modified_time\" content=\"2021-11-03T19:24:01+00:00\" \/>\n<meta name=\"twitter:card\" content=\"summary_large_image\" \/>\n<meta name=\"twitter:label1\" content=\"Est. tempo de leitura\" \/>\n\t<meta name=\"twitter:data1\" content=\"1 minuto\" \/>\n<script type=\"application\/ld+json\" class=\"yoast-schema-graph\">{\"@context\":\"https:\\\/\\\/schema.org\",\"@graph\":[{\"@type\":\"WebPage\",\"@id\":\"https:\\\/\\\/mapesolutions.com\\\/es\\\/servicios-publicos\\\/\",\"url\":\"https:\\\/\\\/mapesolutions.com\\\/es\\\/servicios-publicos\\\/\",\"name\":\"Servicios P\u00fablicos - Mapes\",\"isPartOf\":{\"@id\":\"https:\\\/\\\/mapesolutions.com\\\/es\\\/#website\"},\"datePublished\":\"2021-09-06T19:33:45+00:00\",\"dateModified\":\"2021-11-03T19:24:01+00:00\",\"breadcrumb\":{\"@id\":\"https:\\\/\\\/mapesolutions.com\\\/es\\\/servicios-publicos\\\/#breadcrumb\"},\"inLanguage\":\"pt-BR\",\"potentialAction\":[{\"@type\":\"ReadAction\",\"target\":[\"https:\\\/\\\/mapesolutions.com\\\/es\\\/servicios-publicos\\\/\"]}]},{\"@type\":\"BreadcrumbList\",\"@id\":\"https:\\\/\\\/mapesolutions.com\\\/es\\\/servicios-publicos\\\/#breadcrumb\",\"itemListElement\":[{\"@type\":\"ListItem\",\"position\":1,\"name\":\"In\u00edcio\",\"item\":\"https:\\\/\\\/mapesolutions.com\\\/es\\\/\"},{\"@type\":\"ListItem\",\"position\":2,\"name\":\"Servicios P\u00fablicos\"}]},{\"@type\":\"WebSite\",\"@id\":\"https:\\\/\\\/mapesolutions.com\\\/es\\\/#website\",\"url\":\"https:\\\/\\\/mapesolutions.com\\\/es\\\/\",\"name\":\"Mapes\",\"description\":\"\",\"potentialAction\":[{\"@type\":\"SearchAction\",\"target\":{\"@type\":\"EntryPoint\",\"urlTemplate\":\"https:\\\/\\\/mapesolutions.com\\\/es\\\/?s={search_term_string}\"},\"query-input\":{\"@type\":\"PropertyValueSpecification\",\"valueRequired\":true,\"valueName\":\"search_term_string\"}}],\"inLanguage\":\"pt-BR\"}]}<\/script>\n<!-- \/ Yoast SEO plugin. -->","yoast_head_json":{"title":"Servicios P\u00fablicos - Mapes","robots":{"index":"index","follow":"follow","max-snippet":"max-snippet:-1","max-image-preview":"max-image-preview:large","max-video-preview":"max-video-preview:-1"},"canonical":"https:\/\/mapesolutions.com\/es\/servicios-publicos\/","og_locale":"pt_BR","og_type":"article","og_title":"Servicios P\u00fablicos - Mapes","og_description":"Servicios P\u00fablicos Visualiza\u00e7\u00e3o da Jornada e Gest\u00e3o dos Resultados Visualiza\u00e7\u00e3o da jornada assistencial e Gest\u00e3o o Cuidado * Gesti\u00f3n de Poblaci\u00f3n * Protocolizaci\u00f3n y Gesti\u00f3n de la Atenci\u00f3n * Gesti\u00f3n de resultados cl\u00ednicos Segmenta a tus pacientes, visualiza los niveles de riesgo, realiza un mejor seguimiento de la atenci\u00f3n y los resultados cl\u00ednicos. Selecciona m\u00e9tricas [&hellip;]","og_url":"https:\/\/mapesolutions.com\/es\/servicios-publicos\/","og_site_name":"Mapes","article_modified_time":"2021-11-03T19:24:01+00:00","twitter_card":"summary_large_image","twitter_misc":{"Est. tempo de leitura":"1 minuto"},"schema":{"@context":"https:\/\/schema.org","@graph":[{"@type":"WebPage","@id":"https:\/\/mapesolutions.com\/es\/servicios-publicos\/","url":"https:\/\/mapesolutions.com\/es\/servicios-publicos\/","name":"Servicios P\u00fablicos - Mapes","isPartOf":{"@id":"https:\/\/mapesolutions.com\/es\/#website"},"datePublished":"2021-09-06T19:33:45+00:00","dateModified":"2021-11-03T19:24:01+00:00","breadcrumb":{"@id":"https:\/\/mapesolutions.com\/es\/servicios-publicos\/#breadcrumb"},"inLanguage":"pt-BR","potentialAction":[{"@type":"ReadAction","target":["https:\/\/mapesolutions.com\/es\/servicios-publicos\/"]}]},{"@type":"BreadcrumbList","@id":"https:\/\/mapesolutions.com\/es\/servicios-publicos\/#breadcrumb","itemListElement":[{"@type":"ListItem","position":1,"name":"In\u00edcio","item":"https:\/\/mapesolutions.com\/es\/"},{"@type":"ListItem","position":2,"name":"Servicios P\u00fablicos"}]},{"@type":"WebSite","@id":"https:\/\/mapesolutions.com\/es\/#website","url":"https:\/\/mapesolutions.com\/es\/","name":"Mapes","description":"","potentialAction":[{"@type":"SearchAction","target":{"@type":"EntryPoint","urlTemplate":"https:\/\/mapesolutions.com\/es\/?s={search_term_string}"},"query-input":{"@type":"PropertyValueSpecification","valueRequired":true,"valueName":"search_term_string"}}],"inLanguage":"pt-BR"}]}},"_links":{"self":[{"href":"https:\/\/mapesolutions.com\/es\/wp-json\/wp\/v2\/pages\/6083","targetHints":{"allow":["GET"]}}],"collection":[{"href":"https:\/\/mapesolutions.com\/es\/wp-json\/wp\/v2\/pages"}],"about":[{"href":"https:\/\/mapesolutions.com\/es\/wp-json\/wp\/v2\/types\/page"}],"author":[{"embeddable":true,"href":"https:\/\/mapesolutions.com\/es\/wp-json\/wp\/v2\/users\/7"}],"replies":[{"embeddable":true,"href":"https:\/\/mapesolutions.com\/es\/wp-json\/wp\/v2\/comments?post=6083"}],"version-history":[{"count":30,"href":"https:\/\/mapesolutions.com\/es\/wp-json\/wp\/v2\/pages\/6083\/revisions"}],"predecessor-version":[{"id":6619,"href":"https:\/\/mapesolutions.com\/es\/wp-json\/wp\/v2\/pages\/6083\/revisions\/6619"}],"wp:attachment":[{"href":"https:\/\/mapesolutions.com\/es\/wp-json\/wp\/v2\/media?parent=6083"}],"curies":[{"name":"wp","href":"https:\/\/api.w.org\/{rel}","templated":true}]}}