{"id":6068,"date":"2021-09-06T16:07:00","date_gmt":"2021-09-06T19:07:00","guid":{"rendered":"https:\/\/mapes.wsihost.com.br\/?page_id=6068"},"modified":"2021-11-03T16:12:02","modified_gmt":"2021-11-03T19:12:02","slug":"operadores","status":"publish","type":"page","link":"https:\/\/mapesolutions.com\/es\/operadores\/","title":{"rendered":"Operadores de Planes de Salud"},"content":{"rendered":"<p><section class=\"kc-elm kc-css-932705 kc_row\"><div class=\"kc-row-container  kc-container\"><div class=\"kc-wrap-columns\"><div class=\"kc-elm kc-css-348844 kc_col-sm-12 kc_column kc_col-sm-12\"><div class=\"kc-col-container\"><div class=\"kc-elm kc-css-843027\" style=\"height: 120px; clear: both; width:100%;\"><\/div><\/div><\/div><\/div><\/div><\/section><section class=\"kc-elm kc-css-59688 kc_row\"><div class=\"kc-row-container  kc-container\"><div class=\"kc-wrap-columns\"><div class=\"kc-elm kc-css-137353 kc_col-sm-12 kc_column kc_col-sm-12\"><div class=\"kc-col-container\">\t\r\r\t<div class=\"kc-elm kc-css-662032 \">\r\r\t\t<div class=\"section-title  t_center\">\r\t\t\t\t\t\t<h2>Operadores de Planes de Salud<\/h2>\r\t\t\t<h2><\/h2>\r\t\t\t\r\t\t\t\t\t\t\r\t\t\t\t\r\t\t\t\r\r\t\t\t\t\t\t\r\t\t\t\t\r\r\t\t<\/div>\t\r\r\t<\/div>\t\r\r\t<div class=\"kc-elm kc-css-623302\" style=\"height: 30px; clear: both; width:100%;\"><\/div><div class=\"kc-elm kc-css-121284 kc_row kc_row_inner\"><div class=\"kc-elm kc-css-6962 kc_col-sm-6 kc_column_inner kc_col-sm-6\"><div class=\"kc_wrapper kc-col-inner-container\"><div class=\"kc-elm kc-css-379522 kc-animated kc-animate-eff-bounceIn kc-feature-boxes kc-fb-layout-5\">\n\n\t<div class=\"content-title\">Evaluaci\u00f3n del Desempe\u00f1o del Proveedor<\/div><div class=\"content-desc\">* Visualizaci\u00f3n y Gesti\u00f3n de la Atenci\u00f3n <br>\r\n* Paciente \u2013 Gesti\u00f3n de Resultados  <br>\r\n* Modelado de contratos de valor <br><br>\r\nSupervisa el desempe\u00f1o de tus proveedores y act\u00faa para mejorar la atenci\u00f3n, la experiencia y la satisfacci\u00f3n de tus beneficiarios. Segmenta a tus beneficiarios y obt\u00e9n datos consolidados de tu experiencia y satisfacci\u00f3n con los proveedores.br>\r\n\r\nUtiliza indicadores de calidad para desarrollar y monitorear <a href=\"https:\/\/espanol.mapesolutions.com\/vbhc\/\">contratos basados en valores<\/a>, donde todos ganan.<\/div>\n<\/div>\n<\/div><\/div><div class=\"kc-elm kc-css-832368 kc_col-sm-6 kc_column_inner kc_col-sm-6\"><div class=\"kc_wrapper kc-col-inner-container\"><div class=\"kc-elm kc-css-928796 kc-animated kc-animate-eff-bounceIn kc-feature-boxes kc-fb-layout-5\">\n\n\t<div class=\"content-title\">Gesti\u00f3n de Siniestros <\/div><div class=\"content-desc\">* Gesti\u00f3n de Poblaci\u00f3n <br>\r\n* Gesti\u00f3n de Cr\u00f3nicos  <br>\r\n* Gesti\u00f3n de Costes Elevados <br><br>\r\nSegmente a sus beneficiarios, visualiza los niveles de riesgo, realiza un mejor seguimiento de los costos y toma medidas preventivas para reducir las reclamaciones. Conoce  <a href=\"https:\/\/espanol.mapesolutions.com\/allda-care-salud-corporativa\/\">AlldaCare<\/a> para identificar y monitorear a los pacientes cr\u00f3nicos, o aquellos con potencial, y as\u00ed actuar en la prevenci\u00f3n de la progresi\u00f3n de la enfermedad y en el manejo de tratamientos de alto costo.<\/div>\n<\/div>\n<\/div><\/div><\/div><div class=\"kc-elm kc-css-938951\" style=\"height: 30px; clear: both; width:100%;\"><\/div><div class=\"kc-elm kc-css-186897 kc_row kc_row_inner\"><div class=\"kc-elm kc-css-474006 kc_col-sm-6 kc_column_inner kc_col-sm-6\"><div class=\"kc_wrapper kc-col-inner-container\"><div class=\"kc-elm kc-css-15129 kc-animated kc-animate-eff-bounceIn kc-feature-boxes kc-fb-layout-5\">\n\n\t<div class=\"content-title\">Compras baseada em Valor<\/div><div class=\"content-desc\">* Econom\u00eda Compartida <br>\r\n* Riesgo Compartido <br>\r\n* Evaluaci\u00f3n y seguimiento de PBM <br><br>\r\nFortalecer las alianzas con los proveedores de medicamentos y sus proveedores para lograr una condici\u00f3n en la que todos ganen: Visibilidad del desempe\u00f1o de sus proveedores y resultados para los beneficiarios, menores costos para todos y contratos para tus proveedores. Establece y administra contratos basados en el desempe\u00f1o a trav\u00e9s de un conjunto unificado de datos recopilados directamente de los proveedores.<\/div>\n<\/div>\n<\/div><\/div><div class=\"kc-elm kc-css-335058 kc_col-sm-6 kc_column_inner kc_col-sm-6\"><div class=\"kc_wrapper kc-col-inner-container\"><div class=\"kc-elm kc-css-803614 kc-animated kc-animate-eff-bounceIn kc-feature-boxes kc-fb-layout-5\">\n\n\t<div class=\"content-title\">Health Analytics<\/div><div class=\"content-desc\">*An\u00e1lisis Predictivos <br><br>\r\nAcceda, combine y analice datos de salud para, adem\u00e1s de comprender el desempe\u00f1o pasado, generar informaci\u00f3n sobre lo que podr\u00eda suceder en el futuro. Identificar oportunidades para mejorar la calidad y reducir costos, planificar y ejecutar intervenciones de manera oportuna puede mejorar los resultados y prevenir costos innecesarios.\r\n\r\nDesarrollar e incluir  <a href=\"https:\/\/espanol.mapesolutions.com\/data-analytcs\/\">\"Analytics\" en el proceso de toma de decisiones <\/a> es fundamental para lograr los objetivos establecidos para la Salud Basada en el Valor:<br><br>\r\n<li>Mejorar la salud \/ resultados cl\u00ednicos<\/li><br>\r\n<li>Mejorar la experiencia del paciente<\/li><br>\r\n<li>Reducir los costos de atenci\u00f3n<\/li><br>\r\n<\/div>\n<\/div>\n<\/div><\/div><\/div><div class=\"kc-elm kc-css-408757\" style=\"height: 30px; clear: both; width:100%;\"><\/div><\/div><\/div><\/div><\/div><\/section><\/p>\n","protected":false},"excerpt":{"rendered":"","protected":false},"author":7,"featured_media":0,"parent":0,"menu_order":0,"comment_status":"closed","ping_status":"closed","template":"","meta":{"footnotes":""},"class_list":["post-6068","page","type-page","status-publish","hentry"],"yoast_head":"<!-- This site is optimized with the Yoast SEO plugin v27.4 - https:\/\/yoast.com\/product\/yoast-seo-wordpress\/ -->\n<title>Operadores de Planes de Salud - Mapes<\/title>\n<meta name=\"robots\" content=\"index, follow, max-snippet:-1, max-image-preview:large, max-video-preview:-1\" \/>\n<link rel=\"canonical\" href=\"https:\/\/mapesolutions.com\/es\/operadores\/\" \/>\n<meta property=\"og:locale\" content=\"pt_BR\" \/>\n<meta property=\"og:type\" content=\"article\" \/>\n<meta property=\"og:title\" content=\"Operadores de Planes de Salud - Mapes\" \/>\n<meta property=\"og:description\" content=\"Operadores de Planes de Salud Evaluaci\u00f3n del Desempe\u00f1o del Proveedor * Visualizaci\u00f3n y Gesti\u00f3n de la Atenci\u00f3n * Paciente \u2013 Gesti\u00f3n de Resultados * Modelado de contratos de valor Supervisa el desempe\u00f1o de tus proveedores y act\u00faa para mejorar la atenci\u00f3n, la experiencia y la satisfacci\u00f3n de tus beneficiarios. Segmenta a tus beneficiarios y obt\u00e9n [&hellip;]\" \/>\n<meta property=\"og:url\" content=\"https:\/\/mapesolutions.com\/es\/operadores\/\" \/>\n<meta property=\"og:site_name\" content=\"Mapes\" \/>\n<meta property=\"article:modified_time\" content=\"2021-11-03T19:12:02+00:00\" \/>\n<meta name=\"twitter:card\" content=\"summary_large_image\" \/>\n<meta name=\"twitter:label1\" content=\"Est. tempo de leitura\" \/>\n\t<meta name=\"twitter:data1\" content=\"2 minutos\" \/>\n<script type=\"application\/ld+json\" class=\"yoast-schema-graph\">{\"@context\":\"https:\\\/\\\/schema.org\",\"@graph\":[{\"@type\":\"WebPage\",\"@id\":\"https:\\\/\\\/mapesolutions.com\\\/es\\\/operadores\\\/\",\"url\":\"https:\\\/\\\/mapesolutions.com\\\/es\\\/operadores\\\/\",\"name\":\"Operadores de Planes de Salud - Mapes\",\"isPartOf\":{\"@id\":\"https:\\\/\\\/mapesolutions.com\\\/es\\\/#website\"},\"datePublished\":\"2021-09-06T19:07:00+00:00\",\"dateModified\":\"2021-11-03T19:12:02+00:00\",\"breadcrumb\":{\"@id\":\"https:\\\/\\\/mapesolutions.com\\\/es\\\/operadores\\\/#breadcrumb\"},\"inLanguage\":\"pt-BR\",\"potentialAction\":[{\"@type\":\"ReadAction\",\"target\":[\"https:\\\/\\\/mapesolutions.com\\\/es\\\/operadores\\\/\"]}]},{\"@type\":\"BreadcrumbList\",\"@id\":\"https:\\\/\\\/mapesolutions.com\\\/es\\\/operadores\\\/#breadcrumb\",\"itemListElement\":[{\"@type\":\"ListItem\",\"position\":1,\"name\":\"In\u00edcio\",\"item\":\"https:\\\/\\\/mapesolutions.com\\\/es\\\/\"},{\"@type\":\"ListItem\",\"position\":2,\"name\":\"Operadores de Planes de Salud\"}]},{\"@type\":\"WebSite\",\"@id\":\"https:\\\/\\\/mapesolutions.com\\\/es\\\/#website\",\"url\":\"https:\\\/\\\/mapesolutions.com\\\/es\\\/\",\"name\":\"Mapes\",\"description\":\"\",\"potentialAction\":[{\"@type\":\"SearchAction\",\"target\":{\"@type\":\"EntryPoint\",\"urlTemplate\":\"https:\\\/\\\/mapesolutions.com\\\/es\\\/?s={search_term_string}\"},\"query-input\":{\"@type\":\"PropertyValueSpecification\",\"valueRequired\":true,\"valueName\":\"search_term_string\"}}],\"inLanguage\":\"pt-BR\"}]}<\/script>\n<!-- \/ Yoast SEO plugin. -->","yoast_head_json":{"title":"Operadores de Planes de Salud - Mapes","robots":{"index":"index","follow":"follow","max-snippet":"max-snippet:-1","max-image-preview":"max-image-preview:large","max-video-preview":"max-video-preview:-1"},"canonical":"https:\/\/mapesolutions.com\/es\/operadores\/","og_locale":"pt_BR","og_type":"article","og_title":"Operadores de Planes de Salud - Mapes","og_description":"Operadores de Planes de Salud Evaluaci\u00f3n del Desempe\u00f1o del Proveedor * Visualizaci\u00f3n y Gesti\u00f3n de la Atenci\u00f3n * Paciente \u2013 Gesti\u00f3n de Resultados * Modelado de contratos de valor Supervisa el desempe\u00f1o de tus proveedores y act\u00faa para mejorar la atenci\u00f3n, la experiencia y la satisfacci\u00f3n de tus beneficiarios. Segmenta a tus beneficiarios y obt\u00e9n [&hellip;]","og_url":"https:\/\/mapesolutions.com\/es\/operadores\/","og_site_name":"Mapes","article_modified_time":"2021-11-03T19:12:02+00:00","twitter_card":"summary_large_image","twitter_misc":{"Est. tempo de leitura":"2 minutos"},"schema":{"@context":"https:\/\/schema.org","@graph":[{"@type":"WebPage","@id":"https:\/\/mapesolutions.com\/es\/operadores\/","url":"https:\/\/mapesolutions.com\/es\/operadores\/","name":"Operadores de Planes de Salud - Mapes","isPartOf":{"@id":"https:\/\/mapesolutions.com\/es\/#website"},"datePublished":"2021-09-06T19:07:00+00:00","dateModified":"2021-11-03T19:12:02+00:00","breadcrumb":{"@id":"https:\/\/mapesolutions.com\/es\/operadores\/#breadcrumb"},"inLanguage":"pt-BR","potentialAction":[{"@type":"ReadAction","target":["https:\/\/mapesolutions.com\/es\/operadores\/"]}]},{"@type":"BreadcrumbList","@id":"https:\/\/mapesolutions.com\/es\/operadores\/#breadcrumb","itemListElement":[{"@type":"ListItem","position":1,"name":"In\u00edcio","item":"https:\/\/mapesolutions.com\/es\/"},{"@type":"ListItem","position":2,"name":"Operadores de Planes de Salud"}]},{"@type":"WebSite","@id":"https:\/\/mapesolutions.com\/es\/#website","url":"https:\/\/mapesolutions.com\/es\/","name":"Mapes","description":"","potentialAction":[{"@type":"SearchAction","target":{"@type":"EntryPoint","urlTemplate":"https:\/\/mapesolutions.com\/es\/?s={search_term_string}"},"query-input":{"@type":"PropertyValueSpecification","valueRequired":true,"valueName":"search_term_string"}}],"inLanguage":"pt-BR"}]}},"_links":{"self":[{"href":"https:\/\/mapesolutions.com\/es\/wp-json\/wp\/v2\/pages\/6068","targetHints":{"allow":["GET"]}}],"collection":[{"href":"https:\/\/mapesolutions.com\/es\/wp-json\/wp\/v2\/pages"}],"about":[{"href":"https:\/\/mapesolutions.com\/es\/wp-json\/wp\/v2\/types\/page"}],"author":[{"embeddable":true,"href":"https:\/\/mapesolutions.com\/es\/wp-json\/wp\/v2\/users\/7"}],"replies":[{"embeddable":true,"href":"https:\/\/mapesolutions.com\/es\/wp-json\/wp\/v2\/comments?post=6068"}],"version-history":[{"count":24,"href":"https:\/\/mapesolutions.com\/es\/wp-json\/wp\/v2\/pages\/6068\/revisions"}],"predecessor-version":[{"id":6616,"href":"https:\/\/mapesolutions.com\/es\/wp-json\/wp\/v2\/pages\/6068\/revisions\/6616"}],"wp:attachment":[{"href":"https:\/\/mapesolutions.com\/es\/wp-json\/wp\/v2\/media?parent=6068"}],"curies":[{"name":"wp","href":"https:\/\/api.w.org\/{rel}","templated":true}]}}