{"id":6053,"date":"2021-09-06T15:42:33","date_gmt":"2021-09-06T18:42:33","guid":{"rendered":"https:\/\/mapes.wsihost.com.br\/?page_id=6053"},"modified":"2021-11-03T15:44:38","modified_gmt":"2021-11-03T18:44:38","slug":"proveedores-de-servicios-de-salud","status":"publish","type":"page","link":"https:\/\/mapesolutions.com\/es\/proveedores-de-servicios-de-salud\/","title":{"rendered":"Proveedores de Servicios de Salud"},"content":{"rendered":"<p><section class=\"kc-elm kc-css-319898 kc_row\"><div class=\"kc-row-container  kc-container\"><div class=\"kc-wrap-columns\"><div class=\"kc-elm kc-css-726631 kc_col-sm-12 kc_column kc_col-sm-12\"><div class=\"kc-col-container\"><div class=\"kc-elm kc-css-11447\" style=\"height: 120px; clear: both; width:100%;\"><\/div><\/div><\/div><\/div><\/div><\/section><section class=\"kc-elm kc-css-403634 kc_row\"><div class=\"kc-row-container  kc-container\"><div class=\"kc-wrap-columns\"><div class=\"kc-elm kc-css-215146 kc_col-sm-12 kc_column kc_col-sm-12\"><div class=\"kc-col-container\">\t\r\r\t<div class=\"kc-elm kc-css-280316 \">\r\r\t\t<div class=\"section-title  t_center\">\r\t\t\t\t\t\t<h2> Proveedores de Servicios de Salud<\/h2>\r\t\t\t<h2><\/h2>\r\t\t\t\r\t\t\t\t\t\t\r\t\t\t\t\r\t\t\t\r\r\t\t\t\t\t\t\r\t\t\t\t\r\r\t\t<\/div>\t\r\r\t<\/div>\t\r\r\t<div class=\"kc-elm kc-css-751872\" style=\"height: 30px; clear: both; width:100%;\"><\/div><div class=\"kc-elm kc-css-164840 kc_row kc_row_inner\"><div class=\"kc-elm kc-css-75242 kc_col-sm-6 kc_column_inner kc_col-sm-6\"><div class=\"kc_wrapper kc-col-inner-container\"><div class=\"kc-elm kc-css-796533 kc-animated kc-animate-eff-bounceIn kc-feature-boxes kc-fb-layout-5\">\n\n\t<div class=\"content-title\">Visualizaci\u00f3n del Viaje de Asistencia y la Gesti\u00f3n Asistencial<\/div><div class=\"content-desc\">*  Gesti\u00f3n de poblaci\u00f3n<br>\r\n*  Protocolizaci\u00f3n y gesti\u00f3n asistencialo<br>\r\n*  Gesti\u00f3n de resultados cl\u00ednicos<br><br>\r\nSegmenta a tus pacientes, visualiza los niveles de riesgo, realiza un mejor seguimiento de la atenci\u00f3n y los resultados cl\u00ednicos. Selecciona m\u00e9tricas y paneles para monitorear el desempe\u00f1o de la asistencia. Obtenga informaci\u00f3n sobre varias medidas predefinidas para mejorar la salud de la poblaci\u00f3n del estudio.\r\n<\/div>\n<\/div>\n<\/div><\/div><div class=\"kc-elm kc-css-93096 kc_col-sm-6 kc_column_inner kc_col-sm-6\"><div class=\"kc_wrapper kc-col-inner-container\"><div class=\"kc-elm kc-css-648097 kc-animated kc-animate-eff-bounceIn kc-feature-boxes kc-fb-layout-5\">\n\n\t<div class=\"content-title\">Gesti\u00f3n de Resultados Centrados en el Paciente<\/div><div class=\"content-desc\"><br>* Colecci\u00f3n de PROM (Patient Reported Outcomes Measures)<br>\r\n* Colecci\u00f3n de PREM (Patient Reported Experience Measures)<br><br>\r\n\r\nLa Atenci\u00f3n de <a href=\"https:\/\/espanol.mapesolutions.com\/vbhc\/\">Salud Basada en el Valor (VBHC)<\/a>se centra en maximizar el valor entregado y experimentado por los pacientes. Obt\u00e9n informaci\u00f3n de la <a href=\"https:\/\/espanol.mapesolutions.com\/recopilacion-y-analisis-de-experiencias-y-resultados-comunicados-por-el-paciente\/\">experiencia y los resultados informados por los pacientes<\/a>, eval\u00faa y cierra las brechas de atenci\u00f3n en cada paso del viaje. \r\nMant\u00e9n a tus pacientes involucrados en tu atenci\u00f3n, cuanto mayor sea la participaci\u00f3n, mejores ser\u00e1n los resultados.\r\n<\/div>\n<\/div>\n<\/div><\/div><\/div><div class=\"kc-elm kc-css-702005\" style=\"height: 30px; clear: both; width:100%;\"><\/div><div class=\"kc-elm kc-css-698812 kc_row kc_row_inner\"><div class=\"kc-elm kc-css-609723 kc_col-sm-6 kc_column_inner kc_col-sm-6\"><div class=\"kc_wrapper kc-col-inner-container\"><div class=\"kc-elm kc-css-815099 kc-animated kc-animate-eff-bounceIn kc-feature-boxes kc-fb-layout-5\">\n\n\t<div class=\"content-title\">Gesti\u00f3n de Costos<\/div><div class=\"content-desc\">* Costo del Viaje de Asistencia \u2013 TDABC <br>\r\n* Gesti\u00f3n de Cr\u00f3nicos  <br>\r\n* Costos Globales <br><br>\r\nAnaliza la utilizaci\u00f3n de recursos y los costos para reducir el riesgo y lograr mejores resultados de tus servicios. <a href=\"https:\/\/espanol.mapesolutions.com\/vbhc\/\">Utiliza TDABC (Time-Driven Activity-Based Costing)<\/a>, actualmente el m\u00e9todo con mayor sensibilidad a la complejidad de los servicios de salud, para comprender el uso unitario de los recursos por actividad, producto o paciente. Obtenga informaci\u00f3n sobre los principales infractores y las variaciones de costos para abordarlos y reducir el desperdicio.<\/div>\n<\/div>\n<\/div><\/div><div class=\"kc-elm kc-css-825894 kc_col-sm-6 kc_column_inner kc_col-sm-6\"><div class=\"kc_wrapper kc-col-inner-container\"><div class=\"kc-elm kc-css-271962 kc-animated kc-animate-eff-bounceIn kc-feature-boxes kc-fb-layout-5\">\n\n\t<div class=\"content-title\">Health Analytics<\/div><div class=\"content-desc\">* An\u00e1lisis Predictivos y Prescriptivos  <br>\r\n* Simulaci\u00f3n de contratos basados en valor <br><br>\r\n Acceda, combine y analice datos de salud para, adem\u00e1s de comprender el desempe\u00f1o pasado, generar informaci\u00f3n sobre lo que podr\u00eda suceder en el futuro. Identificar poblaciones e individuos en riesgo, planificar y ejecutar intervenciones de manera oportuna puede mejorar los resultados y prevenir costos innecesarios. Desarrollar e incluir <a href=\"https:\/\/espanol.mapesolutions.com\/data-analytcs\/\">\"Analytics\" en el proceso de toma de decisiones<\/a> es fundamental para lograr los objetivos establecidos para la salud basada en valores:<br><br>\r\n* Mejorar la salud \/ resultados cl\u00ednicos <br>\r\n* Mejorar la experiencia del paciente <br>\r\n* Reducir los costos de atenci\u00f3n<\/div>\n<\/div>\n<\/div><\/div><\/div><div class=\"kc-elm kc-css-549750\" style=\"height: 30px; clear: both; width:100%;\"><\/div><\/div><\/div><\/div><\/div><\/section><\/p>\n","protected":false},"excerpt":{"rendered":"","protected":false},"author":7,"featured_media":0,"parent":0,"menu_order":0,"comment_status":"closed","ping_status":"closed","template":"","meta":{"footnotes":""},"class_list":["post-6053","page","type-page","status-publish","hentry"],"yoast_head":"<!-- This site is optimized with the Yoast SEO plugin v27.4 - https:\/\/yoast.com\/product\/yoast-seo-wordpress\/ -->\n<title>Proveedores de Servicios de Salud - Mapes<\/title>\n<meta name=\"robots\" content=\"index, follow, max-snippet:-1, max-image-preview:large, max-video-preview:-1\" \/>\n<link rel=\"canonical\" href=\"https:\/\/mapesolutions.com\/es\/proveedores-de-servicios-de-salud\/\" \/>\n<meta property=\"og:locale\" content=\"pt_BR\" \/>\n<meta property=\"og:type\" content=\"article\" \/>\n<meta property=\"og:title\" content=\"Proveedores de Servicios de Salud - Mapes\" \/>\n<meta property=\"og:description\" content=\"Proveedores de Servicios de Salud Visualizaci\u00f3n del Viaje de Asistencia y la Gesti\u00f3n Asistencial * Gesti\u00f3n de poblaci\u00f3n * Protocolizaci\u00f3n y gesti\u00f3n asistencialo * Gesti\u00f3n de resultados cl\u00ednicos Segmenta a tus pacientes, visualiza los niveles de riesgo, realiza un mejor seguimiento de la atenci\u00f3n y los resultados cl\u00ednicos. Selecciona m\u00e9tricas y paneles para monitorear el [&hellip;]\" \/>\n<meta property=\"og:url\" content=\"https:\/\/mapesolutions.com\/es\/proveedores-de-servicios-de-salud\/\" \/>\n<meta property=\"og:site_name\" content=\"Mapes\" \/>\n<meta property=\"article:modified_time\" content=\"2021-11-03T18:44:38+00:00\" \/>\n<meta name=\"twitter:card\" content=\"summary_large_image\" \/>\n<meta name=\"twitter:label1\" content=\"Est. tempo de leitura\" \/>\n\t<meta name=\"twitter:data1\" content=\"2 minutos\" \/>\n<script type=\"application\/ld+json\" class=\"yoast-schema-graph\">{\"@context\":\"https:\\\/\\\/schema.org\",\"@graph\":[{\"@type\":\"WebPage\",\"@id\":\"https:\\\/\\\/mapesolutions.com\\\/es\\\/proveedores-de-servicios-de-salud\\\/\",\"url\":\"https:\\\/\\\/mapesolutions.com\\\/es\\\/proveedores-de-servicios-de-salud\\\/\",\"name\":\"Proveedores de Servicios de Salud - Mapes\",\"isPartOf\":{\"@id\":\"https:\\\/\\\/mapesolutions.com\\\/es\\\/#website\"},\"datePublished\":\"2021-09-06T18:42:33+00:00\",\"dateModified\":\"2021-11-03T18:44:38+00:00\",\"breadcrumb\":{\"@id\":\"https:\\\/\\\/mapesolutions.com\\\/es\\\/proveedores-de-servicios-de-salud\\\/#breadcrumb\"},\"inLanguage\":\"pt-BR\",\"potentialAction\":[{\"@type\":\"ReadAction\",\"target\":[\"https:\\\/\\\/mapesolutions.com\\\/es\\\/proveedores-de-servicios-de-salud\\\/\"]}]},{\"@type\":\"BreadcrumbList\",\"@id\":\"https:\\\/\\\/mapesolutions.com\\\/es\\\/proveedores-de-servicios-de-salud\\\/#breadcrumb\",\"itemListElement\":[{\"@type\":\"ListItem\",\"position\":1,\"name\":\"In\u00edcio\",\"item\":\"https:\\\/\\\/mapesolutions.com\\\/es\\\/\"},{\"@type\":\"ListItem\",\"position\":2,\"name\":\"Proveedores de Servicios de Salud\"}]},{\"@type\":\"WebSite\",\"@id\":\"https:\\\/\\\/mapesolutions.com\\\/es\\\/#website\",\"url\":\"https:\\\/\\\/mapesolutions.com\\\/es\\\/\",\"name\":\"Mapes\",\"description\":\"\",\"potentialAction\":[{\"@type\":\"SearchAction\",\"target\":{\"@type\":\"EntryPoint\",\"urlTemplate\":\"https:\\\/\\\/mapesolutions.com\\\/es\\\/?s={search_term_string}\"},\"query-input\":{\"@type\":\"PropertyValueSpecification\",\"valueRequired\":true,\"valueName\":\"search_term_string\"}}],\"inLanguage\":\"pt-BR\"}]}<\/script>\n<!-- \/ Yoast SEO plugin. -->","yoast_head_json":{"title":"Proveedores de Servicios de Salud - Mapes","robots":{"index":"index","follow":"follow","max-snippet":"max-snippet:-1","max-image-preview":"max-image-preview:large","max-video-preview":"max-video-preview:-1"},"canonical":"https:\/\/mapesolutions.com\/es\/proveedores-de-servicios-de-salud\/","og_locale":"pt_BR","og_type":"article","og_title":"Proveedores de Servicios de Salud - Mapes","og_description":"Proveedores de Servicios de Salud Visualizaci\u00f3n del Viaje de Asistencia y la Gesti\u00f3n Asistencial * Gesti\u00f3n de poblaci\u00f3n * Protocolizaci\u00f3n y gesti\u00f3n asistencialo * Gesti\u00f3n de resultados cl\u00ednicos Segmenta a tus pacientes, visualiza los niveles de riesgo, realiza un mejor seguimiento de la atenci\u00f3n y los resultados cl\u00ednicos. Selecciona m\u00e9tricas y paneles para monitorear el [&hellip;]","og_url":"https:\/\/mapesolutions.com\/es\/proveedores-de-servicios-de-salud\/","og_site_name":"Mapes","article_modified_time":"2021-11-03T18:44:38+00:00","twitter_card":"summary_large_image","twitter_misc":{"Est. tempo de leitura":"2 minutos"},"schema":{"@context":"https:\/\/schema.org","@graph":[{"@type":"WebPage","@id":"https:\/\/mapesolutions.com\/es\/proveedores-de-servicios-de-salud\/","url":"https:\/\/mapesolutions.com\/es\/proveedores-de-servicios-de-salud\/","name":"Proveedores de Servicios de Salud - Mapes","isPartOf":{"@id":"https:\/\/mapesolutions.com\/es\/#website"},"datePublished":"2021-09-06T18:42:33+00:00","dateModified":"2021-11-03T18:44:38+00:00","breadcrumb":{"@id":"https:\/\/mapesolutions.com\/es\/proveedores-de-servicios-de-salud\/#breadcrumb"},"inLanguage":"pt-BR","potentialAction":[{"@type":"ReadAction","target":["https:\/\/mapesolutions.com\/es\/proveedores-de-servicios-de-salud\/"]}]},{"@type":"BreadcrumbList","@id":"https:\/\/mapesolutions.com\/es\/proveedores-de-servicios-de-salud\/#breadcrumb","itemListElement":[{"@type":"ListItem","position":1,"name":"In\u00edcio","item":"https:\/\/mapesolutions.com\/es\/"},{"@type":"ListItem","position":2,"name":"Proveedores de Servicios de Salud"}]},{"@type":"WebSite","@id":"https:\/\/mapesolutions.com\/es\/#website","url":"https:\/\/mapesolutions.com\/es\/","name":"Mapes","description":"","potentialAction":[{"@type":"SearchAction","target":{"@type":"EntryPoint","urlTemplate":"https:\/\/mapesolutions.com\/es\/?s={search_term_string}"},"query-input":{"@type":"PropertyValueSpecification","valueRequired":true,"valueName":"search_term_string"}}],"inLanguage":"pt-BR"}]}},"_links":{"self":[{"href":"https:\/\/mapesolutions.com\/es\/wp-json\/wp\/v2\/pages\/6053","targetHints":{"allow":["GET"]}}],"collection":[{"href":"https:\/\/mapesolutions.com\/es\/wp-json\/wp\/v2\/pages"}],"about":[{"href":"https:\/\/mapesolutions.com\/es\/wp-json\/wp\/v2\/types\/page"}],"author":[{"embeddable":true,"href":"https:\/\/mapesolutions.com\/es\/wp-json\/wp\/v2\/users\/7"}],"replies":[{"embeddable":true,"href":"https:\/\/mapesolutions.com\/es\/wp-json\/wp\/v2\/comments?post=6053"}],"version-history":[{"count":33,"href":"https:\/\/mapesolutions.com\/es\/wp-json\/wp\/v2\/pages\/6053\/revisions"}],"predecessor-version":[{"id":6058,"href":"https:\/\/mapesolutions.com\/es\/wp-json\/wp\/v2\/pages\/6053\/revisions\/6058"}],"wp:attachment":[{"href":"https:\/\/mapesolutions.com\/es\/wp-json\/wp\/v2\/media?parent=6053"}],"curies":[{"name":"wp","href":"https:\/\/api.w.org\/{rel}","templated":true}]}}