{"id":5885,"date":"2021-07-20T09:32:48","date_gmt":"2021-07-20T12:32:48","guid":{"rendered":"http:\/\/mapes.wsihost.com.br\/?page_id=5885"},"modified":"2021-11-03T17:05:37","modified_gmt":"2021-11-03T20:05:37","slug":"outsourcing-de-equipo","status":"publish","type":"page","link":"https:\/\/mapesolutions.com\/es\/outsourcing-de-equipo\/","title":{"rendered":"Outsourcing de Equipo"},"content":{"rendered":"<section class=\"kc-elm kc-css-415931 kc_row\"><div class=\"kc-row-container  kc-container\"><div class=\"kc-wrap-columns\"><div class=\"kc-elm kc-css-719296 kc_col-sm-12 kc_column kc_col-sm-12\"><div class=\"kc-col-container\">\t\r\r\t<div class=\"kc-elm kc-css-874729 \">\r\r\t\t<div class=\"section-title  t_left\">\r\t\t\t\t\t\t\t<h5>Life Science<\/h5>\r\t\t\t\t\t\t<h2>Acceso al Mercado<\/h2>\r\t\t\t<h2> <span>Estudios Cl\u00ednicos<\/span><\/h2>\r\t\t\t\r\t\t\t\t\t\t\r\t\t\t\t\t\t\r\t\t\t\t<div class=\"em-bar-main\">\r\t\t\t\t\t<div class=\"em-bar em-bar-big\"><\/div>\r\t\t\t\t<\/div>\r\t\t\t\t\r\t\t\t\r\r\t\t\t\t\t\t\r\t\t\t\t\r\r\t\t<\/div>\t\r\r\t<\/div>\t\r\r\t<div class=\"kc-elm kc-css-264205 kc_text_block\"><\/p>\n<p>Hasta finales del siglo XX, la evidencia de seguridad y eficacia fue suficiente para el lanzamiento de una tecnolog\u00eda y el desarrollo de su mercado. Con el avance de nuevas tecnolog\u00edas con costos m\u00e1s altos y un presupuesto limitado y una perspectiva de cartera diversificada, el sector de la salud se est\u00e1 adaptando continuamente, as\u00ed como la necesidad de que los fabricantes de medicamentos\/dispositivos m\u00e9dicos puedan expandir sus operaciones a nivel mundial.<\/p>\n<p>En el escenario actual, el simple desarrollo de un medicamento o dispositivo innovador no cumple con el prop\u00f3sito de las empresas de Life Science. Deben asegurarse de que el medicamento\/dispositivo llegue al usuario final de la manera m\u00e1s r\u00e1pida y segura posible. Deben crear un valor real para los pacientes que lo necesitan. es fundamental acceder a los mercados donde existe el segmento de pacientes potenciales. Sin embargo, el acceso al mercado debe realizarse con cautela para aumentar el alcance del negocio y servir al prop\u00f3sito de las ciencias de la vida.<\/p>\n<p>As\u00ed, para suprimir esta nueva demanda del mercado, la industria de Ciencias de la Vida necesitaba reposicionarse creando el \u00e1rea de Acceso al Mercado para incluir profesionales que construyan estrategias y entreguen mensajes de valor a los m\u00faltiples actores del mercado institucional de la salud. De esta manera, nuestra estrategia apunta a diferenciar y posicionar la tecnolog\u00eda frente a las fuentes de pago disponibles en el mercado a trav\u00e9s de mensajes y comunicaciones asertivos para crear un flujo continuo en el viaje de asistencia a la estandarizaci\u00f3n.<\/p>\n<p>El equipo de MAPESolutions est\u00e1 compuesto por expertos de la industria farmac\u00e9utica, exgerentes, expertos en pol\u00edticas de la perspectiva p\u00fablico\/privada y estrategas experimentados que se encargar\u00e1n de comunicar los mensajes de valor con el fin de cumplir con los complejos requisitos de evidencia exigidos y anticiparse a los pagadores. barreras para obtener el reembolso, el precio y el acceso que desean. Nuestro equipo de expertos en Acceso al Mercado basado en las mejores pr\u00e1cticas de Evaluaci\u00f3n de Tecnolog\u00edas Sanitarias desarrollar\u00e1 discursos s\u00f3lidos, concisos y convincentes para dar forma al posicionamiento del pagador y superar cualquier objeci\u00f3n que provenga del pagador.<\/p>\n<p>\n<\/div><\/div><\/div><\/div><\/div><\/section>\n","protected":false},"excerpt":{"rendered":"","protected":false},"author":7,"featured_media":0,"parent":0,"menu_order":0,"comment_status":"closed","ping_status":"closed","template":"","meta":{"footnotes":""},"class_list":["post-5885","page","type-page","status-publish","hentry"],"yoast_head":"<!-- This site is optimized with the Yoast SEO plugin v27.4 - https:\/\/yoast.com\/product\/yoast-seo-wordpress\/ -->\n<title>Outsourcing de Equipo - Mapes<\/title>\n<meta name=\"robots\" content=\"index, follow, max-snippet:-1, max-image-preview:large, max-video-preview:-1\" \/>\n<link rel=\"canonical\" href=\"https:\/\/mapesolutions.com\/es\/outsourcing-de-equipo\/\" \/>\n<meta property=\"og:locale\" content=\"pt_BR\" \/>\n<meta property=\"og:type\" content=\"article\" \/>\n<meta property=\"og:title\" content=\"Outsourcing de Equipo - Mapes\" \/>\n<meta property=\"og:description\" content=\"Life Science Acceso al Mercado Estudios Cl\u00ednicos Hasta finales del siglo XX, la evidencia de seguridad y eficacia fue suficiente para el lanzamiento de una tecnolog\u00eda y el desarrollo de su mercado. Con el avance de nuevas tecnolog\u00edas con costos m\u00e1s altos y un presupuesto limitado y una perspectiva de cartera diversificada, el sector de [&hellip;]\" \/>\n<meta property=\"og:url\" content=\"https:\/\/mapesolutions.com\/es\/outsourcing-de-equipo\/\" \/>\n<meta property=\"og:site_name\" content=\"Mapes\" \/>\n<meta property=\"article:modified_time\" content=\"2021-11-03T20:05:37+00:00\" \/>\n<meta name=\"twitter:card\" content=\"summary_large_image\" \/>\n<meta name=\"twitter:label1\" content=\"Est. tempo de leitura\" \/>\n\t<meta name=\"twitter:data1\" content=\"1 minuto\" \/>\n<script type=\"application\/ld+json\" class=\"yoast-schema-graph\">{\"@context\":\"https:\\\/\\\/schema.org\",\"@graph\":[{\"@type\":\"WebPage\",\"@id\":\"https:\\\/\\\/mapesolutions.com\\\/es\\\/outsourcing-de-equipo\\\/\",\"url\":\"https:\\\/\\\/mapesolutions.com\\\/es\\\/outsourcing-de-equipo\\\/\",\"name\":\"Outsourcing de Equipo - Mapes\",\"isPartOf\":{\"@id\":\"https:\\\/\\\/mapesolutions.com\\\/es\\\/#website\"},\"datePublished\":\"2021-07-20T12:32:48+00:00\",\"dateModified\":\"2021-11-03T20:05:37+00:00\",\"breadcrumb\":{\"@id\":\"https:\\\/\\\/mapesolutions.com\\\/es\\\/outsourcing-de-equipo\\\/#breadcrumb\"},\"inLanguage\":\"pt-BR\",\"potentialAction\":[{\"@type\":\"ReadAction\",\"target\":[\"https:\\\/\\\/mapesolutions.com\\\/es\\\/outsourcing-de-equipo\\\/\"]}]},{\"@type\":\"BreadcrumbList\",\"@id\":\"https:\\\/\\\/mapesolutions.com\\\/es\\\/outsourcing-de-equipo\\\/#breadcrumb\",\"itemListElement\":[{\"@type\":\"ListItem\",\"position\":1,\"name\":\"In\u00edcio\",\"item\":\"https:\\\/\\\/mapesolutions.com\\\/es\\\/\"},{\"@type\":\"ListItem\",\"position\":2,\"name\":\"Outsourcing de Equipo\"}]},{\"@type\":\"WebSite\",\"@id\":\"https:\\\/\\\/mapesolutions.com\\\/es\\\/#website\",\"url\":\"https:\\\/\\\/mapesolutions.com\\\/es\\\/\",\"name\":\"Mapes\",\"description\":\"\",\"potentialAction\":[{\"@type\":\"SearchAction\",\"target\":{\"@type\":\"EntryPoint\",\"urlTemplate\":\"https:\\\/\\\/mapesolutions.com\\\/es\\\/?s={search_term_string}\"},\"query-input\":{\"@type\":\"PropertyValueSpecification\",\"valueRequired\":true,\"valueName\":\"search_term_string\"}}],\"inLanguage\":\"pt-BR\"}]}<\/script>\n<!-- \/ Yoast SEO plugin. -->","yoast_head_json":{"title":"Outsourcing de Equipo - Mapes","robots":{"index":"index","follow":"follow","max-snippet":"max-snippet:-1","max-image-preview":"max-image-preview:large","max-video-preview":"max-video-preview:-1"},"canonical":"https:\/\/mapesolutions.com\/es\/outsourcing-de-equipo\/","og_locale":"pt_BR","og_type":"article","og_title":"Outsourcing de Equipo - Mapes","og_description":"Life Science Acceso al Mercado Estudios Cl\u00ednicos Hasta finales del siglo XX, la evidencia de seguridad y eficacia fue suficiente para el lanzamiento de una tecnolog\u00eda y el desarrollo de su mercado. Con el avance de nuevas tecnolog\u00edas con costos m\u00e1s altos y un presupuesto limitado y una perspectiva de cartera diversificada, el sector de [&hellip;]","og_url":"https:\/\/mapesolutions.com\/es\/outsourcing-de-equipo\/","og_site_name":"Mapes","article_modified_time":"2021-11-03T20:05:37+00:00","twitter_card":"summary_large_image","twitter_misc":{"Est. tempo de leitura":"1 minuto"},"schema":{"@context":"https:\/\/schema.org","@graph":[{"@type":"WebPage","@id":"https:\/\/mapesolutions.com\/es\/outsourcing-de-equipo\/","url":"https:\/\/mapesolutions.com\/es\/outsourcing-de-equipo\/","name":"Outsourcing de Equipo - Mapes","isPartOf":{"@id":"https:\/\/mapesolutions.com\/es\/#website"},"datePublished":"2021-07-20T12:32:48+00:00","dateModified":"2021-11-03T20:05:37+00:00","breadcrumb":{"@id":"https:\/\/mapesolutions.com\/es\/outsourcing-de-equipo\/#breadcrumb"},"inLanguage":"pt-BR","potentialAction":[{"@type":"ReadAction","target":["https:\/\/mapesolutions.com\/es\/outsourcing-de-equipo\/"]}]},{"@type":"BreadcrumbList","@id":"https:\/\/mapesolutions.com\/es\/outsourcing-de-equipo\/#breadcrumb","itemListElement":[{"@type":"ListItem","position":1,"name":"In\u00edcio","item":"https:\/\/mapesolutions.com\/es\/"},{"@type":"ListItem","position":2,"name":"Outsourcing de Equipo"}]},{"@type":"WebSite","@id":"https:\/\/mapesolutions.com\/es\/#website","url":"https:\/\/mapesolutions.com\/es\/","name":"Mapes","description":"","potentialAction":[{"@type":"SearchAction","target":{"@type":"EntryPoint","urlTemplate":"https:\/\/mapesolutions.com\/es\/?s={search_term_string}"},"query-input":{"@type":"PropertyValueSpecification","valueRequired":true,"valueName":"search_term_string"}}],"inLanguage":"pt-BR"}]}},"_links":{"self":[{"href":"https:\/\/mapesolutions.com\/es\/wp-json\/wp\/v2\/pages\/5885","targetHints":{"allow":["GET"]}}],"collection":[{"href":"https:\/\/mapesolutions.com\/es\/wp-json\/wp\/v2\/pages"}],"about":[{"href":"https:\/\/mapesolutions.com\/es\/wp-json\/wp\/v2\/types\/page"}],"author":[{"embeddable":true,"href":"https:\/\/mapesolutions.com\/es\/wp-json\/wp\/v2\/users\/7"}],"replies":[{"embeddable":true,"href":"https:\/\/mapesolutions.com\/es\/wp-json\/wp\/v2\/comments?post=5885"}],"version-history":[{"count":2,"href":"https:\/\/mapesolutions.com\/es\/wp-json\/wp\/v2\/pages\/5885\/revisions"}],"predecessor-version":[{"id":6635,"href":"https:\/\/mapesolutions.com\/es\/wp-json\/wp\/v2\/pages\/5885\/revisions\/6635"}],"wp:attachment":[{"href":"https:\/\/mapesolutions.com\/es\/wp-json\/wp\/v2\/media?parent=5885"}],"curies":[{"name":"wp","href":"https:\/\/api.w.org\/{rel}","templated":true}]}}