{"id":5882,"date":"2021-07-20T09:27:01","date_gmt":"2021-07-20T12:27:01","guid":{"rendered":"http:\/\/mapes.wsihost.com.br\/?page_id=5882"},"modified":"2021-11-03T17:22:14","modified_gmt":"2021-11-03T20:22:14","slug":"carga-clinica-y-economica-de-la-enfermedad","status":"publish","type":"page","link":"https:\/\/mapesolutions.com\/es\/carga-clinica-y-economica-de-la-enfermedad\/","title":{"rendered":"Carga Cl\u00ednica y Econ\u00f3mica de la Enfermedad"},"content":{"rendered":"<section class=\"kc-elm kc-css-13551 kc_row\"><div class=\"kc-row-container  kc-container\"><div class=\"kc-wrap-columns\"><div class=\"kc-elm kc-css-157024 kc_col-sm-12 kc_column kc_col-sm-12\"><div class=\"kc-col-container\">\t\r\r\t<div class=\"kc-elm kc-css-807808 \">\r\r\t\t<div class=\"section-title  t_left\">\r\t\t\t\t\t\t\t<h5>Life Science<\/h5>\r\t\t\t\t\t\t<h2>HEOR y Pricing<\/h2>\r\t\t\t<h2> <span>Carga Cl\u00ednica y Econ\u00f3mica de la Enfermedad<\/span><\/h2>\r\t\t\t\r\t\t\t\t\t\t\r\t\t\t\t\t\t\r\t\t\t\t<div class=\"em-bar-main\">\r\t\t\t\t\t<div class=\"em-bar em-bar-big\"><\/div>\r\t\t\t\t<\/div>\r\t\t\t\t\r\t\t\t\r\r\t\t\t\t\t\t\r\t\t\t\t\r\r\t\t<\/div>\t\r\r\t<\/div>\t\r\r\t<div class=\"kc-elm kc-css-605557 kc_text_block\"><\/p>\n<p>Los estudios de carga de enfermedad son fundamentales para concienciar sobre el impacto que una determinada condici\u00f3n de salud tiene en la sociedad. Los resultados de los estudios abordan tanto la carga econ\u00f3mica como cl\u00ednica de esta afecci\u00f3n y se pueden presentar a administradores, m\u00e9dicos y otras partes interesadas del sistema de salud para ayudar en la toma de decisiones. <\/p>\n<p>Tambi\u00e9n es posible realizar modelos que predigan el efecto de una determinada tecnolog\u00eda sobre la carga de esta condici\u00f3n de salud.<br \/>\nEl estudio de carga cl\u00ednica de enfermedad es un an\u00e1lisis relacionado con la cuantificaci\u00f3n de los a\u00f1os de vida ajustados por discapacidad (disability-adjusted life years, o DALY) perdidos asociados con la enfermedad en cuesti\u00f3n. La medici\u00f3n de DALY se basa en la premisa de que cada individuo tiene una cierta esperanza de vida al nacer, es decir, la cantidad de a\u00f1os de vida esperados con potencial para un estado de salud \u00f3ptimo, sin embargo, existen p\u00e9rdidas de a\u00f1os de vida (muerte temprana) o reducci\u00f3n de la calidad de vida debido a la discapacidad debida a una enfermedad (DEVLEESSCHAUWER et al., 2014a). As\u00ed, DALY es una unidad que resulta de la suma de a\u00f1os perdidos por muerte prematura (a\u00f1os de vida perdidos, YLL) y a\u00f1os vividos con discapacidad (YLD), combinando mortalidad y morbilidad. As\u00ed, los estudios de carga de enfermedad cubren una cuantificaci\u00f3n amplia del impacto f\u00edsico, psicol\u00f3gico y social de la enfermedad, es decir, no se limitan a la ausencia o presencia de la enfermedad.<\/p>\n<p>Para evaluar la carga econ\u00f3mica de la condici\u00f3n de salud, se eval\u00faan dos par\u00e1metros; los costos directos e indirectos de esta condici\u00f3n. Los costos m\u00e9dicos directos son aquellos que se refieren a la propia intervenci\u00f3n m\u00e9dica, como medicamentos, cirug\u00edas, hospitalizaciones, consultas, ex\u00e1menes, etc. Los costos indirectos son los relacionados con la p\u00e9rdida de productividad, que se miden por el ausentismo y el presentismo.<\/p>\n<p>\n<\/div><\/div><\/div><\/div><\/div><\/section>\n","protected":false},"excerpt":{"rendered":"","protected":false},"author":7,"featured_media":0,"parent":0,"menu_order":0,"comment_status":"closed","ping_status":"closed","template":"","meta":{"footnotes":""},"class_list":["post-5882","page","type-page","status-publish","hentry"],"yoast_head":"<!-- This site is optimized with the Yoast SEO plugin v27.4 - https:\/\/yoast.com\/product\/yoast-seo-wordpress\/ -->\n<title>Carga Cl\u00ednica y Econ\u00f3mica de la Enfermedad - Mapes<\/title>\n<meta name=\"robots\" content=\"index, follow, max-snippet:-1, max-image-preview:large, max-video-preview:-1\" \/>\n<link rel=\"canonical\" href=\"https:\/\/mapesolutions.com\/es\/carga-clinica-y-economica-de-la-enfermedad\/\" \/>\n<meta property=\"og:locale\" content=\"pt_BR\" \/>\n<meta property=\"og:type\" content=\"article\" \/>\n<meta property=\"og:title\" content=\"Carga Cl\u00ednica y Econ\u00f3mica de la Enfermedad - Mapes\" \/>\n<meta property=\"og:description\" content=\"Life Science HEOR y Pricing Carga Cl\u00ednica y Econ\u00f3mica de la Enfermedad Los estudios de carga de enfermedad son fundamentales para concienciar sobre el impacto que una determinada condici\u00f3n de salud tiene en la sociedad. Los resultados de los estudios abordan tanto la carga econ\u00f3mica como cl\u00ednica de esta afecci\u00f3n y se pueden presentar a [&hellip;]\" \/>\n<meta property=\"og:url\" content=\"https:\/\/mapesolutions.com\/es\/carga-clinica-y-economica-de-la-enfermedad\/\" \/>\n<meta property=\"og:site_name\" content=\"Mapes\" \/>\n<meta property=\"article:modified_time\" content=\"2021-11-03T20:22:14+00:00\" \/>\n<meta name=\"twitter:card\" content=\"summary_large_image\" \/>\n<meta name=\"twitter:label1\" content=\"Est. tempo de leitura\" \/>\n\t<meta name=\"twitter:data1\" content=\"1 minuto\" \/>\n<script type=\"application\/ld+json\" class=\"yoast-schema-graph\">{\"@context\":\"https:\\\/\\\/schema.org\",\"@graph\":[{\"@type\":\"WebPage\",\"@id\":\"https:\\\/\\\/mapesolutions.com\\\/es\\\/carga-clinica-y-economica-de-la-enfermedad\\\/\",\"url\":\"https:\\\/\\\/mapesolutions.com\\\/es\\\/carga-clinica-y-economica-de-la-enfermedad\\\/\",\"name\":\"Carga Cl\u00ednica y Econ\u00f3mica de la Enfermedad - Mapes\",\"isPartOf\":{\"@id\":\"https:\\\/\\\/mapesolutions.com\\\/es\\\/#website\"},\"datePublished\":\"2021-07-20T12:27:01+00:00\",\"dateModified\":\"2021-11-03T20:22:14+00:00\",\"breadcrumb\":{\"@id\":\"https:\\\/\\\/mapesolutions.com\\\/es\\\/carga-clinica-y-economica-de-la-enfermedad\\\/#breadcrumb\"},\"inLanguage\":\"pt-BR\",\"potentialAction\":[{\"@type\":\"ReadAction\",\"target\":[\"https:\\\/\\\/mapesolutions.com\\\/es\\\/carga-clinica-y-economica-de-la-enfermedad\\\/\"]}]},{\"@type\":\"BreadcrumbList\",\"@id\":\"https:\\\/\\\/mapesolutions.com\\\/es\\\/carga-clinica-y-economica-de-la-enfermedad\\\/#breadcrumb\",\"itemListElement\":[{\"@type\":\"ListItem\",\"position\":1,\"name\":\"In\u00edcio\",\"item\":\"https:\\\/\\\/mapesolutions.com\\\/es\\\/\"},{\"@type\":\"ListItem\",\"position\":2,\"name\":\"Carga Cl\u00ednica y Econ\u00f3mica de la Enfermedad\"}]},{\"@type\":\"WebSite\",\"@id\":\"https:\\\/\\\/mapesolutions.com\\\/es\\\/#website\",\"url\":\"https:\\\/\\\/mapesolutions.com\\\/es\\\/\",\"name\":\"Mapes\",\"description\":\"\",\"potentialAction\":[{\"@type\":\"SearchAction\",\"target\":{\"@type\":\"EntryPoint\",\"urlTemplate\":\"https:\\\/\\\/mapesolutions.com\\\/es\\\/?s={search_term_string}\"},\"query-input\":{\"@type\":\"PropertyValueSpecification\",\"valueRequired\":true,\"valueName\":\"search_term_string\"}}],\"inLanguage\":\"pt-BR\"}]}<\/script>\n<!-- \/ Yoast SEO plugin. -->","yoast_head_json":{"title":"Carga Cl\u00ednica y Econ\u00f3mica de la Enfermedad - Mapes","robots":{"index":"index","follow":"follow","max-snippet":"max-snippet:-1","max-image-preview":"max-image-preview:large","max-video-preview":"max-video-preview:-1"},"canonical":"https:\/\/mapesolutions.com\/es\/carga-clinica-y-economica-de-la-enfermedad\/","og_locale":"pt_BR","og_type":"article","og_title":"Carga Cl\u00ednica y Econ\u00f3mica de la Enfermedad - Mapes","og_description":"Life Science HEOR y Pricing Carga Cl\u00ednica y Econ\u00f3mica de la Enfermedad Los estudios de carga de enfermedad son fundamentales para concienciar sobre el impacto que una determinada condici\u00f3n de salud tiene en la sociedad. Los resultados de los estudios abordan tanto la carga econ\u00f3mica como cl\u00ednica de esta afecci\u00f3n y se pueden presentar a [&hellip;]","og_url":"https:\/\/mapesolutions.com\/es\/carga-clinica-y-economica-de-la-enfermedad\/","og_site_name":"Mapes","article_modified_time":"2021-11-03T20:22:14+00:00","twitter_card":"summary_large_image","twitter_misc":{"Est. tempo de leitura":"1 minuto"},"schema":{"@context":"https:\/\/schema.org","@graph":[{"@type":"WebPage","@id":"https:\/\/mapesolutions.com\/es\/carga-clinica-y-economica-de-la-enfermedad\/","url":"https:\/\/mapesolutions.com\/es\/carga-clinica-y-economica-de-la-enfermedad\/","name":"Carga Cl\u00ednica y Econ\u00f3mica de la Enfermedad - Mapes","isPartOf":{"@id":"https:\/\/mapesolutions.com\/es\/#website"},"datePublished":"2021-07-20T12:27:01+00:00","dateModified":"2021-11-03T20:22:14+00:00","breadcrumb":{"@id":"https:\/\/mapesolutions.com\/es\/carga-clinica-y-economica-de-la-enfermedad\/#breadcrumb"},"inLanguage":"pt-BR","potentialAction":[{"@type":"ReadAction","target":["https:\/\/mapesolutions.com\/es\/carga-clinica-y-economica-de-la-enfermedad\/"]}]},{"@type":"BreadcrumbList","@id":"https:\/\/mapesolutions.com\/es\/carga-clinica-y-economica-de-la-enfermedad\/#breadcrumb","itemListElement":[{"@type":"ListItem","position":1,"name":"In\u00edcio","item":"https:\/\/mapesolutions.com\/es\/"},{"@type":"ListItem","position":2,"name":"Carga Cl\u00ednica y Econ\u00f3mica de la Enfermedad"}]},{"@type":"WebSite","@id":"https:\/\/mapesolutions.com\/es\/#website","url":"https:\/\/mapesolutions.com\/es\/","name":"Mapes","description":"","potentialAction":[{"@type":"SearchAction","target":{"@type":"EntryPoint","urlTemplate":"https:\/\/mapesolutions.com\/es\/?s={search_term_string}"},"query-input":{"@type":"PropertyValueSpecification","valueRequired":true,"valueName":"search_term_string"}}],"inLanguage":"pt-BR"}]}},"_links":{"self":[{"href":"https:\/\/mapesolutions.com\/es\/wp-json\/wp\/v2\/pages\/5882","targetHints":{"allow":["GET"]}}],"collection":[{"href":"https:\/\/mapesolutions.com\/es\/wp-json\/wp\/v2\/pages"}],"about":[{"href":"https:\/\/mapesolutions.com\/es\/wp-json\/wp\/v2\/types\/page"}],"author":[{"embeddable":true,"href":"https:\/\/mapesolutions.com\/es\/wp-json\/wp\/v2\/users\/7"}],"replies":[{"embeddable":true,"href":"https:\/\/mapesolutions.com\/es\/wp-json\/wp\/v2\/comments?post=5882"}],"version-history":[{"count":3,"href":"https:\/\/mapesolutions.com\/es\/wp-json\/wp\/v2\/pages\/5882\/revisions"}],"predecessor-version":[{"id":6653,"href":"https:\/\/mapesolutions.com\/es\/wp-json\/wp\/v2\/pages\/5882\/revisions\/6653"}],"wp:attachment":[{"href":"https:\/\/mapesolutions.com\/es\/wp-json\/wp\/v2\/media?parent=5882"}],"curies":[{"name":"wp","href":"https:\/\/api.w.org\/{rel}","templated":true}]}}