{"id":5880,"date":"2021-07-20T09:25:56","date_gmt":"2021-07-20T12:25:56","guid":{"rendered":"http:\/\/mapes.wsihost.com.br\/?page_id=5880"},"modified":"2021-11-03T17:20:45","modified_gmt":"2021-11-03T20:20:45","slug":"documento-de-informacion-de-precio-cmed","status":"publish","type":"page","link":"https:\/\/mapesolutions.com\/es\/documento-de-informacion-de-precio-cmed\/","title":{"rendered":"Documento de Informaci\u00f3n de Precio CMED"},"content":{"rendered":"<section class=\"kc-elm kc-css-361479 kc_row\"><div class=\"kc-row-container  kc-container\"><div class=\"kc-wrap-columns\"><div class=\"kc-elm kc-css-260135 kc_col-sm-12 kc_column kc_col-sm-12\"><div class=\"kc-col-container\">\t\r\r\t<div class=\"kc-elm kc-css-73863 \">\r\r\t\t<div class=\"section-title  t_left\">\r\t\t\t\t\t\t\t<h5>Life Science<\/h5>\r\t\t\t\t\t\t<h2>HEOR y Pricing<\/h2>\r\t\t\t<h2> <span>Documento de Informaci\u00f3n de Precio CMED<\/span><\/h2>\r\t\t\t\r\t\t\t\t\t\t\r\t\t\t\t\t\t\r\t\t\t\t<div class=\"em-bar-main\">\r\t\t\t\t\t<div class=\"em-bar em-bar-big\"><\/div>\r\t\t\t\t<\/div>\r\t\t\t\t\r\t\t\t\r\r\t\t\t\t\t\t\r\t\t\t\t\r\r\t\t<\/div>\t\r\r\t<\/div>\t\r\r\t<div class=\"kc-elm kc-css-895829 kc_text_block\"><\/p>\n<p>El Dossier de Informaci\u00f3n de Precios es un elemento central en la fijaci\u00f3n de precios de nuevos medicamentos en el territorio nacional. El equipo de MAPESolutions es sensible a este paso muy importante en el lanzamiento de nuevos productos. Para ello, en todos los proyectos realizamos un importante diagn\u00f3stico situacional, identificando todas las posibilidades de categorizaci\u00f3n de acuerdo con la legislaci\u00f3n vigente. Una vez consolidada esta etapa, se discuten todas las formas posibles y sus respectivos riesgos para la justificaci\u00f3n de la fijaci\u00f3n de precios. Aliado al s\u00f3lido conocimiento de ETS, nuestro equipo elabora un DIP robusto tanto desde el punto de vista t\u00e9cnico-cient\u00edfico como en lo que respecta a la l\u00f3gica estrat\u00e9gica del lanzamiento del producto. Nuestro servicio proporcionado solo termina al final del precio. Es decir, damos todo el sustento del expediente en el sistema SAMMED, pasando por todos los tr\u00e1mites del CMED, hasta la decisi\u00f3n final del organismo.<\/p>\n<p>\n<\/div><\/div><\/div><\/div><\/div><\/section>\n","protected":false},"excerpt":{"rendered":"","protected":false},"author":7,"featured_media":0,"parent":0,"menu_order":0,"comment_status":"closed","ping_status":"closed","template":"","meta":{"footnotes":""},"class_list":["post-5880","page","type-page","status-publish","hentry"],"yoast_head":"<!-- This site is optimized with the Yoast SEO plugin v27.4 - https:\/\/yoast.com\/product\/yoast-seo-wordpress\/ -->\n<title>Documento de Informaci\u00f3n de Precio CMED - Mapes<\/title>\n<meta name=\"robots\" content=\"index, follow, max-snippet:-1, max-image-preview:large, max-video-preview:-1\" \/>\n<link rel=\"canonical\" href=\"https:\/\/mapesolutions.com\/es\/documento-de-informacion-de-precio-cmed\/\" \/>\n<meta property=\"og:locale\" content=\"pt_BR\" \/>\n<meta property=\"og:type\" content=\"article\" \/>\n<meta property=\"og:title\" content=\"Documento de Informaci\u00f3n de Precio CMED - Mapes\" \/>\n<meta property=\"og:description\" content=\"Life Science HEOR y Pricing Documento de Informaci\u00f3n de Precio CMED El Dossier de Informaci\u00f3n de Precios es un elemento central en la fijaci\u00f3n de precios de nuevos medicamentos en el territorio nacional. El equipo de MAPESolutions es sensible a este paso muy importante en el lanzamiento de nuevos productos. Para ello, en todos los [&hellip;]\" \/>\n<meta property=\"og:url\" content=\"https:\/\/mapesolutions.com\/es\/documento-de-informacion-de-precio-cmed\/\" \/>\n<meta property=\"og:site_name\" content=\"Mapes\" \/>\n<meta property=\"article:modified_time\" content=\"2021-11-03T20:20:45+00:00\" \/>\n<meta name=\"twitter:card\" content=\"summary_large_image\" \/>\n<meta name=\"twitter:label1\" content=\"Est. tempo de leitura\" \/>\n\t<meta name=\"twitter:data1\" content=\"1 minuto\" \/>\n<script type=\"application\/ld+json\" class=\"yoast-schema-graph\">{\"@context\":\"https:\\\/\\\/schema.org\",\"@graph\":[{\"@type\":\"WebPage\",\"@id\":\"https:\\\/\\\/mapesolutions.com\\\/es\\\/documento-de-informacion-de-precio-cmed\\\/\",\"url\":\"https:\\\/\\\/mapesolutions.com\\\/es\\\/documento-de-informacion-de-precio-cmed\\\/\",\"name\":\"Documento de Informaci\u00f3n de Precio CMED - Mapes\",\"isPartOf\":{\"@id\":\"https:\\\/\\\/mapesolutions.com\\\/es\\\/#website\"},\"datePublished\":\"2021-07-20T12:25:56+00:00\",\"dateModified\":\"2021-11-03T20:20:45+00:00\",\"breadcrumb\":{\"@id\":\"https:\\\/\\\/mapesolutions.com\\\/es\\\/documento-de-informacion-de-precio-cmed\\\/#breadcrumb\"},\"inLanguage\":\"pt-BR\",\"potentialAction\":[{\"@type\":\"ReadAction\",\"target\":[\"https:\\\/\\\/mapesolutions.com\\\/es\\\/documento-de-informacion-de-precio-cmed\\\/\"]}]},{\"@type\":\"BreadcrumbList\",\"@id\":\"https:\\\/\\\/mapesolutions.com\\\/es\\\/documento-de-informacion-de-precio-cmed\\\/#breadcrumb\",\"itemListElement\":[{\"@type\":\"ListItem\",\"position\":1,\"name\":\"In\u00edcio\",\"item\":\"https:\\\/\\\/mapesolutions.com\\\/es\\\/\"},{\"@type\":\"ListItem\",\"position\":2,\"name\":\"Documento de Informaci\u00f3n de Precio CMED\"}]},{\"@type\":\"WebSite\",\"@id\":\"https:\\\/\\\/mapesolutions.com\\\/es\\\/#website\",\"url\":\"https:\\\/\\\/mapesolutions.com\\\/es\\\/\",\"name\":\"Mapes\",\"description\":\"\",\"potentialAction\":[{\"@type\":\"SearchAction\",\"target\":{\"@type\":\"EntryPoint\",\"urlTemplate\":\"https:\\\/\\\/mapesolutions.com\\\/es\\\/?s={search_term_string}\"},\"query-input\":{\"@type\":\"PropertyValueSpecification\",\"valueRequired\":true,\"valueName\":\"search_term_string\"}}],\"inLanguage\":\"pt-BR\"}]}<\/script>\n<!-- \/ Yoast SEO plugin. -->","yoast_head_json":{"title":"Documento de Informaci\u00f3n de Precio CMED - Mapes","robots":{"index":"index","follow":"follow","max-snippet":"max-snippet:-1","max-image-preview":"max-image-preview:large","max-video-preview":"max-video-preview:-1"},"canonical":"https:\/\/mapesolutions.com\/es\/documento-de-informacion-de-precio-cmed\/","og_locale":"pt_BR","og_type":"article","og_title":"Documento de Informaci\u00f3n de Precio CMED - Mapes","og_description":"Life Science HEOR y Pricing Documento de Informaci\u00f3n de Precio CMED El Dossier de Informaci\u00f3n de Precios es un elemento central en la fijaci\u00f3n de precios de nuevos medicamentos en el territorio nacional. El equipo de MAPESolutions es sensible a este paso muy importante en el lanzamiento de nuevos productos. Para ello, en todos los [&hellip;]","og_url":"https:\/\/mapesolutions.com\/es\/documento-de-informacion-de-precio-cmed\/","og_site_name":"Mapes","article_modified_time":"2021-11-03T20:20:45+00:00","twitter_card":"summary_large_image","twitter_misc":{"Est. tempo de leitura":"1 minuto"},"schema":{"@context":"https:\/\/schema.org","@graph":[{"@type":"WebPage","@id":"https:\/\/mapesolutions.com\/es\/documento-de-informacion-de-precio-cmed\/","url":"https:\/\/mapesolutions.com\/es\/documento-de-informacion-de-precio-cmed\/","name":"Documento de Informaci\u00f3n de Precio CMED - Mapes","isPartOf":{"@id":"https:\/\/mapesolutions.com\/es\/#website"},"datePublished":"2021-07-20T12:25:56+00:00","dateModified":"2021-11-03T20:20:45+00:00","breadcrumb":{"@id":"https:\/\/mapesolutions.com\/es\/documento-de-informacion-de-precio-cmed\/#breadcrumb"},"inLanguage":"pt-BR","potentialAction":[{"@type":"ReadAction","target":["https:\/\/mapesolutions.com\/es\/documento-de-informacion-de-precio-cmed\/"]}]},{"@type":"BreadcrumbList","@id":"https:\/\/mapesolutions.com\/es\/documento-de-informacion-de-precio-cmed\/#breadcrumb","itemListElement":[{"@type":"ListItem","position":1,"name":"In\u00edcio","item":"https:\/\/mapesolutions.com\/es\/"},{"@type":"ListItem","position":2,"name":"Documento de Informaci\u00f3n de Precio CMED"}]},{"@type":"WebSite","@id":"https:\/\/mapesolutions.com\/es\/#website","url":"https:\/\/mapesolutions.com\/es\/","name":"Mapes","description":"","potentialAction":[{"@type":"SearchAction","target":{"@type":"EntryPoint","urlTemplate":"https:\/\/mapesolutions.com\/es\/?s={search_term_string}"},"query-input":{"@type":"PropertyValueSpecification","valueRequired":true,"valueName":"search_term_string"}}],"inLanguage":"pt-BR"}]}},"_links":{"self":[{"href":"https:\/\/mapesolutions.com\/es\/wp-json\/wp\/v2\/pages\/5880","targetHints":{"allow":["GET"]}}],"collection":[{"href":"https:\/\/mapesolutions.com\/es\/wp-json\/wp\/v2\/pages"}],"about":[{"href":"https:\/\/mapesolutions.com\/es\/wp-json\/wp\/v2\/types\/page"}],"author":[{"embeddable":true,"href":"https:\/\/mapesolutions.com\/es\/wp-json\/wp\/v2\/users\/7"}],"replies":[{"embeddable":true,"href":"https:\/\/mapesolutions.com\/es\/wp-json\/wp\/v2\/comments?post=5880"}],"version-history":[{"count":3,"href":"https:\/\/mapesolutions.com\/es\/wp-json\/wp\/v2\/pages\/5880\/revisions"}],"predecessor-version":[{"id":6651,"href":"https:\/\/mapesolutions.com\/es\/wp-json\/wp\/v2\/pages\/5880\/revisions\/6651"}],"wp:attachment":[{"href":"https:\/\/mapesolutions.com\/es\/wp-json\/wp\/v2\/media?parent=5880"}],"curies":[{"name":"wp","href":"https:\/\/api.w.org\/{rel}","templated":true}]}}