{"id":5878,"date":"2021-07-20T09:24:38","date_gmt":"2021-07-20T12:24:38","guid":{"rendered":"http:\/\/mapes.wsihost.com.br\/?page_id=5878"},"modified":"2021-11-03T17:19:22","modified_gmt":"2021-11-03T20:19:22","slug":"estudio-de-la-vida-real","status":"publish","type":"page","link":"https:\/\/mapesolutions.com\/es\/estudio-de-la-vida-real\/","title":{"rendered":"Estudio de la Vida Real"},"content":{"rendered":"<section class=\"kc-elm kc-css-996303 kc_row\"><div class=\"kc-row-container  kc-container\"><div class=\"kc-wrap-columns\"><div class=\"kc-elm kc-css-74894 kc_col-sm-12 kc_column kc_col-sm-12\"><div class=\"kc-col-container\">\t\r\r\t<div class=\"kc-elm kc-css-714294 \">\r\r\t\t<div class=\"section-title  t_left\">\r\t\t\t\t\t\t\t<h5>Life Science<\/h5>\r\t\t\t\t\t\t<h2>HEOR y Pricing<\/h2>\r\t\t\t<h2> <span>Estudio de la Vida Real<\/span><\/h2>\r\t\t\t\r\t\t\t\t\t\t\r\t\t\t\t\t\t\r\t\t\t\t<div class=\"em-bar-main\">\r\t\t\t\t\t<div class=\"em-bar em-bar-big\"><\/div>\r\t\t\t\t<\/div>\r\t\t\t\t\r\t\t\t\r\r\t\t\t\t\t\t\r\t\t\t\t\r\r\t\t<\/div>\t\r\r\t<\/div>\t\r\r\t<div class=\"kc-elm kc-css-645977 kc_text_block\"><\/p>\n<p>A fines de 2018, la FDA estableci\u00f3 un marco para los nuevos programas de evidencia de la vida real, o &#8220;Real World Evidence (RWE)\".<\/p>\n<p>La FDA (Food and Drug Administration) propone el uso de RWE para generar datos que puedan respaldar o ayudar a la aprobaci\u00f3n de nuevas indicaciones o para respaldar los estudios posteriores a la comercializaci\u00f3n que puedan ser necesarios. Los datos del mundo real (RWD) y la evidencia del mundo real (RWE) est\u00e1n desempe\u00f1ando un papel cada vez m\u00e1s importante en la toma de decisiones en la investigaci\u00f3n cl\u00ednica y sanitaria.<\/p>\n<p>Es importante comprender que RWD son datos de pacientes recopilados de una variedad de fuentes, como registros m\u00e9dicos electr\u00f3nicos, datos f\u00edsicos, de facturaci\u00f3n, datos de registro de productos y enfermedades, datos generados por pacientes que utilizan aplicaciones y dispositivos m\u00f3viles. RWE es evidencia cl\u00ednica obtenida del an\u00e1lisis RWD que proporciona informaci\u00f3n sobre el uso, los riesgos y los beneficios de un dispositivo m\u00e9dico derivada de fuentes distintas de los ensayos cl\u00ednicos aleatorizados tradicionales.<\/p>\n<p>El avance de este tema est\u00e1 ganando terreno en Brasil con la expansi\u00f3n del uso de historias cl\u00ednicas electr\u00f3nicas y la multiplicaci\u00f3n de tecnolog\u00edas digitales (Machine Learning), base de datos (Big Data) e inteligencia artificial, que brindan nuevas fuentes de datos, as\u00ed como m\u00e9todos mejorados para capturar, almacenar y analizar datos de pacientes. Sin duda, los RWE complementan el conocimiento obtenido a trav\u00e9s de ensayos cl\u00ednicos aleatorizados, llenando vac\u00edos que los estudios cl\u00ednicos no son capaces de llenar.<\/p>\n<p>\n<\/div><\/div><\/div><\/div><\/div><\/section>\n","protected":false},"excerpt":{"rendered":"","protected":false},"author":7,"featured_media":0,"parent":0,"menu_order":0,"comment_status":"closed","ping_status":"closed","template":"","meta":{"footnotes":""},"class_list":["post-5878","page","type-page","status-publish","hentry"],"yoast_head":"<!-- This site is optimized with the Yoast SEO plugin v27.4 - https:\/\/yoast.com\/product\/yoast-seo-wordpress\/ -->\n<title>Estudio de la Vida Real - Mapes<\/title>\n<meta name=\"robots\" content=\"index, follow, max-snippet:-1, max-image-preview:large, max-video-preview:-1\" \/>\n<link rel=\"canonical\" href=\"https:\/\/mapesolutions.com\/es\/estudio-de-la-vida-real\/\" \/>\n<meta property=\"og:locale\" content=\"pt_BR\" \/>\n<meta property=\"og:type\" content=\"article\" \/>\n<meta property=\"og:title\" content=\"Estudio de la Vida Real - Mapes\" \/>\n<meta property=\"og:description\" content=\"Life Science HEOR y Pricing Estudio de la Vida Real A fines de 2018, la FDA estableci\u00f3 un marco para los nuevos programas de evidencia de la vida real, o &#8220;Real World Evidence (RWE)&#8221;. La FDA (Food and Drug Administration) propone el uso de RWE para generar datos que puedan respaldar o ayudar a la [&hellip;]\" \/>\n<meta property=\"og:url\" content=\"https:\/\/mapesolutions.com\/es\/estudio-de-la-vida-real\/\" \/>\n<meta property=\"og:site_name\" content=\"Mapes\" \/>\n<meta property=\"article:modified_time\" content=\"2021-11-03T20:19:22+00:00\" \/>\n<meta name=\"twitter:card\" content=\"summary_large_image\" \/>\n<meta name=\"twitter:label1\" content=\"Est. tempo de leitura\" \/>\n\t<meta name=\"twitter:data1\" content=\"1 minuto\" \/>\n<script type=\"application\/ld+json\" class=\"yoast-schema-graph\">{\"@context\":\"https:\\\/\\\/schema.org\",\"@graph\":[{\"@type\":\"WebPage\",\"@id\":\"https:\\\/\\\/mapesolutions.com\\\/es\\\/estudio-de-la-vida-real\\\/\",\"url\":\"https:\\\/\\\/mapesolutions.com\\\/es\\\/estudio-de-la-vida-real\\\/\",\"name\":\"Estudio de la Vida Real - Mapes\",\"isPartOf\":{\"@id\":\"https:\\\/\\\/mapesolutions.com\\\/es\\\/#website\"},\"datePublished\":\"2021-07-20T12:24:38+00:00\",\"dateModified\":\"2021-11-03T20:19:22+00:00\",\"breadcrumb\":{\"@id\":\"https:\\\/\\\/mapesolutions.com\\\/es\\\/estudio-de-la-vida-real\\\/#breadcrumb\"},\"inLanguage\":\"pt-BR\",\"potentialAction\":[{\"@type\":\"ReadAction\",\"target\":[\"https:\\\/\\\/mapesolutions.com\\\/es\\\/estudio-de-la-vida-real\\\/\"]}]},{\"@type\":\"BreadcrumbList\",\"@id\":\"https:\\\/\\\/mapesolutions.com\\\/es\\\/estudio-de-la-vida-real\\\/#breadcrumb\",\"itemListElement\":[{\"@type\":\"ListItem\",\"position\":1,\"name\":\"In\u00edcio\",\"item\":\"https:\\\/\\\/mapesolutions.com\\\/es\\\/\"},{\"@type\":\"ListItem\",\"position\":2,\"name\":\"Estudio de la Vida Real\"}]},{\"@type\":\"WebSite\",\"@id\":\"https:\\\/\\\/mapesolutions.com\\\/es\\\/#website\",\"url\":\"https:\\\/\\\/mapesolutions.com\\\/es\\\/\",\"name\":\"Mapes\",\"description\":\"\",\"potentialAction\":[{\"@type\":\"SearchAction\",\"target\":{\"@type\":\"EntryPoint\",\"urlTemplate\":\"https:\\\/\\\/mapesolutions.com\\\/es\\\/?s={search_term_string}\"},\"query-input\":{\"@type\":\"PropertyValueSpecification\",\"valueRequired\":true,\"valueName\":\"search_term_string\"}}],\"inLanguage\":\"pt-BR\"}]}<\/script>\n<!-- \/ Yoast SEO plugin. -->","yoast_head_json":{"title":"Estudio de la Vida Real - Mapes","robots":{"index":"index","follow":"follow","max-snippet":"max-snippet:-1","max-image-preview":"max-image-preview:large","max-video-preview":"max-video-preview:-1"},"canonical":"https:\/\/mapesolutions.com\/es\/estudio-de-la-vida-real\/","og_locale":"pt_BR","og_type":"article","og_title":"Estudio de la Vida Real - Mapes","og_description":"Life Science HEOR y Pricing Estudio de la Vida Real A fines de 2018, la FDA estableci\u00f3 un marco para los nuevos programas de evidencia de la vida real, o &#8220;Real World Evidence (RWE)&#8221;. La FDA (Food and Drug Administration) propone el uso de RWE para generar datos que puedan respaldar o ayudar a la [&hellip;]","og_url":"https:\/\/mapesolutions.com\/es\/estudio-de-la-vida-real\/","og_site_name":"Mapes","article_modified_time":"2021-11-03T20:19:22+00:00","twitter_card":"summary_large_image","twitter_misc":{"Est. tempo de leitura":"1 minuto"},"schema":{"@context":"https:\/\/schema.org","@graph":[{"@type":"WebPage","@id":"https:\/\/mapesolutions.com\/es\/estudio-de-la-vida-real\/","url":"https:\/\/mapesolutions.com\/es\/estudio-de-la-vida-real\/","name":"Estudio de la Vida Real - Mapes","isPartOf":{"@id":"https:\/\/mapesolutions.com\/es\/#website"},"datePublished":"2021-07-20T12:24:38+00:00","dateModified":"2021-11-03T20:19:22+00:00","breadcrumb":{"@id":"https:\/\/mapesolutions.com\/es\/estudio-de-la-vida-real\/#breadcrumb"},"inLanguage":"pt-BR","potentialAction":[{"@type":"ReadAction","target":["https:\/\/mapesolutions.com\/es\/estudio-de-la-vida-real\/"]}]},{"@type":"BreadcrumbList","@id":"https:\/\/mapesolutions.com\/es\/estudio-de-la-vida-real\/#breadcrumb","itemListElement":[{"@type":"ListItem","position":1,"name":"In\u00edcio","item":"https:\/\/mapesolutions.com\/es\/"},{"@type":"ListItem","position":2,"name":"Estudio de la Vida Real"}]},{"@type":"WebSite","@id":"https:\/\/mapesolutions.com\/es\/#website","url":"https:\/\/mapesolutions.com\/es\/","name":"Mapes","description":"","potentialAction":[{"@type":"SearchAction","target":{"@type":"EntryPoint","urlTemplate":"https:\/\/mapesolutions.com\/es\/?s={search_term_string}"},"query-input":{"@type":"PropertyValueSpecification","valueRequired":true,"valueName":"search_term_string"}}],"inLanguage":"pt-BR"}]}},"_links":{"self":[{"href":"https:\/\/mapesolutions.com\/es\/wp-json\/wp\/v2\/pages\/5878","targetHints":{"allow":["GET"]}}],"collection":[{"href":"https:\/\/mapesolutions.com\/es\/wp-json\/wp\/v2\/pages"}],"about":[{"href":"https:\/\/mapesolutions.com\/es\/wp-json\/wp\/v2\/types\/page"}],"author":[{"embeddable":true,"href":"https:\/\/mapesolutions.com\/es\/wp-json\/wp\/v2\/users\/7"}],"replies":[{"embeddable":true,"href":"https:\/\/mapesolutions.com\/es\/wp-json\/wp\/v2\/comments?post=5878"}],"version-history":[{"count":3,"href":"https:\/\/mapesolutions.com\/es\/wp-json\/wp\/v2\/pages\/5878\/revisions"}],"predecessor-version":[{"id":6649,"href":"https:\/\/mapesolutions.com\/es\/wp-json\/wp\/v2\/pages\/5878\/revisions\/6649"}],"wp:attachment":[{"href":"https:\/\/mapesolutions.com\/es\/wp-json\/wp\/v2\/media?parent=5878"}],"curies":[{"name":"wp","href":"https:\/\/api.w.org\/{rel}","templated":true}]}}