{"id":5876,"date":"2021-07-20T09:23:41","date_gmt":"2021-07-20T12:23:41","guid":{"rendered":"http:\/\/mapes.wsihost.com.br\/?page_id=5876"},"modified":"2021-11-03T17:18:12","modified_gmt":"2021-11-03T20:18:12","slug":"medical-writing","status":"publish","type":"page","link":"https:\/\/mapesolutions.com\/es\/medical-writing\/","title":{"rendered":"Medical Writing"},"content":{"rendered":"<section class=\"kc-elm kc-css-792073 kc_row\"><div class=\"kc-row-container  kc-container\"><div class=\"kc-wrap-columns\"><div class=\"kc-elm kc-css-414410 kc_col-sm-12 kc_column kc_col-sm-12\"><div class=\"kc-col-container\">\t\r\r\t<div class=\"kc-elm kc-css-191504 \">\r\r\t\t<div class=\"section-title  t_left\">\r\t\t\t\t\t\t\t<h5>Life Science<\/h5>\r\t\t\t\t\t\t<h2>HEOR y Pricing<\/h2>\r\t\t\t<h2> <span>Medical Writing<\/span><\/h2>\r\t\t\t\r\t\t\t\t\t\t\r\t\t\t\t\t\t\r\t\t\t\t<div class=\"em-bar-main\">\r\t\t\t\t\t<div class=\"em-bar em-bar-big\"><\/div>\r\t\t\t\t<\/div>\r\t\t\t\t\r\t\t\t\r\r\t\t\t\t\t\t\r\t\t\t\t\r\r\t\t<\/div>\t\r\r\t<\/div>\t\r\r\t<div class=\"kc-elm kc-css-372525 kc_text_block\"><\/p>\n<p>En los \u00faltimos a\u00f1os, los mecanismos de comunicaci\u00f3n tradicionales en relaci\u00f3n con los ensayos cl\u00ednicos han cambiado significativamente. Los pacientes ya no quedan en segundo plano en la toma de decisiones sanitarias; por lo tanto, las estrategias para atraerlos e involucrarlos deben evolucionar para cumplir con sus expectativas. La era centrada en el paciente est\u00e1 aqu\u00ed, nuestro equipo est\u00e1 listo para esta realidad.<\/p>\n<p>El cambio hacia el centrado en el paciente se debe en parte a los avances en tecnolog\u00eda y comunicaci\u00f3n. Adem\u00e1s, la colaboraci\u00f3n con grupos de defensa de pacientes y un aumento en las plataformas de redes sociales brindan a los pacientes y cuidadores m\u00e1s opciones para encontrar el mejor estudio que satisfaga sus necesidades a lo largo de su enfermedad.<\/p>\n<p>Dado que los pacientes adoptan un papel m\u00e1s proactivo en sus propias decisiones de atenci\u00f3n m\u00e9dica, existe una necesidad creciente de adoptar enfoques de comunicaci\u00f3n que impacten a los consumidores de papel.<\/p>\n<p>\n<\/div><\/div><\/div><\/div><\/div><\/section>\n","protected":false},"excerpt":{"rendered":"","protected":false},"author":7,"featured_media":0,"parent":0,"menu_order":0,"comment_status":"closed","ping_status":"closed","template":"","meta":{"footnotes":""},"class_list":["post-5876","page","type-page","status-publish","hentry"],"yoast_head":"<!-- This site is optimized with the Yoast SEO plugin v27.4 - https:\/\/yoast.com\/product\/yoast-seo-wordpress\/ -->\n<title>Medical Writing - Mapes<\/title>\n<meta name=\"robots\" content=\"index, follow, max-snippet:-1, max-image-preview:large, max-video-preview:-1\" \/>\n<link rel=\"canonical\" href=\"https:\/\/mapesolutions.com\/es\/medical-writing\/\" \/>\n<meta property=\"og:locale\" content=\"pt_BR\" \/>\n<meta property=\"og:type\" content=\"article\" \/>\n<meta property=\"og:title\" content=\"Medical Writing - Mapes\" \/>\n<meta property=\"og:description\" content=\"Life Science HEOR y Pricing Medical Writing En los \u00faltimos a\u00f1os, los mecanismos de comunicaci\u00f3n tradicionales en relaci\u00f3n con los ensayos cl\u00ednicos han cambiado significativamente. Los pacientes ya no quedan en segundo plano en la toma de decisiones sanitarias; por lo tanto, las estrategias para atraerlos e involucrarlos deben evolucionar para cumplir con sus expectativas. [&hellip;]\" \/>\n<meta property=\"og:url\" content=\"https:\/\/mapesolutions.com\/es\/medical-writing\/\" \/>\n<meta property=\"og:site_name\" content=\"Mapes\" \/>\n<meta property=\"article:modified_time\" content=\"2021-11-03T20:18:12+00:00\" \/>\n<meta name=\"twitter:card\" content=\"summary_large_image\" \/>\n<meta name=\"twitter:label1\" content=\"Est. tempo de leitura\" \/>\n\t<meta name=\"twitter:data1\" content=\"1 minuto\" \/>\n<script type=\"application\/ld+json\" class=\"yoast-schema-graph\">{\"@context\":\"https:\\\/\\\/schema.org\",\"@graph\":[{\"@type\":\"WebPage\",\"@id\":\"https:\\\/\\\/mapesolutions.com\\\/es\\\/medical-writing\\\/\",\"url\":\"https:\\\/\\\/mapesolutions.com\\\/es\\\/medical-writing\\\/\",\"name\":\"Medical Writing - Mapes\",\"isPartOf\":{\"@id\":\"https:\\\/\\\/mapesolutions.com\\\/es\\\/#website\"},\"datePublished\":\"2021-07-20T12:23:41+00:00\",\"dateModified\":\"2021-11-03T20:18:12+00:00\",\"breadcrumb\":{\"@id\":\"https:\\\/\\\/mapesolutions.com\\\/es\\\/medical-writing\\\/#breadcrumb\"},\"inLanguage\":\"pt-BR\",\"potentialAction\":[{\"@type\":\"ReadAction\",\"target\":[\"https:\\\/\\\/mapesolutions.com\\\/es\\\/medical-writing\\\/\"]}]},{\"@type\":\"BreadcrumbList\",\"@id\":\"https:\\\/\\\/mapesolutions.com\\\/es\\\/medical-writing\\\/#breadcrumb\",\"itemListElement\":[{\"@type\":\"ListItem\",\"position\":1,\"name\":\"In\u00edcio\",\"item\":\"https:\\\/\\\/mapesolutions.com\\\/es\\\/\"},{\"@type\":\"ListItem\",\"position\":2,\"name\":\"Medical Writing\"}]},{\"@type\":\"WebSite\",\"@id\":\"https:\\\/\\\/mapesolutions.com\\\/es\\\/#website\",\"url\":\"https:\\\/\\\/mapesolutions.com\\\/es\\\/\",\"name\":\"Mapes\",\"description\":\"\",\"potentialAction\":[{\"@type\":\"SearchAction\",\"target\":{\"@type\":\"EntryPoint\",\"urlTemplate\":\"https:\\\/\\\/mapesolutions.com\\\/es\\\/?s={search_term_string}\"},\"query-input\":{\"@type\":\"PropertyValueSpecification\",\"valueRequired\":true,\"valueName\":\"search_term_string\"}}],\"inLanguage\":\"pt-BR\"}]}<\/script>\n<!-- \/ Yoast SEO plugin. -->","yoast_head_json":{"title":"Medical Writing - Mapes","robots":{"index":"index","follow":"follow","max-snippet":"max-snippet:-1","max-image-preview":"max-image-preview:large","max-video-preview":"max-video-preview:-1"},"canonical":"https:\/\/mapesolutions.com\/es\/medical-writing\/","og_locale":"pt_BR","og_type":"article","og_title":"Medical Writing - Mapes","og_description":"Life Science HEOR y Pricing Medical Writing En los \u00faltimos a\u00f1os, los mecanismos de comunicaci\u00f3n tradicionales en relaci\u00f3n con los ensayos cl\u00ednicos han cambiado significativamente. Los pacientes ya no quedan en segundo plano en la toma de decisiones sanitarias; por lo tanto, las estrategias para atraerlos e involucrarlos deben evolucionar para cumplir con sus expectativas. [&hellip;]","og_url":"https:\/\/mapesolutions.com\/es\/medical-writing\/","og_site_name":"Mapes","article_modified_time":"2021-11-03T20:18:12+00:00","twitter_card":"summary_large_image","twitter_misc":{"Est. tempo de leitura":"1 minuto"},"schema":{"@context":"https:\/\/schema.org","@graph":[{"@type":"WebPage","@id":"https:\/\/mapesolutions.com\/es\/medical-writing\/","url":"https:\/\/mapesolutions.com\/es\/medical-writing\/","name":"Medical Writing - Mapes","isPartOf":{"@id":"https:\/\/mapesolutions.com\/es\/#website"},"datePublished":"2021-07-20T12:23:41+00:00","dateModified":"2021-11-03T20:18:12+00:00","breadcrumb":{"@id":"https:\/\/mapesolutions.com\/es\/medical-writing\/#breadcrumb"},"inLanguage":"pt-BR","potentialAction":[{"@type":"ReadAction","target":["https:\/\/mapesolutions.com\/es\/medical-writing\/"]}]},{"@type":"BreadcrumbList","@id":"https:\/\/mapesolutions.com\/es\/medical-writing\/#breadcrumb","itemListElement":[{"@type":"ListItem","position":1,"name":"In\u00edcio","item":"https:\/\/mapesolutions.com\/es\/"},{"@type":"ListItem","position":2,"name":"Medical Writing"}]},{"@type":"WebSite","@id":"https:\/\/mapesolutions.com\/es\/#website","url":"https:\/\/mapesolutions.com\/es\/","name":"Mapes","description":"","potentialAction":[{"@type":"SearchAction","target":{"@type":"EntryPoint","urlTemplate":"https:\/\/mapesolutions.com\/es\/?s={search_term_string}"},"query-input":{"@type":"PropertyValueSpecification","valueRequired":true,"valueName":"search_term_string"}}],"inLanguage":"pt-BR"}]}},"_links":{"self":[{"href":"https:\/\/mapesolutions.com\/es\/wp-json\/wp\/v2\/pages\/5876","targetHints":{"allow":["GET"]}}],"collection":[{"href":"https:\/\/mapesolutions.com\/es\/wp-json\/wp\/v2\/pages"}],"about":[{"href":"https:\/\/mapesolutions.com\/es\/wp-json\/wp\/v2\/types\/page"}],"author":[{"embeddable":true,"href":"https:\/\/mapesolutions.com\/es\/wp-json\/wp\/v2\/users\/7"}],"replies":[{"embeddable":true,"href":"https:\/\/mapesolutions.com\/es\/wp-json\/wp\/v2\/comments?post=5876"}],"version-history":[{"count":2,"href":"https:\/\/mapesolutions.com\/es\/wp-json\/wp\/v2\/pages\/5876\/revisions"}],"predecessor-version":[{"id":6647,"href":"https:\/\/mapesolutions.com\/es\/wp-json\/wp\/v2\/pages\/5876\/revisions\/6647"}],"wp:attachment":[{"href":"https:\/\/mapesolutions.com\/es\/wp-json\/wp\/v2\/media?parent=5876"}],"curies":[{"name":"wp","href":"https:\/\/api.w.org\/{rel}","templated":true}]}}