{"id":5874,"date":"2021-07-20T09:22:23","date_gmt":"2021-07-20T12:22:23","guid":{"rendered":"http:\/\/mapes.wsihost.com.br\/?page_id=5874"},"modified":"2021-11-03T17:16:21","modified_gmt":"2021-11-03T20:16:21","slug":"analisis-nnt","status":"publish","type":"page","link":"https:\/\/mapesolutions.com\/es\/analisis-nnt\/","title":{"rendered":"An\u00e1lisis NNT"},"content":{"rendered":"<section class=\"kc-elm kc-css-319362 kc_row\"><div class=\"kc-row-container  kc-container\"><div class=\"kc-wrap-columns\"><div class=\"kc-elm kc-css-63247 kc_col-sm-12 kc_column kc_col-sm-12\"><div class=\"kc-col-container\">\t\r\r\t<div class=\"kc-elm kc-css-532209 \">\r\r\t\t<div class=\"section-title  t_left\">\r\t\t\t\t\t\t\t<h5>Life Science<\/h5>\r\t\t\t\t\t\t<h2>HEOR y Pricing<\/h2>\r\t\t\t<h2> <span>An\u00e1lisis NNT<\/span><\/h2>\r\t\t\t\r\t\t\t\t\t\t\r\t\t\t\t\t\t\r\t\t\t\t<div class=\"em-bar-main\">\r\t\t\t\t\t<div class=\"em-bar em-bar-big\"><\/div>\r\t\t\t\t<\/div>\r\t\t\t\t\r\t\t\t\r\r\t\t\t\t\t\t\r\t\t\t\t\r\r\t\t<\/div>\t\r\r\t<\/div>\t\r\r\t<div class=\"kc-elm kc-css-168565 kc_text_block\"><\/p>\n<p>El NNT (n\u00famero necesario a tratar) es una medida absoluta que se utiliza para evaluar la magnitud del efecto de una tecnolog\u00eda. El NNT se puede definir como el n\u00famero de pacientes que necesitan ser tratados con una tecnolog\u00eda frente a otra para que 1 paciente adicional tenga el resultado esperado. Cuando la tecnolog\u00eda produce beneficios cl\u00ednicos, lo llamamos &#8220;number needed to treat\", mientras que las terapias que pueden aumentar la tasa de eventos adversos, por ejemplo, lo llamamos &#8220;n\u00famero necesario para da\u00f1ar\".<\/p>\n<p>La importancia del NNT tambi\u00e9n radica en su facilidad de comprensi\u00f3n, lo que hace que la comunicaci\u00f3n de los resultados de los ensayos cl\u00ednicos a los m\u00e9dicos, administradores y pacientes sea m\u00e1s eficaz. En comparaci\u00f3n con otras medidas, como el valor p, las razones de riesgo y las razones de probabilidades, el impacto y la importancia cl\u00ednica se establecen claramente con el NNT.<\/p>\n<p>\n<\/div><\/div><\/div><\/div><\/div><\/section>\n","protected":false},"excerpt":{"rendered":"","protected":false},"author":7,"featured_media":0,"parent":0,"menu_order":0,"comment_status":"closed","ping_status":"closed","template":"","meta":{"footnotes":""},"class_list":["post-5874","page","type-page","status-publish","hentry"],"yoast_head":"<!-- This site is optimized with the Yoast SEO plugin v27.4 - https:\/\/yoast.com\/product\/yoast-seo-wordpress\/ -->\n<title>An\u00e1lisis NNT - Mapes<\/title>\n<meta name=\"robots\" content=\"index, follow, max-snippet:-1, max-image-preview:large, max-video-preview:-1\" \/>\n<link rel=\"canonical\" href=\"https:\/\/mapesolutions.com\/es\/analisis-nnt\/\" \/>\n<meta property=\"og:locale\" content=\"pt_BR\" \/>\n<meta property=\"og:type\" content=\"article\" \/>\n<meta property=\"og:title\" content=\"An\u00e1lisis NNT - Mapes\" \/>\n<meta property=\"og:description\" content=\"Life Science HEOR y Pricing An\u00e1lisis NNT El NNT (n\u00famero necesario a tratar) es una medida absoluta que se utiliza para evaluar la magnitud del efecto de una tecnolog\u00eda. El NNT se puede definir como el n\u00famero de pacientes que necesitan ser tratados con una tecnolog\u00eda frente a otra para que 1 paciente adicional tenga [&hellip;]\" \/>\n<meta property=\"og:url\" content=\"https:\/\/mapesolutions.com\/es\/analisis-nnt\/\" \/>\n<meta property=\"og:site_name\" content=\"Mapes\" \/>\n<meta property=\"article:modified_time\" content=\"2021-11-03T20:16:21+00:00\" \/>\n<meta name=\"twitter:card\" content=\"summary_large_image\" \/>\n<meta name=\"twitter:label1\" content=\"Est. tempo de leitura\" \/>\n\t<meta name=\"twitter:data1\" content=\"1 minuto\" \/>\n<script type=\"application\/ld+json\" class=\"yoast-schema-graph\">{\"@context\":\"https:\\\/\\\/schema.org\",\"@graph\":[{\"@type\":\"WebPage\",\"@id\":\"https:\\\/\\\/mapesolutions.com\\\/es\\\/analisis-nnt\\\/\",\"url\":\"https:\\\/\\\/mapesolutions.com\\\/es\\\/analisis-nnt\\\/\",\"name\":\"An\u00e1lisis NNT - Mapes\",\"isPartOf\":{\"@id\":\"https:\\\/\\\/mapesolutions.com\\\/es\\\/#website\"},\"datePublished\":\"2021-07-20T12:22:23+00:00\",\"dateModified\":\"2021-11-03T20:16:21+00:00\",\"breadcrumb\":{\"@id\":\"https:\\\/\\\/mapesolutions.com\\\/es\\\/analisis-nnt\\\/#breadcrumb\"},\"inLanguage\":\"pt-BR\",\"potentialAction\":[{\"@type\":\"ReadAction\",\"target\":[\"https:\\\/\\\/mapesolutions.com\\\/es\\\/analisis-nnt\\\/\"]}]},{\"@type\":\"BreadcrumbList\",\"@id\":\"https:\\\/\\\/mapesolutions.com\\\/es\\\/analisis-nnt\\\/#breadcrumb\",\"itemListElement\":[{\"@type\":\"ListItem\",\"position\":1,\"name\":\"In\u00edcio\",\"item\":\"https:\\\/\\\/mapesolutions.com\\\/es\\\/\"},{\"@type\":\"ListItem\",\"position\":2,\"name\":\"An\u00e1lisis NNT\"}]},{\"@type\":\"WebSite\",\"@id\":\"https:\\\/\\\/mapesolutions.com\\\/es\\\/#website\",\"url\":\"https:\\\/\\\/mapesolutions.com\\\/es\\\/\",\"name\":\"Mapes\",\"description\":\"\",\"potentialAction\":[{\"@type\":\"SearchAction\",\"target\":{\"@type\":\"EntryPoint\",\"urlTemplate\":\"https:\\\/\\\/mapesolutions.com\\\/es\\\/?s={search_term_string}\"},\"query-input\":{\"@type\":\"PropertyValueSpecification\",\"valueRequired\":true,\"valueName\":\"search_term_string\"}}],\"inLanguage\":\"pt-BR\"}]}<\/script>\n<!-- \/ Yoast SEO plugin. -->","yoast_head_json":{"title":"An\u00e1lisis NNT - Mapes","robots":{"index":"index","follow":"follow","max-snippet":"max-snippet:-1","max-image-preview":"max-image-preview:large","max-video-preview":"max-video-preview:-1"},"canonical":"https:\/\/mapesolutions.com\/es\/analisis-nnt\/","og_locale":"pt_BR","og_type":"article","og_title":"An\u00e1lisis NNT - Mapes","og_description":"Life Science HEOR y Pricing An\u00e1lisis NNT El NNT (n\u00famero necesario a tratar) es una medida absoluta que se utiliza para evaluar la magnitud del efecto de una tecnolog\u00eda. El NNT se puede definir como el n\u00famero de pacientes que necesitan ser tratados con una tecnolog\u00eda frente a otra para que 1 paciente adicional tenga [&hellip;]","og_url":"https:\/\/mapesolutions.com\/es\/analisis-nnt\/","og_site_name":"Mapes","article_modified_time":"2021-11-03T20:16:21+00:00","twitter_card":"summary_large_image","twitter_misc":{"Est. tempo de leitura":"1 minuto"},"schema":{"@context":"https:\/\/schema.org","@graph":[{"@type":"WebPage","@id":"https:\/\/mapesolutions.com\/es\/analisis-nnt\/","url":"https:\/\/mapesolutions.com\/es\/analisis-nnt\/","name":"An\u00e1lisis NNT - Mapes","isPartOf":{"@id":"https:\/\/mapesolutions.com\/es\/#website"},"datePublished":"2021-07-20T12:22:23+00:00","dateModified":"2021-11-03T20:16:21+00:00","breadcrumb":{"@id":"https:\/\/mapesolutions.com\/es\/analisis-nnt\/#breadcrumb"},"inLanguage":"pt-BR","potentialAction":[{"@type":"ReadAction","target":["https:\/\/mapesolutions.com\/es\/analisis-nnt\/"]}]},{"@type":"BreadcrumbList","@id":"https:\/\/mapesolutions.com\/es\/analisis-nnt\/#breadcrumb","itemListElement":[{"@type":"ListItem","position":1,"name":"In\u00edcio","item":"https:\/\/mapesolutions.com\/es\/"},{"@type":"ListItem","position":2,"name":"An\u00e1lisis NNT"}]},{"@type":"WebSite","@id":"https:\/\/mapesolutions.com\/es\/#website","url":"https:\/\/mapesolutions.com\/es\/","name":"Mapes","description":"","potentialAction":[{"@type":"SearchAction","target":{"@type":"EntryPoint","urlTemplate":"https:\/\/mapesolutions.com\/es\/?s={search_term_string}"},"query-input":{"@type":"PropertyValueSpecification","valueRequired":true,"valueName":"search_term_string"}}],"inLanguage":"pt-BR"}]}},"_links":{"self":[{"href":"https:\/\/mapesolutions.com\/es\/wp-json\/wp\/v2\/pages\/5874","targetHints":{"allow":["GET"]}}],"collection":[{"href":"https:\/\/mapesolutions.com\/es\/wp-json\/wp\/v2\/pages"}],"about":[{"href":"https:\/\/mapesolutions.com\/es\/wp-json\/wp\/v2\/types\/page"}],"author":[{"embeddable":true,"href":"https:\/\/mapesolutions.com\/es\/wp-json\/wp\/v2\/users\/7"}],"replies":[{"embeddable":true,"href":"https:\/\/mapesolutions.com\/es\/wp-json\/wp\/v2\/comments?post=5874"}],"version-history":[{"count":3,"href":"https:\/\/mapesolutions.com\/es\/wp-json\/wp\/v2\/pages\/5874\/revisions"}],"predecessor-version":[{"id":6646,"href":"https:\/\/mapesolutions.com\/es\/wp-json\/wp\/v2\/pages\/5874\/revisions\/6646"}],"wp:attachment":[{"href":"https:\/\/mapesolutions.com\/es\/wp-json\/wp\/v2\/media?parent=5874"}],"curies":[{"name":"wp","href":"https:\/\/api.w.org\/{rel}","templated":true}]}}