{"id":5872,"date":"2021-07-19T17:27:52","date_gmt":"2021-07-19T20:27:52","guid":{"rendered":"http:\/\/mapes.wsihost.com.br\/?page_id=5872"},"modified":"2021-11-03T17:14:41","modified_gmt":"2021-11-03T20:14:41","slug":"dossier-ets","status":"publish","type":"page","link":"https:\/\/mapesolutions.com\/es\/dossier-ets\/","title":{"rendered":"Dossier ETS"},"content":{"rendered":"<section class=\"kc-elm kc-css-459038 kc_row\"><div class=\"kc-row-container  kc-container\"><div class=\"kc-wrap-columns\"><div class=\"kc-elm kc-css-682145 kc_col-sm-12 kc_column kc_col-sm-12\"><div class=\"kc-col-container\">\t\r\r\t<div class=\"kc-elm kc-css-75154 \">\r\r\t\t<div class=\"section-title  t_left\">\r\t\t\t\t\t\t\t<h5>Life Science<\/h5>\r\t\t\t\t\t\t<h2>HEOR y Pricing<\/h2>\r\t\t\t<h2> <span>Dossier ETS<\/span><\/h2>\r\t\t\t\r\t\t\t\t\t\t\r\t\t\t\t\t\t\r\t\t\t\t<div class=\"em-bar-main\">\r\t\t\t\t\t<div class=\"em-bar em-bar-big\"><\/div>\r\t\t\t\t<\/div>\r\t\t\t\t\r\t\t\t\r\r\t\t\t\t\t\t\r\t\t\t\t\r\r\t\t<\/div>\t\r\r\t<\/div>\t\r\r\t<div class=\"kc-elm kc-css-133537 kc_text_block\"><\/p>\n<p>Los dosieres ETS no son todos iguales. No basta con tener rigor t\u00e9cnico-cient\u00edfico sin la meticulosa alineaci\u00f3n estrat\u00e9gica de la generaci\u00f3n de valor del producto con las \u00e1reas de Acceso, Asuntos M\u00e9dicos y Marketing de la empresa. Nuestro equipo est\u00e1 compuesto por t\u00e9cnicos con nivel de doctorado en temas relacionados con la Evaluaci\u00f3n de Tecnolog\u00edas Sanitarias y consultores senior con amplia experiencia en el ecosistema de la salud y la industria farmac\u00e9utica. Es por ello que contamos con las mayores tasas de aprobaci\u00f3n para agencias federales en el SUS (CONITEC) y en Salud Complementaria (ANS, en el \u00e1mbito de la actualizaci\u00f3n del Rol).<\/p>\n<p>Todo el marco t\u00e9cnico-cient\u00edfico sigue la vanguardia del conocimiento producido en el mundo de la evaluaci\u00f3n de tecnolog\u00edas sanitarias, la salud basada en la evidencia, la econom\u00eda en salud y la evaluaci\u00f3n econ\u00f3mica en salud. Adem\u00e1s, cada informe elaborado por el equipo de MAPESolutions pasa por un proceso de traducci\u00f3n de informaci\u00f3n cient\u00edfica fr\u00eda y compleja a un lenguaje m\u00e1s accesible, m\u00e1s f\u00e1cil de interpretar y altamente capaz de ser implementado en la rutina de los gerentes de salud, pagadores y agencias reguladoras. <\/p>\n<p>\n<\/div><\/div><\/div><\/div><\/div><\/section>\n","protected":false},"excerpt":{"rendered":"","protected":false},"author":7,"featured_media":0,"parent":0,"menu_order":0,"comment_status":"closed","ping_status":"closed","template":"","meta":{"footnotes":""},"class_list":["post-5872","page","type-page","status-publish","hentry"],"yoast_head":"<!-- This site is optimized with the Yoast SEO plugin v27.4 - https:\/\/yoast.com\/product\/yoast-seo-wordpress\/ -->\n<title>Dossier ETS - Mapes<\/title>\n<meta name=\"robots\" content=\"index, follow, max-snippet:-1, max-image-preview:large, max-video-preview:-1\" \/>\n<link rel=\"canonical\" href=\"https:\/\/mapesolutions.com\/es\/dossier-ets\/\" \/>\n<meta property=\"og:locale\" content=\"pt_BR\" \/>\n<meta property=\"og:type\" content=\"article\" \/>\n<meta property=\"og:title\" content=\"Dossier ETS - Mapes\" \/>\n<meta property=\"og:description\" content=\"Life Science HEOR y Pricing Dossier ETS Los dosieres ETS no son todos iguales. No basta con tener rigor t\u00e9cnico-cient\u00edfico sin la meticulosa alineaci\u00f3n estrat\u00e9gica de la generaci\u00f3n de valor del producto con las \u00e1reas de Acceso, Asuntos M\u00e9dicos y Marketing de la empresa. Nuestro equipo est\u00e1 compuesto por t\u00e9cnicos con nivel de doctorado en [&hellip;]\" \/>\n<meta property=\"og:url\" content=\"https:\/\/mapesolutions.com\/es\/dossier-ets\/\" \/>\n<meta property=\"og:site_name\" content=\"Mapes\" \/>\n<meta property=\"article:modified_time\" content=\"2021-11-03T20:14:41+00:00\" \/>\n<meta name=\"twitter:card\" content=\"summary_large_image\" \/>\n<meta name=\"twitter:label1\" content=\"Est. tempo de leitura\" \/>\n\t<meta name=\"twitter:data1\" content=\"1 minuto\" \/>\n<script type=\"application\/ld+json\" class=\"yoast-schema-graph\">{\"@context\":\"https:\\\/\\\/schema.org\",\"@graph\":[{\"@type\":\"WebPage\",\"@id\":\"https:\\\/\\\/mapesolutions.com\\\/es\\\/dossier-ets\\\/\",\"url\":\"https:\\\/\\\/mapesolutions.com\\\/es\\\/dossier-ets\\\/\",\"name\":\"Dossier ETS - Mapes\",\"isPartOf\":{\"@id\":\"https:\\\/\\\/mapesolutions.com\\\/es\\\/#website\"},\"datePublished\":\"2021-07-19T20:27:52+00:00\",\"dateModified\":\"2021-11-03T20:14:41+00:00\",\"breadcrumb\":{\"@id\":\"https:\\\/\\\/mapesolutions.com\\\/es\\\/dossier-ets\\\/#breadcrumb\"},\"inLanguage\":\"pt-BR\",\"potentialAction\":[{\"@type\":\"ReadAction\",\"target\":[\"https:\\\/\\\/mapesolutions.com\\\/es\\\/dossier-ets\\\/\"]}]},{\"@type\":\"BreadcrumbList\",\"@id\":\"https:\\\/\\\/mapesolutions.com\\\/es\\\/dossier-ets\\\/#breadcrumb\",\"itemListElement\":[{\"@type\":\"ListItem\",\"position\":1,\"name\":\"In\u00edcio\",\"item\":\"https:\\\/\\\/mapesolutions.com\\\/es\\\/\"},{\"@type\":\"ListItem\",\"position\":2,\"name\":\"Dossier ETS\"}]},{\"@type\":\"WebSite\",\"@id\":\"https:\\\/\\\/mapesolutions.com\\\/es\\\/#website\",\"url\":\"https:\\\/\\\/mapesolutions.com\\\/es\\\/\",\"name\":\"Mapes\",\"description\":\"\",\"potentialAction\":[{\"@type\":\"SearchAction\",\"target\":{\"@type\":\"EntryPoint\",\"urlTemplate\":\"https:\\\/\\\/mapesolutions.com\\\/es\\\/?s={search_term_string}\"},\"query-input\":{\"@type\":\"PropertyValueSpecification\",\"valueRequired\":true,\"valueName\":\"search_term_string\"}}],\"inLanguage\":\"pt-BR\"}]}<\/script>\n<!-- \/ Yoast SEO plugin. -->","yoast_head_json":{"title":"Dossier ETS - Mapes","robots":{"index":"index","follow":"follow","max-snippet":"max-snippet:-1","max-image-preview":"max-image-preview:large","max-video-preview":"max-video-preview:-1"},"canonical":"https:\/\/mapesolutions.com\/es\/dossier-ets\/","og_locale":"pt_BR","og_type":"article","og_title":"Dossier ETS - Mapes","og_description":"Life Science HEOR y Pricing Dossier ETS Los dosieres ETS no son todos iguales. No basta con tener rigor t\u00e9cnico-cient\u00edfico sin la meticulosa alineaci\u00f3n estrat\u00e9gica de la generaci\u00f3n de valor del producto con las \u00e1reas de Acceso, Asuntos M\u00e9dicos y Marketing de la empresa. Nuestro equipo est\u00e1 compuesto por t\u00e9cnicos con nivel de doctorado en [&hellip;]","og_url":"https:\/\/mapesolutions.com\/es\/dossier-ets\/","og_site_name":"Mapes","article_modified_time":"2021-11-03T20:14:41+00:00","twitter_card":"summary_large_image","twitter_misc":{"Est. tempo de leitura":"1 minuto"},"schema":{"@context":"https:\/\/schema.org","@graph":[{"@type":"WebPage","@id":"https:\/\/mapesolutions.com\/es\/dossier-ets\/","url":"https:\/\/mapesolutions.com\/es\/dossier-ets\/","name":"Dossier ETS - Mapes","isPartOf":{"@id":"https:\/\/mapesolutions.com\/es\/#website"},"datePublished":"2021-07-19T20:27:52+00:00","dateModified":"2021-11-03T20:14:41+00:00","breadcrumb":{"@id":"https:\/\/mapesolutions.com\/es\/dossier-ets\/#breadcrumb"},"inLanguage":"pt-BR","potentialAction":[{"@type":"ReadAction","target":["https:\/\/mapesolutions.com\/es\/dossier-ets\/"]}]},{"@type":"BreadcrumbList","@id":"https:\/\/mapesolutions.com\/es\/dossier-ets\/#breadcrumb","itemListElement":[{"@type":"ListItem","position":1,"name":"In\u00edcio","item":"https:\/\/mapesolutions.com\/es\/"},{"@type":"ListItem","position":2,"name":"Dossier ETS"}]},{"@type":"WebSite","@id":"https:\/\/mapesolutions.com\/es\/#website","url":"https:\/\/mapesolutions.com\/es\/","name":"Mapes","description":"","potentialAction":[{"@type":"SearchAction","target":{"@type":"EntryPoint","urlTemplate":"https:\/\/mapesolutions.com\/es\/?s={search_term_string}"},"query-input":{"@type":"PropertyValueSpecification","valueRequired":true,"valueName":"search_term_string"}}],"inLanguage":"pt-BR"}]}},"_links":{"self":[{"href":"https:\/\/mapesolutions.com\/es\/wp-json\/wp\/v2\/pages\/5872","targetHints":{"allow":["GET"]}}],"collection":[{"href":"https:\/\/mapesolutions.com\/es\/wp-json\/wp\/v2\/pages"}],"about":[{"href":"https:\/\/mapesolutions.com\/es\/wp-json\/wp\/v2\/types\/page"}],"author":[{"embeddable":true,"href":"https:\/\/mapesolutions.com\/es\/wp-json\/wp\/v2\/users\/7"}],"replies":[{"embeddable":true,"href":"https:\/\/mapesolutions.com\/es\/wp-json\/wp\/v2\/comments?post=5872"}],"version-history":[{"count":3,"href":"https:\/\/mapesolutions.com\/es\/wp-json\/wp\/v2\/pages\/5872\/revisions"}],"predecessor-version":[{"id":6644,"href":"https:\/\/mapesolutions.com\/es\/wp-json\/wp\/v2\/pages\/5872\/revisions\/6644"}],"wp:attachment":[{"href":"https:\/\/mapesolutions.com\/es\/wp-json\/wp\/v2\/media?parent=5872"}],"curies":[{"name":"wp","href":"https:\/\/api.w.org\/{rel}","templated":true}]}}