{"id":5869,"date":"2021-07-19T17:24:12","date_gmt":"2021-07-19T20:24:12","guid":{"rendered":"http:\/\/mapes.wsihost.com.br\/?page_id=5869"},"modified":"2021-11-03T17:12:55","modified_gmt":"2021-11-03T20:12:55","slug":"analisis-estadistico","status":"publish","type":"page","link":"https:\/\/mapesolutions.com\/es\/analisis-estadistico\/","title":{"rendered":"An\u00e1lisis Estad\u00edstico"},"content":{"rendered":"<section class=\"kc-elm kc-css-269712 kc_row\"><div class=\"kc-row-container  kc-container\"><div class=\"kc-wrap-columns\"><div class=\"kc-elm kc-css-234858 kc_col-sm-12 kc_column kc_col-sm-12\"><div class=\"kc-col-container\">\t\r\r\t<div class=\"kc-elm kc-css-669060 \">\r\r\t\t<div class=\"section-title  t_left\">\r\t\t\t\t\t\t\t<h5>Life Science<\/h5>\r\t\t\t\t\t\t<h2>HEOR y Pricing<\/h2>\r\t\t\t<h2> <span>An\u00e1lisis Estad\u00edstico<\/span><\/h2>\r\t\t\t\r\t\t\t\t\t\t\r\t\t\t\t\t\t\r\t\t\t\t<div class=\"em-bar-main\">\r\t\t\t\t\t<div class=\"em-bar em-bar-big\"><\/div>\r\t\t\t\t<\/div>\r\t\t\t\t\r\t\t\t\r\r\t\t\t\t\t\t\r\t\t\t\t\r\r\t\t<\/div>\t\r\r\t<\/div>\t\r\r\t<div class=\"kc-elm kc-css-329202 kc_text_block\"><\/p>\n<p>Los an\u00e1lisis estad\u00edsticos de una muestra de datos son fundamentales para determinar sus patrones y tendencias, probando hip\u00f3tesis para que sea posible extrapolar estas caracter\u00edsticas a la poblaci\u00f3n a evaluar.<\/p>\n<p>El an\u00e1lisis descriptivo es la fase inicial del proceso de estudio del recopilador de datos y se utiliza para describir y resumir los datos. A partir de este conocimiento sobre la muestra, es posible comparar los grupos contenidos en estas muestras, evaluando si existen diferencias significativas entre ellos. Finalmente, es posible realizar el an\u00e1lisis de correlaciones entre variables clave y realizar predicciones mediante regresiones.<\/p>\n<p>MapeSolutions cuenta con un equipo multidisciplinario, con profesionales con conocimientos cl\u00ednicos y estad\u00edsticos, lo que permite la realizaci\u00f3n de an\u00e1lisis con alto rigor metodol\u00f3gico y que responden a preguntas clave formuladas para la poblaci\u00f3n o tecnolog\u00eda en cuesti\u00f3n. Los an\u00e1lisis estad\u00edsticos son esenciales cuando se trata de estudios del mundo real, tanto con datos de bases de datos secundarias, registros m\u00e9dicos y bases de datos administrativas de hospitales.<\/p>\n<p>\n<\/div><\/div><\/div><\/div><\/div><\/section>\n","protected":false},"excerpt":{"rendered":"","protected":false},"author":7,"featured_media":0,"parent":0,"menu_order":0,"comment_status":"closed","ping_status":"closed","template":"","meta":{"footnotes":""},"class_list":["post-5869","page","type-page","status-publish","hentry"],"yoast_head":"<!-- This site is optimized with the Yoast SEO plugin v27.4 - https:\/\/yoast.com\/product\/yoast-seo-wordpress\/ -->\n<title>An\u00e1lisis Estad\u00edstico - Mapes<\/title>\n<meta name=\"robots\" content=\"index, follow, max-snippet:-1, max-image-preview:large, max-video-preview:-1\" \/>\n<link rel=\"canonical\" href=\"https:\/\/mapesolutions.com\/es\/analisis-estadistico\/\" \/>\n<meta property=\"og:locale\" content=\"pt_BR\" \/>\n<meta property=\"og:type\" content=\"article\" \/>\n<meta property=\"og:title\" content=\"An\u00e1lisis Estad\u00edstico - Mapes\" \/>\n<meta property=\"og:description\" content=\"Life Science HEOR y Pricing An\u00e1lisis Estad\u00edstico Los an\u00e1lisis estad\u00edsticos de una muestra de datos son fundamentales para determinar sus patrones y tendencias, probando hip\u00f3tesis para que sea posible extrapolar estas caracter\u00edsticas a la poblaci\u00f3n a evaluar. El an\u00e1lisis descriptivo es la fase inicial del proceso de estudio del recopilador de datos y se utiliza [&hellip;]\" \/>\n<meta property=\"og:url\" content=\"https:\/\/mapesolutions.com\/es\/analisis-estadistico\/\" \/>\n<meta property=\"og:site_name\" content=\"Mapes\" \/>\n<meta property=\"article:modified_time\" content=\"2021-11-03T20:12:55+00:00\" \/>\n<meta name=\"twitter:card\" content=\"summary_large_image\" \/>\n<meta name=\"twitter:label1\" content=\"Est. tempo de leitura\" \/>\n\t<meta name=\"twitter:data1\" content=\"1 minuto\" \/>\n<script type=\"application\/ld+json\" class=\"yoast-schema-graph\">{\"@context\":\"https:\\\/\\\/schema.org\",\"@graph\":[{\"@type\":\"WebPage\",\"@id\":\"https:\\\/\\\/mapesolutions.com\\\/es\\\/analisis-estadistico\\\/\",\"url\":\"https:\\\/\\\/mapesolutions.com\\\/es\\\/analisis-estadistico\\\/\",\"name\":\"An\u00e1lisis Estad\u00edstico - Mapes\",\"isPartOf\":{\"@id\":\"https:\\\/\\\/mapesolutions.com\\\/es\\\/#website\"},\"datePublished\":\"2021-07-19T20:24:12+00:00\",\"dateModified\":\"2021-11-03T20:12:55+00:00\",\"breadcrumb\":{\"@id\":\"https:\\\/\\\/mapesolutions.com\\\/es\\\/analisis-estadistico\\\/#breadcrumb\"},\"inLanguage\":\"pt-BR\",\"potentialAction\":[{\"@type\":\"ReadAction\",\"target\":[\"https:\\\/\\\/mapesolutions.com\\\/es\\\/analisis-estadistico\\\/\"]}]},{\"@type\":\"BreadcrumbList\",\"@id\":\"https:\\\/\\\/mapesolutions.com\\\/es\\\/analisis-estadistico\\\/#breadcrumb\",\"itemListElement\":[{\"@type\":\"ListItem\",\"position\":1,\"name\":\"In\u00edcio\",\"item\":\"https:\\\/\\\/mapesolutions.com\\\/es\\\/\"},{\"@type\":\"ListItem\",\"position\":2,\"name\":\"An\u00e1lisis Estad\u00edstico\"}]},{\"@type\":\"WebSite\",\"@id\":\"https:\\\/\\\/mapesolutions.com\\\/es\\\/#website\",\"url\":\"https:\\\/\\\/mapesolutions.com\\\/es\\\/\",\"name\":\"Mapes\",\"description\":\"\",\"potentialAction\":[{\"@type\":\"SearchAction\",\"target\":{\"@type\":\"EntryPoint\",\"urlTemplate\":\"https:\\\/\\\/mapesolutions.com\\\/es\\\/?s={search_term_string}\"},\"query-input\":{\"@type\":\"PropertyValueSpecification\",\"valueRequired\":true,\"valueName\":\"search_term_string\"}}],\"inLanguage\":\"pt-BR\"}]}<\/script>\n<!-- \/ Yoast SEO plugin. -->","yoast_head_json":{"title":"An\u00e1lisis Estad\u00edstico - Mapes","robots":{"index":"index","follow":"follow","max-snippet":"max-snippet:-1","max-image-preview":"max-image-preview:large","max-video-preview":"max-video-preview:-1"},"canonical":"https:\/\/mapesolutions.com\/es\/analisis-estadistico\/","og_locale":"pt_BR","og_type":"article","og_title":"An\u00e1lisis Estad\u00edstico - Mapes","og_description":"Life Science HEOR y Pricing An\u00e1lisis Estad\u00edstico Los an\u00e1lisis estad\u00edsticos de una muestra de datos son fundamentales para determinar sus patrones y tendencias, probando hip\u00f3tesis para que sea posible extrapolar estas caracter\u00edsticas a la poblaci\u00f3n a evaluar. El an\u00e1lisis descriptivo es la fase inicial del proceso de estudio del recopilador de datos y se utiliza [&hellip;]","og_url":"https:\/\/mapesolutions.com\/es\/analisis-estadistico\/","og_site_name":"Mapes","article_modified_time":"2021-11-03T20:12:55+00:00","twitter_card":"summary_large_image","twitter_misc":{"Est. tempo de leitura":"1 minuto"},"schema":{"@context":"https:\/\/schema.org","@graph":[{"@type":"WebPage","@id":"https:\/\/mapesolutions.com\/es\/analisis-estadistico\/","url":"https:\/\/mapesolutions.com\/es\/analisis-estadistico\/","name":"An\u00e1lisis Estad\u00edstico - Mapes","isPartOf":{"@id":"https:\/\/mapesolutions.com\/es\/#website"},"datePublished":"2021-07-19T20:24:12+00:00","dateModified":"2021-11-03T20:12:55+00:00","breadcrumb":{"@id":"https:\/\/mapesolutions.com\/es\/analisis-estadistico\/#breadcrumb"},"inLanguage":"pt-BR","potentialAction":[{"@type":"ReadAction","target":["https:\/\/mapesolutions.com\/es\/analisis-estadistico\/"]}]},{"@type":"BreadcrumbList","@id":"https:\/\/mapesolutions.com\/es\/analisis-estadistico\/#breadcrumb","itemListElement":[{"@type":"ListItem","position":1,"name":"In\u00edcio","item":"https:\/\/mapesolutions.com\/es\/"},{"@type":"ListItem","position":2,"name":"An\u00e1lisis Estad\u00edstico"}]},{"@type":"WebSite","@id":"https:\/\/mapesolutions.com\/es\/#website","url":"https:\/\/mapesolutions.com\/es\/","name":"Mapes","description":"","potentialAction":[{"@type":"SearchAction","target":{"@type":"EntryPoint","urlTemplate":"https:\/\/mapesolutions.com\/es\/?s={search_term_string}"},"query-input":{"@type":"PropertyValueSpecification","valueRequired":true,"valueName":"search_term_string"}}],"inLanguage":"pt-BR"}]}},"_links":{"self":[{"href":"https:\/\/mapesolutions.com\/es\/wp-json\/wp\/v2\/pages\/5869","targetHints":{"allow":["GET"]}}],"collection":[{"href":"https:\/\/mapesolutions.com\/es\/wp-json\/wp\/v2\/pages"}],"about":[{"href":"https:\/\/mapesolutions.com\/es\/wp-json\/wp\/v2\/types\/page"}],"author":[{"embeddable":true,"href":"https:\/\/mapesolutions.com\/es\/wp-json\/wp\/v2\/users\/7"}],"replies":[{"embeddable":true,"href":"https:\/\/mapesolutions.com\/es\/wp-json\/wp\/v2\/comments?post=5869"}],"version-history":[{"count":4,"href":"https:\/\/mapesolutions.com\/es\/wp-json\/wp\/v2\/pages\/5869\/revisions"}],"predecessor-version":[{"id":6642,"href":"https:\/\/mapesolutions.com\/es\/wp-json\/wp\/v2\/pages\/5869\/revisions\/6642"}],"wp:attachment":[{"href":"https:\/\/mapesolutions.com\/es\/wp-json\/wp\/v2\/media?parent=5869"}],"curies":[{"name":"wp","href":"https:\/\/api.w.org\/{rel}","templated":true}]}}