{"id":5867,"date":"2021-07-19T17:20:44","date_gmt":"2021-07-19T20:20:44","guid":{"rendered":"http:\/\/mapes.wsihost.com.br\/?page_id=5867"},"modified":"2021-11-03T17:11:13","modified_gmt":"2021-11-03T20:11:13","slug":"revision-sistematica","status":"publish","type":"page","link":"https:\/\/mapesolutions.com\/es\/revision-sistematica\/","title":{"rendered":"Revisi\u00f3n Sistem\u00e1tica"},"content":{"rendered":"<section class=\"kc-elm kc-css-234628 kc_row\"><div class=\"kc-row-container  kc-container\"><div class=\"kc-wrap-columns\"><div class=\"kc-elm kc-css-361093 kc_col-sm-12 kc_column kc_col-sm-12\"><div class=\"kc-col-container\">\t\r\r\t<div class=\"kc-elm kc-css-17094 \">\r\r\t\t<div class=\"section-title  t_left\">\r\t\t\t\t\t\t\t<h5>Life Science<\/h5>\r\t\t\t\t\t\t<h2>HEOR y Pricing<\/h2>\r\t\t\t<h2> <span>Revisi\u00f3n Sistem\u00e1tica<\/span><\/h2>\r\t\t\t\r\t\t\t\t\t\t\r\t\t\t\t\t\t\r\t\t\t\t<div class=\"em-bar-main\">\r\t\t\t\t\t<div class=\"em-bar em-bar-big\"><\/div>\r\t\t\t\t<\/div>\r\t\t\t\t\r\t\t\t\r\r\t\t\t\t\t\t\r\t\t\t\t\r\r\t\t<\/div>\t\r\r\t<\/div>\t\r\r\t<div class=\"kc-elm kc-css-468193 kc_text_block\"><\/p>\n<p>Las revisiones sistem\u00e1ticas se encuentran en la cima de la pir\u00e1mide de evidencia. Es la b\u00fasqueda y s\u00edntesis de la evidencia disponible para responder una pregunta cient\u00edfica clara y objetiva, a trav\u00e9s de m\u00e9todos sistem\u00e1ticos y reproducibles para identificar y seleccionar estudios primarios relevantes, as\u00ed como extraer y analizar los datos reportados en estos estudios.<\/p>\n<p>El primer paso en el desarrollo de una revisi\u00f3n sistem\u00e1tica es la formulaci\u00f3n de una pregunta cient\u00edfica basada en el acr\u00f3nimo PICOS, que tiene como objetivo aclarar la poblaci\u00f3n de inter\u00e9s, la intervenci\u00f3n evaluada, sus comparadores, los resultados importantes (desenlaces) y el tipo de estudio. que se pretende identificar. Con base en PICOS, se desarrollan estrategias de b\u00fasqueda que ayudaron a la b\u00fasqueda de estudios de inter\u00e9s en bases bibliogr\u00e1ficas. Despu\u00e9s de seleccionar los estudios y extraer los resultados, la revisi\u00f3n sistem\u00e1tica puede o no ir seguida de un metaan\u00e1lisis, que utiliza m\u00e9todos estad\u00edsticos para sintetizar los resultados recopilados.<\/p>\n<p>La revisi\u00f3n sistem\u00e1tica tiene como objetivo realizar una revisi\u00f3n cr\u00edtica y completa de un tema determinado. Es una herramienta clave para desarrollar expedientes de ETS, consensos cl\u00ednicos y pautas, y para establecer el recorrido cl\u00ednico de cada condici\u00f3n cl\u00ednica.<\/p>\n<p>\n<\/div><\/div><\/div><\/div><\/div><\/section>\n","protected":false},"excerpt":{"rendered":"","protected":false},"author":7,"featured_media":0,"parent":0,"menu_order":0,"comment_status":"closed","ping_status":"closed","template":"","meta":{"footnotes":""},"class_list":["post-5867","page","type-page","status-publish","hentry"],"yoast_head":"<!-- This site is optimized with the Yoast SEO plugin v27.4 - https:\/\/yoast.com\/product\/yoast-seo-wordpress\/ -->\n<title>Revisi\u00f3n Sistem\u00e1tica - Mapes<\/title>\n<meta name=\"robots\" content=\"index, follow, max-snippet:-1, max-image-preview:large, max-video-preview:-1\" \/>\n<link rel=\"canonical\" href=\"https:\/\/mapesolutions.com\/es\/revision-sistematica\/\" \/>\n<meta property=\"og:locale\" content=\"pt_BR\" \/>\n<meta property=\"og:type\" content=\"article\" \/>\n<meta property=\"og:title\" content=\"Revisi\u00f3n Sistem\u00e1tica - Mapes\" \/>\n<meta property=\"og:description\" content=\"Life Science HEOR y Pricing Revisi\u00f3n Sistem\u00e1tica Las revisiones sistem\u00e1ticas se encuentran en la cima de la pir\u00e1mide de evidencia. Es la b\u00fasqueda y s\u00edntesis de la evidencia disponible para responder una pregunta cient\u00edfica clara y objetiva, a trav\u00e9s de m\u00e9todos sistem\u00e1ticos y reproducibles para identificar y seleccionar estudios primarios relevantes, as\u00ed como extraer y [&hellip;]\" \/>\n<meta property=\"og:url\" content=\"https:\/\/mapesolutions.com\/es\/revision-sistematica\/\" \/>\n<meta property=\"og:site_name\" content=\"Mapes\" \/>\n<meta property=\"article:modified_time\" content=\"2021-11-03T20:11:13+00:00\" \/>\n<meta name=\"twitter:card\" content=\"summary_large_image\" \/>\n<meta name=\"twitter:label1\" content=\"Est. tempo de leitura\" \/>\n\t<meta name=\"twitter:data1\" content=\"1 minuto\" \/>\n<script type=\"application\/ld+json\" class=\"yoast-schema-graph\">{\"@context\":\"https:\\\/\\\/schema.org\",\"@graph\":[{\"@type\":\"WebPage\",\"@id\":\"https:\\\/\\\/mapesolutions.com\\\/es\\\/revision-sistematica\\\/\",\"url\":\"https:\\\/\\\/mapesolutions.com\\\/es\\\/revision-sistematica\\\/\",\"name\":\"Revisi\u00f3n Sistem\u00e1tica - Mapes\",\"isPartOf\":{\"@id\":\"https:\\\/\\\/mapesolutions.com\\\/es\\\/#website\"},\"datePublished\":\"2021-07-19T20:20:44+00:00\",\"dateModified\":\"2021-11-03T20:11:13+00:00\",\"breadcrumb\":{\"@id\":\"https:\\\/\\\/mapesolutions.com\\\/es\\\/revision-sistematica\\\/#breadcrumb\"},\"inLanguage\":\"pt-BR\",\"potentialAction\":[{\"@type\":\"ReadAction\",\"target\":[\"https:\\\/\\\/mapesolutions.com\\\/es\\\/revision-sistematica\\\/\"]}]},{\"@type\":\"BreadcrumbList\",\"@id\":\"https:\\\/\\\/mapesolutions.com\\\/es\\\/revision-sistematica\\\/#breadcrumb\",\"itemListElement\":[{\"@type\":\"ListItem\",\"position\":1,\"name\":\"In\u00edcio\",\"item\":\"https:\\\/\\\/mapesolutions.com\\\/es\\\/\"},{\"@type\":\"ListItem\",\"position\":2,\"name\":\"Revisi\u00f3n Sistem\u00e1tica\"}]},{\"@type\":\"WebSite\",\"@id\":\"https:\\\/\\\/mapesolutions.com\\\/es\\\/#website\",\"url\":\"https:\\\/\\\/mapesolutions.com\\\/es\\\/\",\"name\":\"Mapes\",\"description\":\"\",\"potentialAction\":[{\"@type\":\"SearchAction\",\"target\":{\"@type\":\"EntryPoint\",\"urlTemplate\":\"https:\\\/\\\/mapesolutions.com\\\/es\\\/?s={search_term_string}\"},\"query-input\":{\"@type\":\"PropertyValueSpecification\",\"valueRequired\":true,\"valueName\":\"search_term_string\"}}],\"inLanguage\":\"pt-BR\"}]}<\/script>\n<!-- \/ Yoast SEO plugin. -->","yoast_head_json":{"title":"Revisi\u00f3n Sistem\u00e1tica - Mapes","robots":{"index":"index","follow":"follow","max-snippet":"max-snippet:-1","max-image-preview":"max-image-preview:large","max-video-preview":"max-video-preview:-1"},"canonical":"https:\/\/mapesolutions.com\/es\/revision-sistematica\/","og_locale":"pt_BR","og_type":"article","og_title":"Revisi\u00f3n Sistem\u00e1tica - Mapes","og_description":"Life Science HEOR y Pricing Revisi\u00f3n Sistem\u00e1tica Las revisiones sistem\u00e1ticas se encuentran en la cima de la pir\u00e1mide de evidencia. Es la b\u00fasqueda y s\u00edntesis de la evidencia disponible para responder una pregunta cient\u00edfica clara y objetiva, a trav\u00e9s de m\u00e9todos sistem\u00e1ticos y reproducibles para identificar y seleccionar estudios primarios relevantes, as\u00ed como extraer y [&hellip;]","og_url":"https:\/\/mapesolutions.com\/es\/revision-sistematica\/","og_site_name":"Mapes","article_modified_time":"2021-11-03T20:11:13+00:00","twitter_card":"summary_large_image","twitter_misc":{"Est. tempo de leitura":"1 minuto"},"schema":{"@context":"https:\/\/schema.org","@graph":[{"@type":"WebPage","@id":"https:\/\/mapesolutions.com\/es\/revision-sistematica\/","url":"https:\/\/mapesolutions.com\/es\/revision-sistematica\/","name":"Revisi\u00f3n Sistem\u00e1tica - Mapes","isPartOf":{"@id":"https:\/\/mapesolutions.com\/es\/#website"},"datePublished":"2021-07-19T20:20:44+00:00","dateModified":"2021-11-03T20:11:13+00:00","breadcrumb":{"@id":"https:\/\/mapesolutions.com\/es\/revision-sistematica\/#breadcrumb"},"inLanguage":"pt-BR","potentialAction":[{"@type":"ReadAction","target":["https:\/\/mapesolutions.com\/es\/revision-sistematica\/"]}]},{"@type":"BreadcrumbList","@id":"https:\/\/mapesolutions.com\/es\/revision-sistematica\/#breadcrumb","itemListElement":[{"@type":"ListItem","position":1,"name":"In\u00edcio","item":"https:\/\/mapesolutions.com\/es\/"},{"@type":"ListItem","position":2,"name":"Revisi\u00f3n Sistem\u00e1tica"}]},{"@type":"WebSite","@id":"https:\/\/mapesolutions.com\/es\/#website","url":"https:\/\/mapesolutions.com\/es\/","name":"Mapes","description":"","potentialAction":[{"@type":"SearchAction","target":{"@type":"EntryPoint","urlTemplate":"https:\/\/mapesolutions.com\/es\/?s={search_term_string}"},"query-input":{"@type":"PropertyValueSpecification","valueRequired":true,"valueName":"search_term_string"}}],"inLanguage":"pt-BR"}]}},"_links":{"self":[{"href":"https:\/\/mapesolutions.com\/es\/wp-json\/wp\/v2\/pages\/5867","targetHints":{"allow":["GET"]}}],"collection":[{"href":"https:\/\/mapesolutions.com\/es\/wp-json\/wp\/v2\/pages"}],"about":[{"href":"https:\/\/mapesolutions.com\/es\/wp-json\/wp\/v2\/types\/page"}],"author":[{"embeddable":true,"href":"https:\/\/mapesolutions.com\/es\/wp-json\/wp\/v2\/users\/7"}],"replies":[{"embeddable":true,"href":"https:\/\/mapesolutions.com\/es\/wp-json\/wp\/v2\/comments?post=5867"}],"version-history":[{"count":3,"href":"https:\/\/mapesolutions.com\/es\/wp-json\/wp\/v2\/pages\/5867\/revisions"}],"predecessor-version":[{"id":6640,"href":"https:\/\/mapesolutions.com\/es\/wp-json\/wp\/v2\/pages\/5867\/revisions\/6640"}],"wp:attachment":[{"href":"https:\/\/mapesolutions.com\/es\/wp-json\/wp\/v2\/media?parent=5867"}],"curies":[{"name":"wp","href":"https:\/\/api.w.org\/{rel}","templated":true}]}}