{"id":5865,"date":"2021-07-19T17:18:49","date_gmt":"2021-07-19T20:18:49","guid":{"rendered":"http:\/\/mapes.wsihost.com.br\/?page_id=5865"},"modified":"2021-11-03T17:08:59","modified_gmt":"2021-11-03T20:08:59","slug":"entrenamientos","status":"publish","type":"page","link":"https:\/\/mapesolutions.com\/es\/entrenamientos\/","title":{"rendered":"Entrenamientos"},"content":{"rendered":"<section class=\"kc-elm kc-css-789772 kc_row\"><div class=\"kc-row-container  kc-container\"><div class=\"kc-wrap-columns\"><div class=\"kc-elm kc-css-201731 kc_col-sm-12 kc_column kc_col-sm-12\"><div class=\"kc-col-container\">\t\r\r\t<div class=\"kc-elm kc-css-20967 \">\r\r\t\t<div class=\"section-title  t_left\">\r\t\t\t\t\t\t\t<h5>Life Science<\/h5>\r\t\t\t\t\t\t<h2>Acceso al Mercado<\/h2>\r\t\t\t<h2> <span>Entrenamientos<\/span><\/h2>\r\t\t\t\r\t\t\t\t\t\t\r\t\t\t\t\t\t\r\t\t\t\t<div class=\"em-bar-main\">\r\t\t\t\t\t<div class=\"em-bar em-bar-big\"><\/div>\r\t\t\t\t<\/div>\r\t\t\t\t\r\t\t\t\r\r\t\t\t\t\t\t\r\t\t\t\t\r\r\t\t<\/div>\t\r\r\t<\/div>\t\r\r\t<div class=\"kc-elm kc-css-479506 kc_text_block\"><\/p>\n<p>La capacitaci\u00f3n en acceso al mercado tiene como objetivo capacitar a los profesionales de la industria farmac\u00e9utica para que comprendan c\u00f3mo posicionar su tecnolog\u00eda en un mercado cada vez m\u00e1s competitivo con partes interesadas m\u00e1s calificadas.<\/p>\n<p>Nuestra capacitaci\u00f3n est\u00e1 preparada por expertos e incluye c\u00f3mo mapear cuentas clave, preparar el viaje de acceso del paciente, comprender la cadena de decisiones del sector p\u00fablico\/privado y sus implicaciones para el mensaje de valor, y finalmente preparar un plan estrat\u00e9gico y t\u00e1ctico para una cuenta clave. Dichos pasos permiten el desarrollo de actividades de acceso avanzado a cargo de profesionales.<\/p>\n<p>Todas las actividades est\u00e1n enfocadas a la acci\u00f3n, es decir, los profesionales construir\u00e1n los pasos descritos, ampliando sus conocimientos y habilidades mientras se desarrollan los pasos.<\/p>\n<p>\n<\/div><\/div><\/div><\/div><\/div><\/section>\n","protected":false},"excerpt":{"rendered":"","protected":false},"author":7,"featured_media":0,"parent":0,"menu_order":0,"comment_status":"closed","ping_status":"closed","template":"","meta":{"footnotes":""},"class_list":["post-5865","page","type-page","status-publish","hentry"],"yoast_head":"<!-- This site is optimized with the Yoast SEO plugin v27.4 - https:\/\/yoast.com\/product\/yoast-seo-wordpress\/ -->\n<title>Entrenamientos - Mapes<\/title>\n<meta name=\"robots\" content=\"index, follow, max-snippet:-1, max-image-preview:large, max-video-preview:-1\" \/>\n<link rel=\"canonical\" href=\"https:\/\/mapesolutions.com\/es\/entrenamientos\/\" \/>\n<meta property=\"og:locale\" content=\"pt_BR\" \/>\n<meta property=\"og:type\" content=\"article\" \/>\n<meta property=\"og:title\" content=\"Entrenamientos - Mapes\" \/>\n<meta property=\"og:description\" content=\"Life Science Acceso al Mercado Entrenamientos La capacitaci\u00f3n en acceso al mercado tiene como objetivo capacitar a los profesionales de la industria farmac\u00e9utica para que comprendan c\u00f3mo posicionar su tecnolog\u00eda en un mercado cada vez m\u00e1s competitivo con partes interesadas m\u00e1s calificadas. Nuestra capacitaci\u00f3n est\u00e1 preparada por expertos e incluye c\u00f3mo mapear cuentas clave, preparar [&hellip;]\" \/>\n<meta property=\"og:url\" content=\"https:\/\/mapesolutions.com\/es\/entrenamientos\/\" \/>\n<meta property=\"og:site_name\" content=\"Mapes\" \/>\n<meta property=\"article:modified_time\" content=\"2021-11-03T20:08:59+00:00\" \/>\n<meta name=\"twitter:card\" content=\"summary_large_image\" \/>\n<meta name=\"twitter:label1\" content=\"Est. tempo de leitura\" \/>\n\t<meta name=\"twitter:data1\" content=\"1 minuto\" \/>\n<script type=\"application\/ld+json\" class=\"yoast-schema-graph\">{\"@context\":\"https:\\\/\\\/schema.org\",\"@graph\":[{\"@type\":\"WebPage\",\"@id\":\"https:\\\/\\\/mapesolutions.com\\\/es\\\/entrenamientos\\\/\",\"url\":\"https:\\\/\\\/mapesolutions.com\\\/es\\\/entrenamientos\\\/\",\"name\":\"Entrenamientos - Mapes\",\"isPartOf\":{\"@id\":\"https:\\\/\\\/mapesolutions.com\\\/es\\\/#website\"},\"datePublished\":\"2021-07-19T20:18:49+00:00\",\"dateModified\":\"2021-11-03T20:08:59+00:00\",\"breadcrumb\":{\"@id\":\"https:\\\/\\\/mapesolutions.com\\\/es\\\/entrenamientos\\\/#breadcrumb\"},\"inLanguage\":\"pt-BR\",\"potentialAction\":[{\"@type\":\"ReadAction\",\"target\":[\"https:\\\/\\\/mapesolutions.com\\\/es\\\/entrenamientos\\\/\"]}]},{\"@type\":\"BreadcrumbList\",\"@id\":\"https:\\\/\\\/mapesolutions.com\\\/es\\\/entrenamientos\\\/#breadcrumb\",\"itemListElement\":[{\"@type\":\"ListItem\",\"position\":1,\"name\":\"In\u00edcio\",\"item\":\"https:\\\/\\\/mapesolutions.com\\\/es\\\/\"},{\"@type\":\"ListItem\",\"position\":2,\"name\":\"Entrenamientos\"}]},{\"@type\":\"WebSite\",\"@id\":\"https:\\\/\\\/mapesolutions.com\\\/es\\\/#website\",\"url\":\"https:\\\/\\\/mapesolutions.com\\\/es\\\/\",\"name\":\"Mapes\",\"description\":\"\",\"potentialAction\":[{\"@type\":\"SearchAction\",\"target\":{\"@type\":\"EntryPoint\",\"urlTemplate\":\"https:\\\/\\\/mapesolutions.com\\\/es\\\/?s={search_term_string}\"},\"query-input\":{\"@type\":\"PropertyValueSpecification\",\"valueRequired\":true,\"valueName\":\"search_term_string\"}}],\"inLanguage\":\"pt-BR\"}]}<\/script>\n<!-- \/ Yoast SEO plugin. -->","yoast_head_json":{"title":"Entrenamientos - Mapes","robots":{"index":"index","follow":"follow","max-snippet":"max-snippet:-1","max-image-preview":"max-image-preview:large","max-video-preview":"max-video-preview:-1"},"canonical":"https:\/\/mapesolutions.com\/es\/entrenamientos\/","og_locale":"pt_BR","og_type":"article","og_title":"Entrenamientos - Mapes","og_description":"Life Science Acceso al Mercado Entrenamientos La capacitaci\u00f3n en acceso al mercado tiene como objetivo capacitar a los profesionales de la industria farmac\u00e9utica para que comprendan c\u00f3mo posicionar su tecnolog\u00eda en un mercado cada vez m\u00e1s competitivo con partes interesadas m\u00e1s calificadas. Nuestra capacitaci\u00f3n est\u00e1 preparada por expertos e incluye c\u00f3mo mapear cuentas clave, preparar [&hellip;]","og_url":"https:\/\/mapesolutions.com\/es\/entrenamientos\/","og_site_name":"Mapes","article_modified_time":"2021-11-03T20:08:59+00:00","twitter_card":"summary_large_image","twitter_misc":{"Est. tempo de leitura":"1 minuto"},"schema":{"@context":"https:\/\/schema.org","@graph":[{"@type":"WebPage","@id":"https:\/\/mapesolutions.com\/es\/entrenamientos\/","url":"https:\/\/mapesolutions.com\/es\/entrenamientos\/","name":"Entrenamientos - Mapes","isPartOf":{"@id":"https:\/\/mapesolutions.com\/es\/#website"},"datePublished":"2021-07-19T20:18:49+00:00","dateModified":"2021-11-03T20:08:59+00:00","breadcrumb":{"@id":"https:\/\/mapesolutions.com\/es\/entrenamientos\/#breadcrumb"},"inLanguage":"pt-BR","potentialAction":[{"@type":"ReadAction","target":["https:\/\/mapesolutions.com\/es\/entrenamientos\/"]}]},{"@type":"BreadcrumbList","@id":"https:\/\/mapesolutions.com\/es\/entrenamientos\/#breadcrumb","itemListElement":[{"@type":"ListItem","position":1,"name":"In\u00edcio","item":"https:\/\/mapesolutions.com\/es\/"},{"@type":"ListItem","position":2,"name":"Entrenamientos"}]},{"@type":"WebSite","@id":"https:\/\/mapesolutions.com\/es\/#website","url":"https:\/\/mapesolutions.com\/es\/","name":"Mapes","description":"","potentialAction":[{"@type":"SearchAction","target":{"@type":"EntryPoint","urlTemplate":"https:\/\/mapesolutions.com\/es\/?s={search_term_string}"},"query-input":{"@type":"PropertyValueSpecification","valueRequired":true,"valueName":"search_term_string"}}],"inLanguage":"pt-BR"}]}},"_links":{"self":[{"href":"https:\/\/mapesolutions.com\/es\/wp-json\/wp\/v2\/pages\/5865","targetHints":{"allow":["GET"]}}],"collection":[{"href":"https:\/\/mapesolutions.com\/es\/wp-json\/wp\/v2\/pages"}],"about":[{"href":"https:\/\/mapesolutions.com\/es\/wp-json\/wp\/v2\/types\/page"}],"author":[{"embeddable":true,"href":"https:\/\/mapesolutions.com\/es\/wp-json\/wp\/v2\/users\/7"}],"replies":[{"embeddable":true,"href":"https:\/\/mapesolutions.com\/es\/wp-json\/wp\/v2\/comments?post=5865"}],"version-history":[{"count":2,"href":"https:\/\/mapesolutions.com\/es\/wp-json\/wp\/v2\/pages\/5865\/revisions"}],"predecessor-version":[{"id":6637,"href":"https:\/\/mapesolutions.com\/es\/wp-json\/wp\/v2\/pages\/5865\/revisions\/6637"}],"wp:attachment":[{"href":"https:\/\/mapesolutions.com\/es\/wp-json\/wp\/v2\/media?parent=5865"}],"curies":[{"name":"wp","href":"https:\/\/api.w.org\/{rel}","templated":true}]}}