{"id":5858,"date":"2021-07-19T17:11:16","date_gmt":"2021-07-19T20:11:16","guid":{"rendered":"http:\/\/mapes.wsihost.com.br\/?page_id=5858"},"modified":"2021-11-03T17:07:22","modified_gmt":"2021-11-03T20:07:22","slug":"riesgo-compartido","status":"publish","type":"page","link":"https:\/\/mapesolutions.com\/es\/riesgo-compartido\/","title":{"rendered":"Riesgo Compartido"},"content":{"rendered":"<section class=\"kc-elm kc-css-34502 kc_row\"><div class=\"kc-row-container  kc-container\"><div class=\"kc-wrap-columns\"><div class=\"kc-elm kc-css-990180 kc_col-sm-12 kc_column kc_col-sm-12\"><div class=\"kc-col-container\">\t\r\r\t<div class=\"kc-elm kc-css-325759 \">\r\r\t\t<div class=\"section-title  t_left\">\r\t\t\t\t\t\t\t<h5>Life Science<\/h5>\r\t\t\t\t\t\t<h2>Acceso al Mercado<\/h2>\r\t\t\t<h2> <span>Riesgo Compartido<\/span><\/h2>\r\t\t\t\r\t\t\t\t\t\t\r\t\t\t\t\t\t\r\t\t\t\t<div class=\"em-bar-main\">\r\t\t\t\t\t<div class=\"em-bar em-bar-big\"><\/div>\r\t\t\t\t<\/div>\r\t\t\t\t\r\t\t\t\r\r\t\t\t\t\t\t\r\t\t\t\t\r\r\t\t<\/div>\t\r\r\t<\/div>\t\r\r\t<div class=\"kc-elm kc-css-605934 kc_text_block\"><\/p>\n<p>Los gerentes de los sistemas de salud exigen evidencia con datos de la vida real para minimizar sus riesgos debido a la asimetr\u00eda e incertidumbre de la informaci\u00f3n que se encuentran en el sector. La necesidad de administrar los costos mediante una mejor alineaci\u00f3n con la efectividad de las tecnolog\u00edas prescritas e incorporadas ha generado un aumento en la experimentaci\u00f3n y la colaboraci\u00f3n entre fabricantes y pagadores en los \u00faltimos a\u00f1os, y las negociaciones basadas en un acuerdo de riesgo compartido han llegado para satisfacer esta demanda.<\/p>\n<p>Como resultado de estas negociaciones, el precio final de las tecnolog\u00edas de la salud est\u00e1 condicionado por m\u00e9tricas relacionadas con la efectividad y la calidad cl\u00ednica con el fin de traer sustentabilidad al sistema a trav\u00e9s de la evidencia y el cambio en la toma de decisiones por parte de m\u00e9dicos y gerentes.<\/p>\n<p>MAPESolutions es una referencia internacional en t\u00e9rminos del desarrollo estrat\u00e9gico y operacionalizaci\u00f3n de estos contratos con capacidad de soporte de auditor\u00eda, Evaluaci\u00f3n de Tecnolog\u00eda Sanitaria y legal\/risk assessment.  En los \u00faltimos a\u00f1os, hemos desarrollado una plataforma digital para recopilar, monitorear y analizar indicadores, ya sean cl\u00ednicos o financieros, operando contratos de riesgo compartido entre la industria de Life Science, pagadores y proveedores de servicios de salud.<\/p>\n<p>\n<\/div><\/div><\/div><\/div><\/div><\/section>\n","protected":false},"excerpt":{"rendered":"","protected":false},"author":7,"featured_media":0,"parent":0,"menu_order":0,"comment_status":"closed","ping_status":"closed","template":"","meta":{"footnotes":""},"class_list":["post-5858","page","type-page","status-publish","hentry"],"yoast_head":"<!-- This site is optimized with the Yoast SEO plugin v27.4 - https:\/\/yoast.com\/product\/yoast-seo-wordpress\/ -->\n<title>Riesgo Compartido - Mapes<\/title>\n<meta name=\"robots\" content=\"index, follow, max-snippet:-1, max-image-preview:large, max-video-preview:-1\" \/>\n<link rel=\"canonical\" href=\"https:\/\/mapesolutions.com\/es\/riesgo-compartido\/\" \/>\n<meta property=\"og:locale\" content=\"pt_BR\" \/>\n<meta property=\"og:type\" content=\"article\" \/>\n<meta property=\"og:title\" content=\"Riesgo Compartido - Mapes\" \/>\n<meta property=\"og:description\" content=\"Life Science Acceso al Mercado Riesgo Compartido Los gerentes de los sistemas de salud exigen evidencia con datos de la vida real para minimizar sus riesgos debido a la asimetr\u00eda e incertidumbre de la informaci\u00f3n que se encuentran en el sector. La necesidad de administrar los costos mediante una mejor alineaci\u00f3n con la efectividad de [&hellip;]\" \/>\n<meta property=\"og:url\" content=\"https:\/\/mapesolutions.com\/es\/riesgo-compartido\/\" \/>\n<meta property=\"og:site_name\" content=\"Mapes\" \/>\n<meta property=\"article:modified_time\" content=\"2021-11-03T20:07:22+00:00\" \/>\n<meta name=\"twitter:card\" content=\"summary_large_image\" \/>\n<meta name=\"twitter:label1\" content=\"Est. tempo de leitura\" \/>\n\t<meta name=\"twitter:data1\" content=\"1 minuto\" \/>\n<script type=\"application\/ld+json\" class=\"yoast-schema-graph\">{\"@context\":\"https:\\\/\\\/schema.org\",\"@graph\":[{\"@type\":\"WebPage\",\"@id\":\"https:\\\/\\\/mapesolutions.com\\\/es\\\/riesgo-compartido\\\/\",\"url\":\"https:\\\/\\\/mapesolutions.com\\\/es\\\/riesgo-compartido\\\/\",\"name\":\"Riesgo Compartido - Mapes\",\"isPartOf\":{\"@id\":\"https:\\\/\\\/mapesolutions.com\\\/es\\\/#website\"},\"datePublished\":\"2021-07-19T20:11:16+00:00\",\"dateModified\":\"2021-11-03T20:07:22+00:00\",\"breadcrumb\":{\"@id\":\"https:\\\/\\\/mapesolutions.com\\\/es\\\/riesgo-compartido\\\/#breadcrumb\"},\"inLanguage\":\"pt-BR\",\"potentialAction\":[{\"@type\":\"ReadAction\",\"target\":[\"https:\\\/\\\/mapesolutions.com\\\/es\\\/riesgo-compartido\\\/\"]}]},{\"@type\":\"BreadcrumbList\",\"@id\":\"https:\\\/\\\/mapesolutions.com\\\/es\\\/riesgo-compartido\\\/#breadcrumb\",\"itemListElement\":[{\"@type\":\"ListItem\",\"position\":1,\"name\":\"In\u00edcio\",\"item\":\"https:\\\/\\\/mapesolutions.com\\\/es\\\/\"},{\"@type\":\"ListItem\",\"position\":2,\"name\":\"Riesgo Compartido\"}]},{\"@type\":\"WebSite\",\"@id\":\"https:\\\/\\\/mapesolutions.com\\\/es\\\/#website\",\"url\":\"https:\\\/\\\/mapesolutions.com\\\/es\\\/\",\"name\":\"Mapes\",\"description\":\"\",\"potentialAction\":[{\"@type\":\"SearchAction\",\"target\":{\"@type\":\"EntryPoint\",\"urlTemplate\":\"https:\\\/\\\/mapesolutions.com\\\/es\\\/?s={search_term_string}\"},\"query-input\":{\"@type\":\"PropertyValueSpecification\",\"valueRequired\":true,\"valueName\":\"search_term_string\"}}],\"inLanguage\":\"pt-BR\"}]}<\/script>\n<!-- \/ Yoast SEO plugin. -->","yoast_head_json":{"title":"Riesgo Compartido - Mapes","robots":{"index":"index","follow":"follow","max-snippet":"max-snippet:-1","max-image-preview":"max-image-preview:large","max-video-preview":"max-video-preview:-1"},"canonical":"https:\/\/mapesolutions.com\/es\/riesgo-compartido\/","og_locale":"pt_BR","og_type":"article","og_title":"Riesgo Compartido - Mapes","og_description":"Life Science Acceso al Mercado Riesgo Compartido Los gerentes de los sistemas de salud exigen evidencia con datos de la vida real para minimizar sus riesgos debido a la asimetr\u00eda e incertidumbre de la informaci\u00f3n que se encuentran en el sector. La necesidad de administrar los costos mediante una mejor alineaci\u00f3n con la efectividad de [&hellip;]","og_url":"https:\/\/mapesolutions.com\/es\/riesgo-compartido\/","og_site_name":"Mapes","article_modified_time":"2021-11-03T20:07:22+00:00","twitter_card":"summary_large_image","twitter_misc":{"Est. tempo de leitura":"1 minuto"},"schema":{"@context":"https:\/\/schema.org","@graph":[{"@type":"WebPage","@id":"https:\/\/mapesolutions.com\/es\/riesgo-compartido\/","url":"https:\/\/mapesolutions.com\/es\/riesgo-compartido\/","name":"Riesgo Compartido - Mapes","isPartOf":{"@id":"https:\/\/mapesolutions.com\/es\/#website"},"datePublished":"2021-07-19T20:11:16+00:00","dateModified":"2021-11-03T20:07:22+00:00","breadcrumb":{"@id":"https:\/\/mapesolutions.com\/es\/riesgo-compartido\/#breadcrumb"},"inLanguage":"pt-BR","potentialAction":[{"@type":"ReadAction","target":["https:\/\/mapesolutions.com\/es\/riesgo-compartido\/"]}]},{"@type":"BreadcrumbList","@id":"https:\/\/mapesolutions.com\/es\/riesgo-compartido\/#breadcrumb","itemListElement":[{"@type":"ListItem","position":1,"name":"In\u00edcio","item":"https:\/\/mapesolutions.com\/es\/"},{"@type":"ListItem","position":2,"name":"Riesgo Compartido"}]},{"@type":"WebSite","@id":"https:\/\/mapesolutions.com\/es\/#website","url":"https:\/\/mapesolutions.com\/es\/","name":"Mapes","description":"","potentialAction":[{"@type":"SearchAction","target":{"@type":"EntryPoint","urlTemplate":"https:\/\/mapesolutions.com\/es\/?s={search_term_string}"},"query-input":{"@type":"PropertyValueSpecification","valueRequired":true,"valueName":"search_term_string"}}],"inLanguage":"pt-BR"}]}},"_links":{"self":[{"href":"https:\/\/mapesolutions.com\/es\/wp-json\/wp\/v2\/pages\/5858","targetHints":{"allow":["GET"]}}],"collection":[{"href":"https:\/\/mapesolutions.com\/es\/wp-json\/wp\/v2\/pages"}],"about":[{"href":"https:\/\/mapesolutions.com\/es\/wp-json\/wp\/v2\/types\/page"}],"author":[{"embeddable":true,"href":"https:\/\/mapesolutions.com\/es\/wp-json\/wp\/v2\/users\/7"}],"replies":[{"embeddable":true,"href":"https:\/\/mapesolutions.com\/es\/wp-json\/wp\/v2\/comments?post=5858"}],"version-history":[{"count":6,"href":"https:\/\/mapesolutions.com\/es\/wp-json\/wp\/v2\/pages\/5858\/revisions"}],"predecessor-version":[{"id":6636,"href":"https:\/\/mapesolutions.com\/es\/wp-json\/wp\/v2\/pages\/5858\/revisions\/6636"}],"wp:attachment":[{"href":"https:\/\/mapesolutions.com\/es\/wp-json\/wp\/v2\/media?parent=5858"}],"curies":[{"name":"wp","href":"https:\/\/api.w.org\/{rel}","templated":true}]}}