{"id":5856,"date":"2021-07-19T17:02:27","date_gmt":"2021-07-19T20:02:27","guid":{"rendered":"http:\/\/mapes.wsihost.com.br\/?page_id=5856"},"modified":"2021-11-03T17:03:12","modified_gmt":"2021-11-03T20:03:12","slug":"consejo-asesor","status":"publish","type":"page","link":"https:\/\/mapesolutions.com\/es\/consejo-asesor\/","title":{"rendered":"Consejo Asesor"},"content":{"rendered":"<section class=\"kc-elm kc-css-388194 kc_row\"><div class=\"kc-row-container  kc-container\"><div class=\"kc-wrap-columns\"><div class=\"kc-elm kc-css-985608 kc_col-sm-12 kc_column kc_col-sm-12\"><div class=\"kc-col-container\">\t\r\r\t<div class=\"kc-elm kc-css-684559 \">\r\r\t\t<div class=\"section-title  t_left\">\r\t\t\t\t\t\t\t<h5>Life Science<\/h5>\r\t\t\t\t\t\t<h2>Acceso al Mercado<\/h2>\r\t\t\t<h2> <span>Consejo Asesor<\/span><\/h2>\r\t\t\t\r\t\t\t\t\t\t\r\t\t\t\t\t\t\r\t\t\t\t<div class=\"em-bar-main\">\r\t\t\t\t\t<div class=\"em-bar em-bar-big\"><\/div>\r\t\t\t\t<\/div>\r\t\t\t\t\r\t\t\t\r\r\t\t\t\t\t\t\r\t\t\t\t\r\r\t\t<\/div>\t\r\r\t<\/div>\t\r\r\t<div class=\"kc-elm kc-css-181036 kc_text_block\"><\/p>\n<p>Ante el complejo mercado de la salud, la creaci\u00f3n de un Consejo Asesor se destaca como una herramienta din\u00e1mica y pr\u00e1ctica. En MAPESolutions trabajamos con la construcci\u00f3n del escenario ideal para el desarrollo o validaci\u00f3n de acciones estrat\u00e9gicas, a trav\u00e9s de interacciones entre el grupo de expertos.  El mediador proporciona el punto de partida para discusiones que pueden cubrir las \u00e1reas de farmacoeconom\u00eda, pr\u00e1ctica cl\u00ednica, auditor\u00eda o gesti\u00f3n de la salud.<\/p>\n<p>Nuestro marco tiene como objetivo ejecutar cada evento con excelencia y enfocado en el objetivo. La gesti\u00f3n e implementaci\u00f3n de las actividades t\u00e1cticas se lleva a cabo despu\u00e9s de la aprobaci\u00f3n del plan de ejecuci\u00f3n, y nuestra evaluaci\u00f3n sopesa los riesgos y oportunidades a lo largo del proyecto. Todo el material se desarrolla con soporte t\u00e9cnico y experiencia en Acceso a Mercados P\u00fablicos o Privados.<\/p>\n<p>La realizaci\u00f3n de un Consejo Asesor agrega valor a la estrategia, trae nuevas visiones y relaciones de mercado. Es una oportunidad para que diferentes instituciones caminen conscientes de las necesidades, mejoren la comunicaci\u00f3n y generen nuevos negocios.<\/p>\n<p>\n<\/div><\/div><\/div><\/div><\/div><\/section>\n","protected":false},"excerpt":{"rendered":"","protected":false},"author":7,"featured_media":0,"parent":0,"menu_order":0,"comment_status":"closed","ping_status":"closed","template":"","meta":{"footnotes":""},"class_list":["post-5856","page","type-page","status-publish","hentry"],"yoast_head":"<!-- This site is optimized with the Yoast SEO plugin v27.4 - https:\/\/yoast.com\/product\/yoast-seo-wordpress\/ -->\n<title>Consejo Asesor - Mapes<\/title>\n<meta name=\"robots\" content=\"index, follow, max-snippet:-1, max-image-preview:large, max-video-preview:-1\" \/>\n<link rel=\"canonical\" href=\"https:\/\/mapesolutions.com\/es\/consejo-asesor\/\" \/>\n<meta property=\"og:locale\" content=\"pt_BR\" \/>\n<meta property=\"og:type\" content=\"article\" \/>\n<meta property=\"og:title\" content=\"Consejo Asesor - Mapes\" \/>\n<meta property=\"og:description\" content=\"Life Science Acceso al Mercado Consejo Asesor Ante el complejo mercado de la salud, la creaci\u00f3n de un Consejo Asesor se destaca como una herramienta din\u00e1mica y pr\u00e1ctica. En MAPESolutions trabajamos con la construcci\u00f3n del escenario ideal para el desarrollo o validaci\u00f3n de acciones estrat\u00e9gicas, a trav\u00e9s de interacciones entre el grupo de expertos. El [&hellip;]\" \/>\n<meta property=\"og:url\" content=\"https:\/\/mapesolutions.com\/es\/consejo-asesor\/\" \/>\n<meta property=\"og:site_name\" content=\"Mapes\" \/>\n<meta property=\"article:modified_time\" content=\"2021-11-03T20:03:12+00:00\" \/>\n<meta name=\"twitter:card\" content=\"summary_large_image\" \/>\n<meta name=\"twitter:label1\" content=\"Est. tempo de leitura\" \/>\n\t<meta name=\"twitter:data1\" content=\"1 minuto\" \/>\n<script type=\"application\/ld+json\" class=\"yoast-schema-graph\">{\"@context\":\"https:\\\/\\\/schema.org\",\"@graph\":[{\"@type\":\"WebPage\",\"@id\":\"https:\\\/\\\/mapesolutions.com\\\/es\\\/consejo-asesor\\\/\",\"url\":\"https:\\\/\\\/mapesolutions.com\\\/es\\\/consejo-asesor\\\/\",\"name\":\"Consejo Asesor - Mapes\",\"isPartOf\":{\"@id\":\"https:\\\/\\\/mapesolutions.com\\\/es\\\/#website\"},\"datePublished\":\"2021-07-19T20:02:27+00:00\",\"dateModified\":\"2021-11-03T20:03:12+00:00\",\"breadcrumb\":{\"@id\":\"https:\\\/\\\/mapesolutions.com\\\/es\\\/consejo-asesor\\\/#breadcrumb\"},\"inLanguage\":\"pt-BR\",\"potentialAction\":[{\"@type\":\"ReadAction\",\"target\":[\"https:\\\/\\\/mapesolutions.com\\\/es\\\/consejo-asesor\\\/\"]}]},{\"@type\":\"BreadcrumbList\",\"@id\":\"https:\\\/\\\/mapesolutions.com\\\/es\\\/consejo-asesor\\\/#breadcrumb\",\"itemListElement\":[{\"@type\":\"ListItem\",\"position\":1,\"name\":\"In\u00edcio\",\"item\":\"https:\\\/\\\/mapesolutions.com\\\/es\\\/\"},{\"@type\":\"ListItem\",\"position\":2,\"name\":\"Consejo Asesor\"}]},{\"@type\":\"WebSite\",\"@id\":\"https:\\\/\\\/mapesolutions.com\\\/es\\\/#website\",\"url\":\"https:\\\/\\\/mapesolutions.com\\\/es\\\/\",\"name\":\"Mapes\",\"description\":\"\",\"potentialAction\":[{\"@type\":\"SearchAction\",\"target\":{\"@type\":\"EntryPoint\",\"urlTemplate\":\"https:\\\/\\\/mapesolutions.com\\\/es\\\/?s={search_term_string}\"},\"query-input\":{\"@type\":\"PropertyValueSpecification\",\"valueRequired\":true,\"valueName\":\"search_term_string\"}}],\"inLanguage\":\"pt-BR\"}]}<\/script>\n<!-- \/ Yoast SEO plugin. -->","yoast_head_json":{"title":"Consejo Asesor - Mapes","robots":{"index":"index","follow":"follow","max-snippet":"max-snippet:-1","max-image-preview":"max-image-preview:large","max-video-preview":"max-video-preview:-1"},"canonical":"https:\/\/mapesolutions.com\/es\/consejo-asesor\/","og_locale":"pt_BR","og_type":"article","og_title":"Consejo Asesor - Mapes","og_description":"Life Science Acceso al Mercado Consejo Asesor Ante el complejo mercado de la salud, la creaci\u00f3n de un Consejo Asesor se destaca como una herramienta din\u00e1mica y pr\u00e1ctica. En MAPESolutions trabajamos con la construcci\u00f3n del escenario ideal para el desarrollo o validaci\u00f3n de acciones estrat\u00e9gicas, a trav\u00e9s de interacciones entre el grupo de expertos. El [&hellip;]","og_url":"https:\/\/mapesolutions.com\/es\/consejo-asesor\/","og_site_name":"Mapes","article_modified_time":"2021-11-03T20:03:12+00:00","twitter_card":"summary_large_image","twitter_misc":{"Est. tempo de leitura":"1 minuto"},"schema":{"@context":"https:\/\/schema.org","@graph":[{"@type":"WebPage","@id":"https:\/\/mapesolutions.com\/es\/consejo-asesor\/","url":"https:\/\/mapesolutions.com\/es\/consejo-asesor\/","name":"Consejo Asesor - Mapes","isPartOf":{"@id":"https:\/\/mapesolutions.com\/es\/#website"},"datePublished":"2021-07-19T20:02:27+00:00","dateModified":"2021-11-03T20:03:12+00:00","breadcrumb":{"@id":"https:\/\/mapesolutions.com\/es\/consejo-asesor\/#breadcrumb"},"inLanguage":"pt-BR","potentialAction":[{"@type":"ReadAction","target":["https:\/\/mapesolutions.com\/es\/consejo-asesor\/"]}]},{"@type":"BreadcrumbList","@id":"https:\/\/mapesolutions.com\/es\/consejo-asesor\/#breadcrumb","itemListElement":[{"@type":"ListItem","position":1,"name":"In\u00edcio","item":"https:\/\/mapesolutions.com\/es\/"},{"@type":"ListItem","position":2,"name":"Consejo Asesor"}]},{"@type":"WebSite","@id":"https:\/\/mapesolutions.com\/es\/#website","url":"https:\/\/mapesolutions.com\/es\/","name":"Mapes","description":"","potentialAction":[{"@type":"SearchAction","target":{"@type":"EntryPoint","urlTemplate":"https:\/\/mapesolutions.com\/es\/?s={search_term_string}"},"query-input":{"@type":"PropertyValueSpecification","valueRequired":true,"valueName":"search_term_string"}}],"inLanguage":"pt-BR"}]}},"_links":{"self":[{"href":"https:\/\/mapesolutions.com\/es\/wp-json\/wp\/v2\/pages\/5856","targetHints":{"allow":["GET"]}}],"collection":[{"href":"https:\/\/mapesolutions.com\/es\/wp-json\/wp\/v2\/pages"}],"about":[{"href":"https:\/\/mapesolutions.com\/es\/wp-json\/wp\/v2\/types\/page"}],"author":[{"embeddable":true,"href":"https:\/\/mapesolutions.com\/es\/wp-json\/wp\/v2\/users\/7"}],"replies":[{"embeddable":true,"href":"https:\/\/mapesolutions.com\/es\/wp-json\/wp\/v2\/comments?post=5856"}],"version-history":[{"count":3,"href":"https:\/\/mapesolutions.com\/es\/wp-json\/wp\/v2\/pages\/5856\/revisions"}],"predecessor-version":[{"id":6634,"href":"https:\/\/mapesolutions.com\/es\/wp-json\/wp\/v2\/pages\/5856\/revisions\/6634"}],"wp:attachment":[{"href":"https:\/\/mapesolutions.com\/es\/wp-json\/wp\/v2\/media?parent=5856"}],"curies":[{"name":"wp","href":"https:\/\/api.w.org\/{rel}","templated":true}]}}