{"id":5848,"date":"2021-07-19T16:54:12","date_gmt":"2021-07-19T19:54:12","guid":{"rendered":"http:\/\/mapes.wsihost.com.br\/?page_id=5848"},"modified":"2021-11-03T16:59:16","modified_gmt":"2021-11-03T19:59:16","slug":"diagnostico-situacional","status":"publish","type":"page","link":"https:\/\/mapesolutions.com\/es\/diagnostico-situacional\/","title":{"rendered":"Diagn\u00f3stico Situacional"},"content":{"rendered":"<section class=\"kc-elm kc-css-158154 kc_row\"><div class=\"kc-row-container  kc-container\"><div class=\"kc-wrap-columns\"><div class=\"kc-elm kc-css-61392 kc_col-sm-12 kc_column kc_col-sm-12\"><div class=\"kc-col-container\">\t\r\r\t<div class=\"kc-elm kc-css-414326 \">\r\r\t\t<div class=\"section-title  t_left\">\r\t\t\t\t\t\t\t<h5>Life Science<\/h5>\r\t\t\t\t\t\t<h2>Acceso al Mercado<\/h2>\r\t\t\t<h2> <span>Diagn\u00f3stico Situacional <\/span><\/h2>\r\t\t\t\r\t\t\t\t\t\t\r\t\t\t\t\t\t\r\t\t\t\t<div class=\"em-bar-main\">\r\t\t\t\t\t<div class=\"em-bar em-bar-big\"><\/div>\r\t\t\t\t<\/div>\r\t\t\t\t\r\t\t\t\r\r\t\t\t\t\t\t\r\t\t\t\t\r\r\t\t<\/div>\t\r\r\t<\/div>\t\r\r\t<div class=\"kc-elm kc-css-779703 kc_text_block\"><\/p>\n<p>Una buena planificaci\u00f3n estrat\u00e9gica comienza con la elaboraci\u00f3n de un diagn\u00f3stico situacional, ya que la estrategia exige personalizaci\u00f3n. El paso hacia la personalizaci\u00f3n es comprender la realidad de la patolog\u00eda, la tecnolog\u00eda y c\u00f3mo se comportan las organizaciones sanitarias.  Toda esta investigaci\u00f3n permite el desarrollo de inteligencia estrat\u00e9gica, con el fin de mejorar la posici\u00f3n competitiva donde se quiere actuar (por ejemplo, mercado p\u00fablico, mercado privado).<\/p>\n<p>El diagn\u00f3stico es una suma de informaciones obtenidas de diferentes fuentes y el objetivo es buscar datos e informaciones que puedan subvencionar el desarrollo de la inteligencia estrat\u00e9gica.<\/p>\n<p>Un buen diagn\u00f3stico estrat\u00e9gico comprende informaci\u00f3n sobre el mercado potencial, mapeo de personas influyentes y actores clave en el sistema, conocimientos clave de KOL, expertos en HEOR\/ETS, gerentes y tomadores de decisiones, pol\u00edticas de cobertura y financiamiento\/reembolso, y procesos de utilizaci\u00f3n. Al final, se realiza un trabajo de campo, con entrevistas para validar la informaci\u00f3n recolectada.<\/p>\n<p>\n<\/div><\/div><\/div><\/div><\/div><\/section>\n","protected":false},"excerpt":{"rendered":"","protected":false},"author":7,"featured_media":0,"parent":0,"menu_order":0,"comment_status":"closed","ping_status":"closed","template":"","meta":{"footnotes":""},"class_list":["post-5848","page","type-page","status-publish","hentry"],"yoast_head":"<!-- This site is optimized with the Yoast SEO plugin v27.4 - https:\/\/yoast.com\/product\/yoast-seo-wordpress\/ -->\n<title>Diagn\u00f3stico Situacional  - Mapes<\/title>\n<meta name=\"robots\" content=\"index, follow, max-snippet:-1, max-image-preview:large, max-video-preview:-1\" \/>\n<link rel=\"canonical\" href=\"https:\/\/mapesolutions.com\/es\/diagnostico-situacional\/\" \/>\n<meta property=\"og:locale\" content=\"pt_BR\" \/>\n<meta property=\"og:type\" content=\"article\" \/>\n<meta property=\"og:title\" content=\"Diagn\u00f3stico Situacional  - Mapes\" \/>\n<meta property=\"og:description\" content=\"Life Science Acceso al Mercado Diagn\u00f3stico Situacional Una buena planificaci\u00f3n estrat\u00e9gica comienza con la elaboraci\u00f3n de un diagn\u00f3stico situacional, ya que la estrategia exige personalizaci\u00f3n. El paso hacia la personalizaci\u00f3n es comprender la realidad de la patolog\u00eda, la tecnolog\u00eda y c\u00f3mo se comportan las organizaciones sanitarias. Toda esta investigaci\u00f3n permite el desarrollo de inteligencia estrat\u00e9gica, [&hellip;]\" \/>\n<meta property=\"og:url\" content=\"https:\/\/mapesolutions.com\/es\/diagnostico-situacional\/\" \/>\n<meta property=\"og:site_name\" content=\"Mapes\" \/>\n<meta property=\"article:modified_time\" content=\"2021-11-03T19:59:16+00:00\" \/>\n<meta name=\"twitter:card\" content=\"summary_large_image\" \/>\n<meta name=\"twitter:label1\" content=\"Est. tempo de leitura\" \/>\n\t<meta name=\"twitter:data1\" content=\"1 minuto\" \/>\n<script type=\"application\/ld+json\" class=\"yoast-schema-graph\">{\"@context\":\"https:\\\/\\\/schema.org\",\"@graph\":[{\"@type\":\"WebPage\",\"@id\":\"https:\\\/\\\/mapesolutions.com\\\/es\\\/diagnostico-situacional\\\/\",\"url\":\"https:\\\/\\\/mapesolutions.com\\\/es\\\/diagnostico-situacional\\\/\",\"name\":\"Diagn\u00f3stico Situacional - Mapes\",\"isPartOf\":{\"@id\":\"https:\\\/\\\/mapesolutions.com\\\/es\\\/#website\"},\"datePublished\":\"2021-07-19T19:54:12+00:00\",\"dateModified\":\"2021-11-03T19:59:16+00:00\",\"breadcrumb\":{\"@id\":\"https:\\\/\\\/mapesolutions.com\\\/es\\\/diagnostico-situacional\\\/#breadcrumb\"},\"inLanguage\":\"pt-BR\",\"potentialAction\":[{\"@type\":\"ReadAction\",\"target\":[\"https:\\\/\\\/mapesolutions.com\\\/es\\\/diagnostico-situacional\\\/\"]}]},{\"@type\":\"BreadcrumbList\",\"@id\":\"https:\\\/\\\/mapesolutions.com\\\/es\\\/diagnostico-situacional\\\/#breadcrumb\",\"itemListElement\":[{\"@type\":\"ListItem\",\"position\":1,\"name\":\"In\u00edcio\",\"item\":\"https:\\\/\\\/mapesolutions.com\\\/es\\\/\"},{\"@type\":\"ListItem\",\"position\":2,\"name\":\"Diagn\u00f3stico Situacional\"}]},{\"@type\":\"WebSite\",\"@id\":\"https:\\\/\\\/mapesolutions.com\\\/es\\\/#website\",\"url\":\"https:\\\/\\\/mapesolutions.com\\\/es\\\/\",\"name\":\"Mapes\",\"description\":\"\",\"potentialAction\":[{\"@type\":\"SearchAction\",\"target\":{\"@type\":\"EntryPoint\",\"urlTemplate\":\"https:\\\/\\\/mapesolutions.com\\\/es\\\/?s={search_term_string}\"},\"query-input\":{\"@type\":\"PropertyValueSpecification\",\"valueRequired\":true,\"valueName\":\"search_term_string\"}}],\"inLanguage\":\"pt-BR\"}]}<\/script>\n<!-- \/ Yoast SEO plugin. -->","yoast_head_json":{"title":"Diagn\u00f3stico Situacional  - Mapes","robots":{"index":"index","follow":"follow","max-snippet":"max-snippet:-1","max-image-preview":"max-image-preview:large","max-video-preview":"max-video-preview:-1"},"canonical":"https:\/\/mapesolutions.com\/es\/diagnostico-situacional\/","og_locale":"pt_BR","og_type":"article","og_title":"Diagn\u00f3stico Situacional  - Mapes","og_description":"Life Science Acceso al Mercado Diagn\u00f3stico Situacional Una buena planificaci\u00f3n estrat\u00e9gica comienza con la elaboraci\u00f3n de un diagn\u00f3stico situacional, ya que la estrategia exige personalizaci\u00f3n. El paso hacia la personalizaci\u00f3n es comprender la realidad de la patolog\u00eda, la tecnolog\u00eda y c\u00f3mo se comportan las organizaciones sanitarias. Toda esta investigaci\u00f3n permite el desarrollo de inteligencia estrat\u00e9gica, [&hellip;]","og_url":"https:\/\/mapesolutions.com\/es\/diagnostico-situacional\/","og_site_name":"Mapes","article_modified_time":"2021-11-03T19:59:16+00:00","twitter_card":"summary_large_image","twitter_misc":{"Est. tempo de leitura":"1 minuto"},"schema":{"@context":"https:\/\/schema.org","@graph":[{"@type":"WebPage","@id":"https:\/\/mapesolutions.com\/es\/diagnostico-situacional\/","url":"https:\/\/mapesolutions.com\/es\/diagnostico-situacional\/","name":"Diagn\u00f3stico Situacional - Mapes","isPartOf":{"@id":"https:\/\/mapesolutions.com\/es\/#website"},"datePublished":"2021-07-19T19:54:12+00:00","dateModified":"2021-11-03T19:59:16+00:00","breadcrumb":{"@id":"https:\/\/mapesolutions.com\/es\/diagnostico-situacional\/#breadcrumb"},"inLanguage":"pt-BR","potentialAction":[{"@type":"ReadAction","target":["https:\/\/mapesolutions.com\/es\/diagnostico-situacional\/"]}]},{"@type":"BreadcrumbList","@id":"https:\/\/mapesolutions.com\/es\/diagnostico-situacional\/#breadcrumb","itemListElement":[{"@type":"ListItem","position":1,"name":"In\u00edcio","item":"https:\/\/mapesolutions.com\/es\/"},{"@type":"ListItem","position":2,"name":"Diagn\u00f3stico Situacional"}]},{"@type":"WebSite","@id":"https:\/\/mapesolutions.com\/es\/#website","url":"https:\/\/mapesolutions.com\/es\/","name":"Mapes","description":"","potentialAction":[{"@type":"SearchAction","target":{"@type":"EntryPoint","urlTemplate":"https:\/\/mapesolutions.com\/es\/?s={search_term_string}"},"query-input":{"@type":"PropertyValueSpecification","valueRequired":true,"valueName":"search_term_string"}}],"inLanguage":"pt-BR"}]}},"_links":{"self":[{"href":"https:\/\/mapesolutions.com\/es\/wp-json\/wp\/v2\/pages\/5848","targetHints":{"allow":["GET"]}}],"collection":[{"href":"https:\/\/mapesolutions.com\/es\/wp-json\/wp\/v2\/pages"}],"about":[{"href":"https:\/\/mapesolutions.com\/es\/wp-json\/wp\/v2\/types\/page"}],"author":[{"embeddable":true,"href":"https:\/\/mapesolutions.com\/es\/wp-json\/wp\/v2\/users\/7"}],"replies":[{"embeddable":true,"href":"https:\/\/mapesolutions.com\/es\/wp-json\/wp\/v2\/comments?post=5848"}],"version-history":[{"count":5,"href":"https:\/\/mapesolutions.com\/es\/wp-json\/wp\/v2\/pages\/5848\/revisions"}],"predecessor-version":[{"id":6631,"href":"https:\/\/mapesolutions.com\/es\/wp-json\/wp\/v2\/pages\/5848\/revisions\/6631"}],"wp:attachment":[{"href":"https:\/\/mapesolutions.com\/es\/wp-json\/wp\/v2\/media?parent=5848"}],"curies":[{"name":"wp","href":"https:\/\/api.w.org\/{rel}","templated":true}]}}