{"id":5844,"date":"2021-07-19T16:50:28","date_gmt":"2021-07-19T19:50:28","guid":{"rendered":"http:\/\/mapes.wsihost.com.br\/?page_id=5844"},"modified":"2021-11-03T16:57:10","modified_gmt":"2021-11-03T19:57:10","slug":"consenso-medico","status":"publish","type":"page","link":"https:\/\/mapesolutions.com\/es\/consenso-medico\/","title":{"rendered":"Consenso M\u00e9dico"},"content":{"rendered":"<section class=\"kc-elm kc-css-564549 kc_row\"><div class=\"kc-row-container  kc-container\"><div class=\"kc-wrap-columns\"><div class=\"kc-elm kc-css-151515 kc_col-sm-12 kc_column kc_col-sm-12\"><div class=\"kc-col-container\">\t\r\r\t<div class=\"kc-elm kc-css-117898 \">\r\r\t\t<div class=\"section-title  t_left\">\r\t\t\t\t\t\t\t<h5>Life Science<\/h5>\r\t\t\t\t\t\t<h2>Medical Affairs<\/h2>\r\t\t\t<h2> <span>Consenso M\u00e9dico <\/span><\/h2>\r\t\t\t\r\t\t\t\t\t\t\r\t\t\t\t\t\t\r\t\t\t\t<div class=\"em-bar-main\">\r\t\t\t\t\t<div class=\"em-bar em-bar-big\"><\/div>\r\t\t\t\t<\/div>\r\t\t\t\t\r\t\t\t\r\r\t\t\t\t\t\t\r\t\t\t\t\r\r\t\t<\/div>\t\r\r\t<\/div>\t\r\r\t<div class=\"kc-elm kc-css-960454 kc_text_block\"><\/p>\n<p>Sociedades de especialidades m\u00e9dicas, grupos hospitalarios y acad\u00e9micos de las principales universidades del pa\u00eds se re\u00fanen com\u00fanmente para construir consensos o protocolos cl\u00ednicos de diagn\u00f3stico y\/o tratamiento que puedan orientar la conducci\u00f3n de estas especialidades m\u00e9dicas o grupos hospitalarios. La cuesti\u00f3n es que la construcci\u00f3n de estos consensos m\u00e9dicos depende del conocimiento de la epidemiolog\u00eda cl\u00ednica, la bioestad\u00edstica, adem\u00e1s del dominio de la propia especialidad. A esto se suma la capacidad de crear consenso a trav\u00e9s de metodolog\u00edas bien establecidas y reconocidas. La propia industria biofarmac\u00e9utica o de equipos m\u00e9dicos innovadores siente la necesidad de discutir los resultados de sus nuevos productos en el contexto de la pr\u00e1ctica m\u00e9dica actual, y la inclusi\u00f3n en estos consensos m\u00e9dicos puede ser un paso clave para establecer una nueva pr\u00e1ctica asistencial con el uso de estos productos.<\/p>\n<p>MAPESolutions est\u00e1 compuesto por un equipo multidisciplinario con m\u00e9dicos, enfermeras, farmac\u00e9uticos entre otros especialistas en la construcci\u00f3n de consensos m\u00e9dicos. La construcci\u00f3n de consensos m\u00e9dicos es compleja y requiere mucha interacci\u00f3n entre m\u00e9dicos de diferentes Universidades y Hospitales. Podemos realizar todo el alcance de actividades que incluyen una revisi\u00f3n bibliogr\u00e1fica sistem\u00e1tica consolidando el conocimiento actual, revisando consensos m\u00e9dicos internacionales, americanos y europeos, consolidando de manera estructurada en diversos formatos como informes por temas relevantes, incluso consolidando conocimientos a trav\u00e9s de un consejo asesor para generar consenso entre los participantes.<\/p>\n<p>Ya sea una sociedad m\u00e9dica que desee establecer un nuevo consenso entre sus miembros o una industria que necesite posicionar su producto nuevo e innovador en la pr\u00e1ctica de la salud, la construcci\u00f3n de un consenso m\u00e9dico es un paso cr\u00edtico en estos contextos. MAPESolutions, con su know-how en el m\u00e9todo de construcci\u00f3n de consenso m\u00e9dico, as\u00ed como su experiencia pr\u00e1ctica en la realizaci\u00f3n de reuniones de consenso m\u00e9dico, puede contribuir y ser un socio decisivo en estas publicaciones de consenso m\u00e9dico.<\/p>\n<p>\n<\/div><\/div><\/div><\/div><\/div><\/section>\n","protected":false},"excerpt":{"rendered":"","protected":false},"author":7,"featured_media":0,"parent":0,"menu_order":0,"comment_status":"closed","ping_status":"closed","template":"","meta":{"footnotes":""},"class_list":["post-5844","page","type-page","status-publish","hentry"],"yoast_head":"<!-- This site is optimized with the Yoast SEO plugin v27.4 - https:\/\/yoast.com\/product\/yoast-seo-wordpress\/ -->\n<title>Consenso M\u00e9dico - Mapes<\/title>\n<meta name=\"robots\" content=\"index, follow, max-snippet:-1, max-image-preview:large, max-video-preview:-1\" \/>\n<link rel=\"canonical\" href=\"https:\/\/mapesolutions.com\/es\/consenso-medico\/\" \/>\n<meta property=\"og:locale\" content=\"pt_BR\" \/>\n<meta property=\"og:type\" content=\"article\" \/>\n<meta property=\"og:title\" content=\"Consenso M\u00e9dico - Mapes\" \/>\n<meta property=\"og:description\" content=\"Life Science Medical Affairs Consenso M\u00e9dico Sociedades de especialidades m\u00e9dicas, grupos hospitalarios y acad\u00e9micos de las principales universidades del pa\u00eds se re\u00fanen com\u00fanmente para construir consensos o protocolos cl\u00ednicos de diagn\u00f3stico y\/o tratamiento que puedan orientar la conducci\u00f3n de estas especialidades m\u00e9dicas o grupos hospitalarios. La cuesti\u00f3n es que la construcci\u00f3n de estos consensos m\u00e9dicos [&hellip;]\" \/>\n<meta property=\"og:url\" content=\"https:\/\/mapesolutions.com\/es\/consenso-medico\/\" \/>\n<meta property=\"og:site_name\" content=\"Mapes\" \/>\n<meta property=\"article:modified_time\" content=\"2021-11-03T19:57:10+00:00\" \/>\n<meta name=\"twitter:card\" content=\"summary_large_image\" \/>\n<meta name=\"twitter:label1\" content=\"Est. tempo de leitura\" \/>\n\t<meta name=\"twitter:data1\" content=\"2 minutos\" \/>\n<script type=\"application\/ld+json\" class=\"yoast-schema-graph\">{\"@context\":\"https:\\\/\\\/schema.org\",\"@graph\":[{\"@type\":\"WebPage\",\"@id\":\"https:\\\/\\\/mapesolutions.com\\\/es\\\/consenso-medico\\\/\",\"url\":\"https:\\\/\\\/mapesolutions.com\\\/es\\\/consenso-medico\\\/\",\"name\":\"Consenso M\u00e9dico - Mapes\",\"isPartOf\":{\"@id\":\"https:\\\/\\\/mapesolutions.com\\\/es\\\/#website\"},\"datePublished\":\"2021-07-19T19:50:28+00:00\",\"dateModified\":\"2021-11-03T19:57:10+00:00\",\"breadcrumb\":{\"@id\":\"https:\\\/\\\/mapesolutions.com\\\/es\\\/consenso-medico\\\/#breadcrumb\"},\"inLanguage\":\"pt-BR\",\"potentialAction\":[{\"@type\":\"ReadAction\",\"target\":[\"https:\\\/\\\/mapesolutions.com\\\/es\\\/consenso-medico\\\/\"]}]},{\"@type\":\"BreadcrumbList\",\"@id\":\"https:\\\/\\\/mapesolutions.com\\\/es\\\/consenso-medico\\\/#breadcrumb\",\"itemListElement\":[{\"@type\":\"ListItem\",\"position\":1,\"name\":\"In\u00edcio\",\"item\":\"https:\\\/\\\/mapesolutions.com\\\/es\\\/\"},{\"@type\":\"ListItem\",\"position\":2,\"name\":\"Consenso M\u00e9dico\"}]},{\"@type\":\"WebSite\",\"@id\":\"https:\\\/\\\/mapesolutions.com\\\/es\\\/#website\",\"url\":\"https:\\\/\\\/mapesolutions.com\\\/es\\\/\",\"name\":\"Mapes\",\"description\":\"\",\"potentialAction\":[{\"@type\":\"SearchAction\",\"target\":{\"@type\":\"EntryPoint\",\"urlTemplate\":\"https:\\\/\\\/mapesolutions.com\\\/es\\\/?s={search_term_string}\"},\"query-input\":{\"@type\":\"PropertyValueSpecification\",\"valueRequired\":true,\"valueName\":\"search_term_string\"}}],\"inLanguage\":\"pt-BR\"}]}<\/script>\n<!-- \/ Yoast SEO plugin. -->","yoast_head_json":{"title":"Consenso M\u00e9dico - Mapes","robots":{"index":"index","follow":"follow","max-snippet":"max-snippet:-1","max-image-preview":"max-image-preview:large","max-video-preview":"max-video-preview:-1"},"canonical":"https:\/\/mapesolutions.com\/es\/consenso-medico\/","og_locale":"pt_BR","og_type":"article","og_title":"Consenso M\u00e9dico - Mapes","og_description":"Life Science Medical Affairs Consenso M\u00e9dico Sociedades de especialidades m\u00e9dicas, grupos hospitalarios y acad\u00e9micos de las principales universidades del pa\u00eds se re\u00fanen com\u00fanmente para construir consensos o protocolos cl\u00ednicos de diagn\u00f3stico y\/o tratamiento que puedan orientar la conducci\u00f3n de estas especialidades m\u00e9dicas o grupos hospitalarios. La cuesti\u00f3n es que la construcci\u00f3n de estos consensos m\u00e9dicos [&hellip;]","og_url":"https:\/\/mapesolutions.com\/es\/consenso-medico\/","og_site_name":"Mapes","article_modified_time":"2021-11-03T19:57:10+00:00","twitter_card":"summary_large_image","twitter_misc":{"Est. tempo de leitura":"2 minutos"},"schema":{"@context":"https:\/\/schema.org","@graph":[{"@type":"WebPage","@id":"https:\/\/mapesolutions.com\/es\/consenso-medico\/","url":"https:\/\/mapesolutions.com\/es\/consenso-medico\/","name":"Consenso M\u00e9dico - Mapes","isPartOf":{"@id":"https:\/\/mapesolutions.com\/es\/#website"},"datePublished":"2021-07-19T19:50:28+00:00","dateModified":"2021-11-03T19:57:10+00:00","breadcrumb":{"@id":"https:\/\/mapesolutions.com\/es\/consenso-medico\/#breadcrumb"},"inLanguage":"pt-BR","potentialAction":[{"@type":"ReadAction","target":["https:\/\/mapesolutions.com\/es\/consenso-medico\/"]}]},{"@type":"BreadcrumbList","@id":"https:\/\/mapesolutions.com\/es\/consenso-medico\/#breadcrumb","itemListElement":[{"@type":"ListItem","position":1,"name":"In\u00edcio","item":"https:\/\/mapesolutions.com\/es\/"},{"@type":"ListItem","position":2,"name":"Consenso M\u00e9dico"}]},{"@type":"WebSite","@id":"https:\/\/mapesolutions.com\/es\/#website","url":"https:\/\/mapesolutions.com\/es\/","name":"Mapes","description":"","potentialAction":[{"@type":"SearchAction","target":{"@type":"EntryPoint","urlTemplate":"https:\/\/mapesolutions.com\/es\/?s={search_term_string}"},"query-input":{"@type":"PropertyValueSpecification","valueRequired":true,"valueName":"search_term_string"}}],"inLanguage":"pt-BR"}]}},"_links":{"self":[{"href":"https:\/\/mapesolutions.com\/es\/wp-json\/wp\/v2\/pages\/5844","targetHints":{"allow":["GET"]}}],"collection":[{"href":"https:\/\/mapesolutions.com\/es\/wp-json\/wp\/v2\/pages"}],"about":[{"href":"https:\/\/mapesolutions.com\/es\/wp-json\/wp\/v2\/types\/page"}],"author":[{"embeddable":true,"href":"https:\/\/mapesolutions.com\/es\/wp-json\/wp\/v2\/users\/7"}],"replies":[{"embeddable":true,"href":"https:\/\/mapesolutions.com\/es\/wp-json\/wp\/v2\/comments?post=5844"}],"version-history":[{"count":5,"href":"https:\/\/mapesolutions.com\/es\/wp-json\/wp\/v2\/pages\/5844\/revisions"}],"predecessor-version":[{"id":6630,"href":"https:\/\/mapesolutions.com\/es\/wp-json\/wp\/v2\/pages\/5844\/revisions\/6630"}],"wp:attachment":[{"href":"https:\/\/mapesolutions.com\/es\/wp-json\/wp\/v2\/media?parent=5844"}],"curies":[{"name":"wp","href":"https:\/\/api.w.org\/{rel}","templated":true}]}}