{"id":5752,"date":"2021-07-19T16:27:42","date_gmt":"2021-07-19T19:27:42","guid":{"rendered":"http:\/\/mapes.wsihost.com.br\/?page_id=5752"},"modified":"2021-11-03T16:53:40","modified_gmt":"2021-11-03T19:53:40","slug":"estudios-clinicos","status":"publish","type":"page","link":"https:\/\/mapesolutions.com\/es\/estudios-clinicos\/","title":{"rendered":"Estudios Cl\u00ednicos"},"content":{"rendered":"<section class=\"kc-elm kc-css-570668 kc_row\"><div class=\"kc-row-container  kc-container\"><div class=\"kc-wrap-columns\"><div class=\"kc-elm kc-css-937864 kc_col-sm-12 kc_column kc_col-sm-12\"><div class=\"kc-col-container\">\t\r\r\t<div class=\"kc-elm kc-css-327934 \">\r\r\t\t<div class=\"section-title  t_left\">\r\t\t\t\t\t\t\t<h5>Life Science<\/h5>\r\t\t\t\t\t\t<h2>Medical Affairs<\/h2>\r\t\t\t<h2> <span>Estudios Cl\u00ednicos<\/span><\/h2>\r\t\t\t\r\t\t\t\t\t\t\r\t\t\t\t\t\t\r\t\t\t\t<div class=\"em-bar-main\">\r\t\t\t\t\t<div class=\"em-bar em-bar-big\"><\/div>\r\t\t\t\t<\/div>\r\t\t\t\t\r\t\t\t\r\r\t\t\t\t\t\t\r\t\t\t\t\r\r\t\t<\/div>\t\r\r\t<\/div>\t\r\r\t<div class=\"kc-elm kc-css-466758 kc_text_block\"><\/p>\n<p>Se necesitan pruebas de seguridad, eficacia y valor para lograr con \u00e9xito el acceso al mercado y la aceptaci\u00f3n del producto. Adem\u00e1s de los s\u00f3lidos programas de ensayos cl\u00ednicos de desarrollo temprano, los pagadores, los pacientes, los m\u00e9dicos y los cuidadores exigen pruebas de los beneficios y los riesgos en un entorno del mundo real. Una vez comercializados, los conocimientos del producto a partir de datos del mundo real son esenciales para confirmar y actualizar su estrategia de mercado.<\/p>\n<p>El equipo multidisciplinario de MAPESolutions ofrece una serie de soluciones adecuadas al prop\u00f3sito de abordar sus preguntas de investigaci\u00f3n m\u00e1s desafiantes. Cuando sea apropiado, tambi\u00e9n consideramos la experiencia terap\u00e9utica y el desarrollo cl\u00ednico de nuestro equipo para realizar estudios h\u00edbridos retrospectivos y prospectivos.<\/p>\n<p>Al dise\u00f1ar y ejecutar estudios, aprovechamos el equipo multidisciplinario de investigadores y estrategas de generaci\u00f3n de evidencia de MAPESolutions para aprovechar los datos relevantes del mundo real y los datos de alta calidad centrados en el paciente. Nuestro equipo de intervenci\u00f3n aprovecha el alcance y el uso de resultados centrados en el paciente. Nuestra base de datos tiene numerosas herramientas e instrumentos de medidas de experiencia informadas por el paciente (PREM) y medidas de resultado informadas por el paciente (PROM), listas para ser utilizadas en la investigaci\u00f3n o incluso en la gesti\u00f3n.<\/p>\n<p>\n<\/div><\/div><\/div><\/div><\/div><\/section>\n","protected":false},"excerpt":{"rendered":"","protected":false},"author":7,"featured_media":0,"parent":0,"menu_order":0,"comment_status":"closed","ping_status":"closed","template":"","meta":{"footnotes":""},"class_list":["post-5752","page","type-page","status-publish","hentry"],"yoast_head":"<!-- This site is optimized with the Yoast SEO plugin v27.4 - https:\/\/yoast.com\/product\/yoast-seo-wordpress\/ -->\n<title>Estudios Cl\u00ednicos - Mapes<\/title>\n<meta name=\"robots\" content=\"index, follow, max-snippet:-1, max-image-preview:large, max-video-preview:-1\" \/>\n<link rel=\"canonical\" href=\"https:\/\/mapesolutions.com\/es\/estudios-clinicos\/\" \/>\n<meta property=\"og:locale\" content=\"pt_BR\" \/>\n<meta property=\"og:type\" content=\"article\" \/>\n<meta property=\"og:title\" content=\"Estudios Cl\u00ednicos - Mapes\" \/>\n<meta property=\"og:description\" content=\"Life Science Medical Affairs Estudios Cl\u00ednicos Se necesitan pruebas de seguridad, eficacia y valor para lograr con \u00e9xito el acceso al mercado y la aceptaci\u00f3n del producto. Adem\u00e1s de los s\u00f3lidos programas de ensayos cl\u00ednicos de desarrollo temprano, los pagadores, los pacientes, los m\u00e9dicos y los cuidadores exigen pruebas de los beneficios y los riesgos [&hellip;]\" \/>\n<meta property=\"og:url\" content=\"https:\/\/mapesolutions.com\/es\/estudios-clinicos\/\" \/>\n<meta property=\"og:site_name\" content=\"Mapes\" \/>\n<meta property=\"article:modified_time\" content=\"2021-11-03T19:53:40+00:00\" \/>\n<meta name=\"twitter:card\" content=\"summary_large_image\" \/>\n<meta name=\"twitter:label1\" content=\"Est. tempo de leitura\" \/>\n\t<meta name=\"twitter:data1\" content=\"1 minuto\" \/>\n<script type=\"application\/ld+json\" class=\"yoast-schema-graph\">{\"@context\":\"https:\\\/\\\/schema.org\",\"@graph\":[{\"@type\":\"WebPage\",\"@id\":\"https:\\\/\\\/mapesolutions.com\\\/es\\\/estudios-clinicos\\\/\",\"url\":\"https:\\\/\\\/mapesolutions.com\\\/es\\\/estudios-clinicos\\\/\",\"name\":\"Estudios Cl\u00ednicos - Mapes\",\"isPartOf\":{\"@id\":\"https:\\\/\\\/mapesolutions.com\\\/es\\\/#website\"},\"datePublished\":\"2021-07-19T19:27:42+00:00\",\"dateModified\":\"2021-11-03T19:53:40+00:00\",\"breadcrumb\":{\"@id\":\"https:\\\/\\\/mapesolutions.com\\\/es\\\/estudios-clinicos\\\/#breadcrumb\"},\"inLanguage\":\"pt-BR\",\"potentialAction\":[{\"@type\":\"ReadAction\",\"target\":[\"https:\\\/\\\/mapesolutions.com\\\/es\\\/estudios-clinicos\\\/\"]}]},{\"@type\":\"BreadcrumbList\",\"@id\":\"https:\\\/\\\/mapesolutions.com\\\/es\\\/estudios-clinicos\\\/#breadcrumb\",\"itemListElement\":[{\"@type\":\"ListItem\",\"position\":1,\"name\":\"In\u00edcio\",\"item\":\"https:\\\/\\\/mapesolutions.com\\\/es\\\/\"},{\"@type\":\"ListItem\",\"position\":2,\"name\":\"Estudios Cl\u00ednicos\"}]},{\"@type\":\"WebSite\",\"@id\":\"https:\\\/\\\/mapesolutions.com\\\/es\\\/#website\",\"url\":\"https:\\\/\\\/mapesolutions.com\\\/es\\\/\",\"name\":\"Mapes\",\"description\":\"\",\"potentialAction\":[{\"@type\":\"SearchAction\",\"target\":{\"@type\":\"EntryPoint\",\"urlTemplate\":\"https:\\\/\\\/mapesolutions.com\\\/es\\\/?s={search_term_string}\"},\"query-input\":{\"@type\":\"PropertyValueSpecification\",\"valueRequired\":true,\"valueName\":\"search_term_string\"}}],\"inLanguage\":\"pt-BR\"}]}<\/script>\n<!-- \/ Yoast SEO plugin. -->","yoast_head_json":{"title":"Estudios Cl\u00ednicos - Mapes","robots":{"index":"index","follow":"follow","max-snippet":"max-snippet:-1","max-image-preview":"max-image-preview:large","max-video-preview":"max-video-preview:-1"},"canonical":"https:\/\/mapesolutions.com\/es\/estudios-clinicos\/","og_locale":"pt_BR","og_type":"article","og_title":"Estudios Cl\u00ednicos - Mapes","og_description":"Life Science Medical Affairs Estudios Cl\u00ednicos Se necesitan pruebas de seguridad, eficacia y valor para lograr con \u00e9xito el acceso al mercado y la aceptaci\u00f3n del producto. Adem\u00e1s de los s\u00f3lidos programas de ensayos cl\u00ednicos de desarrollo temprano, los pagadores, los pacientes, los m\u00e9dicos y los cuidadores exigen pruebas de los beneficios y los riesgos [&hellip;]","og_url":"https:\/\/mapesolutions.com\/es\/estudios-clinicos\/","og_site_name":"Mapes","article_modified_time":"2021-11-03T19:53:40+00:00","twitter_card":"summary_large_image","twitter_misc":{"Est. tempo de leitura":"1 minuto"},"schema":{"@context":"https:\/\/schema.org","@graph":[{"@type":"WebPage","@id":"https:\/\/mapesolutions.com\/es\/estudios-clinicos\/","url":"https:\/\/mapesolutions.com\/es\/estudios-clinicos\/","name":"Estudios Cl\u00ednicos - Mapes","isPartOf":{"@id":"https:\/\/mapesolutions.com\/es\/#website"},"datePublished":"2021-07-19T19:27:42+00:00","dateModified":"2021-11-03T19:53:40+00:00","breadcrumb":{"@id":"https:\/\/mapesolutions.com\/es\/estudios-clinicos\/#breadcrumb"},"inLanguage":"pt-BR","potentialAction":[{"@type":"ReadAction","target":["https:\/\/mapesolutions.com\/es\/estudios-clinicos\/"]}]},{"@type":"BreadcrumbList","@id":"https:\/\/mapesolutions.com\/es\/estudios-clinicos\/#breadcrumb","itemListElement":[{"@type":"ListItem","position":1,"name":"In\u00edcio","item":"https:\/\/mapesolutions.com\/es\/"},{"@type":"ListItem","position":2,"name":"Estudios Cl\u00ednicos"}]},{"@type":"WebSite","@id":"https:\/\/mapesolutions.com\/es\/#website","url":"https:\/\/mapesolutions.com\/es\/","name":"Mapes","description":"","potentialAction":[{"@type":"SearchAction","target":{"@type":"EntryPoint","urlTemplate":"https:\/\/mapesolutions.com\/es\/?s={search_term_string}"},"query-input":{"@type":"PropertyValueSpecification","valueRequired":true,"valueName":"search_term_string"}}],"inLanguage":"pt-BR"}]}},"_links":{"self":[{"href":"https:\/\/mapesolutions.com\/es\/wp-json\/wp\/v2\/pages\/5752","targetHints":{"allow":["GET"]}}],"collection":[{"href":"https:\/\/mapesolutions.com\/es\/wp-json\/wp\/v2\/pages"}],"about":[{"href":"https:\/\/mapesolutions.com\/es\/wp-json\/wp\/v2\/types\/page"}],"author":[{"embeddable":true,"href":"https:\/\/mapesolutions.com\/es\/wp-json\/wp\/v2\/users\/7"}],"replies":[{"embeddable":true,"href":"https:\/\/mapesolutions.com\/es\/wp-json\/wp\/v2\/comments?post=5752"}],"version-history":[{"count":7,"href":"https:\/\/mapesolutions.com\/es\/wp-json\/wp\/v2\/pages\/5752\/revisions"}],"predecessor-version":[{"id":6628,"href":"https:\/\/mapesolutions.com\/es\/wp-json\/wp\/v2\/pages\/5752\/revisions\/6628"}],"wp:attachment":[{"href":"https:\/\/mapesolutions.com\/es\/wp-json\/wp\/v2\/media?parent=5752"}],"curies":[{"name":"wp","href":"https:\/\/api.w.org\/{rel}","templated":true}]}}