{"id":6344,"date":"2021-09-27T14:37:37","date_gmt":"2021-09-27T17:37:37","guid":{"rendered":"https:\/\/mapesolutions.com\/?page_id=6344"},"modified":"2021-10-27T13:09:05","modified_gmt":"2021-10-27T16:09:05","slug":"think-patient-value","status":"publish","type":"page","link":"https:\/\/mapesolutions.com\/en\/think-patient-value\/","title":{"rendered":"Think Patient Value"},"content":{"rendered":"<p><section id=\"main-tpv\" data-kc-fullwidth=\"content\" class=\"kc-elm kc-css-999674 kc_row\"><div class=\"kc-row-container\"><div class=\"kc-wrap-columns\"><div class=\"kc-elm kc-css-587257 kc_col-sm-12 kc_column kc_col-sm-12\"><div class=\"kc-col-container\"><div class=\"kc-elm kc-css-822552\" style=\"height: 120px; clear: both; width:100%;\"><\/div><div class=\"kc-elm kc-css-783509 kc_row kc_row_inner\"><div class=\"kc-elm kc-css-910282 kc_col-sm-12 kc_column_inner kc_col-sm-12\"><div class=\"kc_wrapper kc-col-inner-container\"><div class=\"kc-elm kc-css-359245 kc_shortcode kc_single_image\">\n\n        <img decoding=\"async\" src=\"https:\/\/mapesolutions.com\/en\/wp-content\/uploads\/2021\/09\/logo-tp_value-branca2-1024x311-1.png\" class=\"\" alt=\"\" \/>    <\/div>\n<div class=\"kc-elm kc-css-940583\" style=\"height: 20px; clear: both; width:100%;\"><\/div>\t\r\r\t<div class=\"kc-elm kc-css-300499 \">\r\r\t\t<div class=\"section-title  t_center\">\r\t\t\t\t\t\t<h2>THINK PATIENT VALUE<\/h2>\r\t\t\t<h2><\/h2>\r\t\t\t\r\t\t\t\t\t\t\r\t\t\t\t\r\t\t\t\r\r\t\t\t\r\t\t\t\t<p class=\" text-alignm\">Complete Management Platform for Value-Based Healthcare<\/p>\r\r\t\t\t\t\t\t\r\t\t\t\t\r\r\t\t<\/div>\t\r\r\t<\/div>\t\r\r\t<div class=\"kc-elm kc-css-520934\" style=\"height: 50px; clear: both; width:100%;\"><\/div>\n\t<div class=\"kc-elm kc-css-51253 kc_shortcode kc_video_play kc_video_wrapper\" data-video=\"https:\/\/www.youtube.com\/watch?v=M_1fGMRb70E\" data-width=\"600\" data-height=\"338.98305084746\" data-fullwidth=\"\" data-autoplay=\"\" data-loop=\"yes\" data-control=\"yes\" data-related=\"\" data-showinfo=\"\" data-kc-video-mute=\"\">\n\t\t\t<\/div>\n\n<\/div><\/div><\/div><div class=\"kc-elm kc-css-515782\" style=\"height: 120px; clear: both; width:100%;\"><\/div><\/div><\/div><\/div><\/div><\/section><section data-kc-fullwidth=\"content\" class=\"kc-elm kc-css-793945 kc_row\"><div class=\"kc-row-container\"><div class=\"kc-wrap-columns\"><div class=\"kc-elm kc-css-768642 kc_col-sm-12 kc_column kc_col-sm-12\"><div class=\"kc-col-container\">\n<div class=\"kc-elm kc-css-654269 kc-title-wrap \">\n\n\t<h5 class=\"kc_title\">ESTUDAMOS O MERCADO<\/h5>\n<\/div>\n<div class=\"kc-elm kc-css-653960\" style=\"height: 10px; clear: both; width:100%;\"><\/div>\t\r\r\t<div class=\"kc-elm kc-css-548991 \">\r\r\t\t<div class=\"section-title  t_center\">\r\t\t\t\t\t\t<h2>GEST\u00c3O EM SA\u00daDE<\/h2>\r\t\t\t<h2><\/h2>\r\t\t\t\r\t\t\t\t\t\t\r\t\t\t\t\r\t\t\t\r\r\t\t\t\r\t\t\t\t<p class=\" text-alignm\">A cada dia que passa a Gest\u00e3o em Sa\u00fade se torna cada vez mais deficit\u00e1ria.<\/p>\r\r\t\t\t\t\t\t\r\t\t\t\t\r\r\t\t<\/div>\t\r\r\t<\/div>\t\r\r\t<div class=\"kc-elm kc-css-753450\" style=\"height: 50px; clear: both; width:100%;\"><\/div><div class=\"kc-elm kc-css-216645 kc_row kc_row_inner\"><div class=\"kc-elm kc-css-516254 kc_col-sm-3 kc_column_inner kc_col-sm-3\"><div class=\"kc_wrapper kc-col-inner-container\"><div class=\"kc-elm kc-css-254918 kc-feature-boxes kc-fb-layout-2\">\n\n\t<figure class=\"content-image\"><img decoding=\"async\" src=\"https:\/\/mapesolutions.com\/en\/wp-content\/uploads\/2021\/09\/custos.png\" alt=\"\"><\/figure><div class=\"content-title\">CUSTOS<\/div><div class=\"content-desc\">Custos crescentes e recursos limitados<\/div>\n<\/div>\n<\/div><\/div><div class=\"kc-elm kc-css-41920 kc_col-sm-3 kc_column_inner kc_col-sm-3\"><div class=\"kc_wrapper kc-col-inner-container\"><div class=\"kc-elm kc-css-94374 kc-feature-boxes kc-fb-layout-2\">\n\n\t<figure class=\"content-image\"><img decoding=\"async\" src=\"https:\/\/mapesolutions.com\/en\/wp-content\/uploads\/2021\/09\/TECNOLOGIA.png\" alt=\"\"><\/figure><div class=\"content-title\">TECNOLOGIA<\/div><div class=\"content-desc\">Envelhecimento populacional<\/div>\n<\/div>\n<\/div><\/div><div class=\"kc-elm kc-css-35453 kc_col-sm-3 kc_column_inner kc_col-sm-3\"><div class=\"kc_wrapper kc-col-inner-container\"><div class=\"kc-elm kc-css-575071 kc-feature-boxes kc-fb-layout-2\">\n\n\t<figure class=\"content-image\"><img decoding=\"async\" src=\"https:\/\/mapesolutions.com\/en\/wp-content\/uploads\/2021\/09\/POPULACAO.png\" alt=\"\"><\/figure><div class=\"content-title\">POPULA\u00c7\u00c3O<\/div><div class=\"content-desc\">Tecnologias cada dia mais caras<\/div>\n<\/div>\n<\/div><\/div><div class=\"kc-elm kc-css-545641 kc_col-sm-3 kc_column_inner kc_col-sm-3\"><div class=\"kc_wrapper kc-col-inner-container\"><div class=\"kc-elm kc-css-962240 kc-feature-boxes kc-fb-layout-2\">\n\n\t<figure class=\"content-image\"><img decoding=\"async\" src=\"https:\/\/mapesolutions.com\/en\/wp-content\/uploads\/2021\/09\/MODELO.png\" alt=\"\"><\/figure><div class=\"content-title\">MODELO<\/div><div class=\"content-desc\">Modelo baseado em remunera\u00e7\u00e3o por Volume<\/div>\n<\/div>\n<\/div><\/div><\/div><div class=\"kc-elm kc-css-993218\" style=\"height: 45px; clear: both; width:100%;\"><\/div><\/div><\/div><\/div><\/div><\/section><section data-kc-fullwidth=\"content\" class=\"kc-elm kc-css-727422 kc_row\"><div class=\"kc-row-container\"><div class=\"kc-wrap-columns\"><div class=\"kc-elm kc-css-80058 kc_col-sm-12 kc_column kc_col-sm-12\"><div class=\"kc-col-container\"><div class=\"kc-elm kc-css-598111\" style=\"height: 50px; clear: both; width:100%;\"><\/div><div class=\"kc-elm kc-css-937432 kc_row kc_row_inner\"><div class=\"kc-elm kc-css-210574 kc_col-of-5 kc_column_inner kc_col-of-5\"><div class=\"kc_wrapper kc-col-inner-container\"><\/div><\/div><div class=\"kc-elm kc-css-608137 kc_col-sm-7 kc_column_inner kc_col-sm-7\"><div class=\"kc_wrapper kc-col-inner-container\">\n<div class=\"kc-elm kc-css-556770 kc-title-wrap \">\n\n\t<h5 class=\"kc_title\">We Study the Marketplaces<\/h5>\n<\/div>\n<div class=\"kc-elm kc-css-370538\" style=\"height: 10px; clear: both; width:100%;\"><\/div>\t\r\r\t<div class=\"kc-elm kc-css-627281 \">\r\r\t\t<div class=\"section-title  t_center\">\r\t\t\t\t\t\t<h2>Healthcare Management<\/h2>\r\t\t\t<h2><\/h2>\r\t\t\t\r\t\t\t\t\t\t\r\t\t\t\t\r\t\t\t\r\r\t\t\t\r\t\t\t\t<p class=\" text-alignm\">Every day, Healthcare Management becomes more and more deficient.<\/p>\r\r\t\t\t\t\t\t\r\t\t\t\t\r\r\t\t<\/div>\t\r\r\t<\/div>\t\r\r\t<div class=\"kc-elm kc-css-494746\" style=\"height: 50px; clear: both; width:100%;\"><\/div><div class=\"kc-elm kc-css-684195 kc_row kc_row_inner\"><div class=\"kc-elm kc-css-396820 kc_col-sm-3 kc_column_inner kc_col-sm-3\"><div class=\"kc_wrapper kc-col-inner-container\"><div class=\"kc-elm kc-css-806345 kc-feature-boxes kc-fb-layout-2\">\n\n\t<figure class=\"content-image\"><img decoding=\"async\" src=\"https:\/\/mapesolutions.com\/en\/wp-content\/uploads\/2021\/09\/custos.png\" alt=\"\"><\/figure><div class=\"content-title\">Costs<\/div><div class=\"content-desc\">Rising costs and limited resources<\/div>\n<\/div>\n<\/div><\/div><div class=\"kc-elm kc-css-626246 kc_col-sm-3 kc_column_inner kc_col-sm-3\"><div class=\"kc_wrapper kc-col-inner-container\"><div class=\"kc-elm kc-css-34806 kc-feature-boxes kc-fb-layout-2\">\n\n\t<figure class=\"content-image\"><img decoding=\"async\" src=\"https:\/\/mapesolutions.com\/en\/wp-content\/uploads\/2021\/09\/TECNOLOGIA.png\" alt=\"\"><\/figure><div class=\"content-title\">Technology<\/div><div class=\"content-desc\">Population-ageing<\/div>\n<\/div>\n<\/div><\/div><div class=\"kc-elm kc-css-910744 kc_col-sm-3 kc_column_inner kc_col-sm-3\"><div class=\"kc_wrapper kc-col-inner-container\"><div class=\"kc-elm kc-css-940291 kc-feature-boxes kc-fb-layout-2\">\n\n\t<figure class=\"content-image\"><img decoding=\"async\" src=\"https:\/\/mapesolutions.com\/en\/wp-content\/uploads\/2021\/09\/POPULACAO.png\" alt=\"\"><\/figure><div class=\"content-title\">Population <\/div><div class=\"content-desc\">Increasingly more expensive technologies<\/div>\n<\/div>\n<\/div><\/div><div class=\"kc-elm kc-css-333289 kc_col-sm-3 kc_column_inner kc_col-sm-3\"><div class=\"kc_wrapper kc-col-inner-container\"><div class=\"kc-elm kc-css-708296 kc-feature-boxes kc-fb-layout-2\">\n\n\t<figure class=\"content-image\"><img decoding=\"async\" src=\"https:\/\/mapesolutions.com\/en\/wp-content\/uploads\/2021\/09\/MODELO.png\" alt=\"\"><\/figure><div class=\"content-title\">Model<\/div><div class=\"content-desc\">Model based on remuneration by volume<\/div>\n<\/div>\n<\/div><\/div><\/div><\/div><\/div><div class=\"kc-elm kc-css-631225 kc_col-of-5 kc_column_inner kc_col-of-5\"><div class=\"kc_wrapper kc-col-inner-container\"><\/div><\/div><\/div><div class=\"kc-elm kc-css-971970\" style=\"height: 50px; clear: both; width:100%;\"><\/div><\/div><\/div><\/div><\/div><\/section><section data-kc-fullwidth=\"content\" class=\"kc-elm kc-css-219131 kc_row\"><div class=\"kc-row-container\"><div class=\"kc-wrap-columns\"><div class=\"kc-elm kc-css-742163 kc_col-sm-12 kc_column kc_col-sm-12\"><div class=\"kc-col-container\"><div class=\"kc-elm kc-css-754971\" style=\"height: 50px; clear: both; width:100%;\"><\/div><div class=\"kc-elm kc-css-714825 kc_row kc_row_inner\"><div class=\"kc-elm kc-css-461687 kc_col-of-5 kc_column_inner kc_col-of-5\"><div class=\"kc_wrapper kc-col-inner-container\"><\/div><\/div><div class=\"kc-elm kc-css-927613 kc_col-sm-4 kc_column_inner kc_col-sm-4\"><div class=\"kc_wrapper kc-col-inner-container\"><div class=\"kc-elm kc-css-224433 kc_shortcode kc_single_image\">\n\n        <img decoding=\"async\" src=\"https:\/\/mapesolutions.com\/en\/wp-content\/uploads\/2021\/09\/mockup-mac-2.png\" class=\"\" alt=\"\" \/>    <\/div>\n<\/div><\/div><div class=\"kc-elm kc-css-175512 kc_col-sm-4 kc_column_inner kc_col-sm-4\"><div class=\"kc_wrapper kc-col-inner-container\"><div class=\"kc-elm kc-css-451048\" style=\"height: 50px; clear: both; width:100%;\"><\/div>\n<div class=\"kc-elm kc-css-867515 kc-title-wrap \">\n\n\t<h1 class=\"kc_title\">So we decided to create<\/h1>\n<\/div>\n\n<div class=\"kc-elm kc-css-125115 kc-title-wrap \">\n\n\t<h2 class=\"kc_title\">The best solution  <i class=\"fa fa-heart\"><\/i><\/h2>\n<\/div>\n\n<div class=\"kc-elm kc-css-659937 kc-title-wrap \">\n\n\t<h5 class=\"kc_title\">Complete Management Platform in Value-Based Healthcare<\/h5>\n<\/div>\n\n\t<div class=\"kc-elm kc-css-509749 kc_shortcode kc_video_play kc_video_wrapper\" data-video=\"https:\/\/www.youtube.com\/watch?v=Qn_T1S_-b4A\" data-width=\"500\" data-height=\"282.48587570621\" data-fullwidth=\"\" data-autoplay=\"\" data-loop=\"yes\" data-control=\"yes\" data-related=\"\" data-showinfo=\"\" data-kc-video-mute=\"\">\n\t\t\t<\/div>\n\n<\/div><\/div><div class=\"kc-elm kc-css-11876 kc_col-of-5 kc_column_inner kc_col-of-5\"><div class=\"kc_wrapper kc-col-inner-container\"><\/div><\/div><\/div><div class=\"kc-elm kc-css-602364\" style=\"height: 50px; clear: both; width:100%;\"><\/div><\/div><\/div><\/div><\/div><\/section><section id=\"container-laraja\" data-kc-fullwidth=\"content\" class=\"kc-elm kc-css-976396 kc_row\"><div class=\"kc-row-container\"><div class=\"kc-wrap-columns\"><div class=\"kc-elm kc-css-343377 kc_col-sm-12 kc_column kc_col-sm-12\"><div class=\"kc-col-container\"><div class=\"kc-elm kc-css-334139\" style=\"height: 50px; clear: both; width:100%;\"><\/div><div class=\"kc-elm kc-css-908570 kc_row kc_row_inner\"><div class=\"kc-elm kc-css-353438 kc_col-of-5 kc_column_inner kc_col-of-5\"><div class=\"kc_wrapper kc-col-inner-container\"><\/div><\/div><div class=\"kc-elm kc-css-684565 kc_col-sm-4 kc_column_inner kc_col-sm-4\"><div class=\"kc_wrapper kc-col-inner-container\">\n<div class=\"kc-elm kc-css-686476 kc-title-wrap \">\n\n\t<h3 class=\"kc_title\">Complete Management Platform<\/h3>\n<\/div>\n\n<div class=\"kc-elm kc-css-339607 kc-title-wrap \">\n\n\t<h2 class=\"kc_title\">Your Analysis Dashboard<\/h2>\n<\/div>\n<div class=\"kc-elm kc-css-809296 kc_text_block\"><\/p>\n<ul style=\"box-sizing: border-box; margin-top: 0px; margin-bottom: 0px; border: 0px; outline: 0px; vertical-align: baseline; background: #feecce; color: #7a7a7a; font-family: Montserrat, sans-serif;\">\n<li style=\"box-sizing: border-box; margin-top: 0px; margin-bottom: 0px; border: 0px; outline: 0px; vertical-align: baseline; background: transparent; text-align: left;\">\n<h4 style=\"box-sizing: border-box; margin-top: 0.5rem; margin-bottom: 1rem; font-family: inherit; font-weight: 500; line-height: 1.2; color: inherit; font-size: 1.5rem;\">Indicators<\/h4>\n<\/li>\n<li style=\"box-sizing: border-box; margin-top: 0px; margin-bottom: 0px; border: 0px; outline: 0px; vertical-align: baseline; background: transparent; text-align: left;\">\n<h4 style=\"box-sizing: border-box; margin-top: 0.5rem; margin-bottom: 1rem; font-family: inherit; font-weight: 500; line-height: 1.2; color: inherit; font-size: 1.5rem;\">Reviews<\/h4>\n<\/li>\n<li style=\"box-sizing: border-box; margin-top: 0px; margin-bottom: 0px; border: 0px; outline: 0px; vertical-align: baseline; background: transparent; text-align: left;\">\n<h4 style=\"box-sizing: border-box; margin-top: 0.5rem; margin-bottom: 1rem; font-family: inherit; font-weight: 500; line-height: 1.2; color: inherit; font-size: 1.5rem;\">Reports<\/h4>\n<\/li>\n<li style=\"box-sizing: border-box; margin-top: 0px; margin-bottom: 0px; border: 0px; outline: 0px; vertical-align: baseline; background: transparent; text-align: left;\">\n<h4 style=\"box-sizing: border-box; margin-top: 0.5rem; margin-bottom: 1rem; font-family: inherit; font-weight: 500; line-height: 1.2; color: inherit; font-size: 1.5rem;\">Patient History<\/h4>\n<\/li>\n<li style=\"box-sizing: border-box; margin-top: 0px; margin-bottom: 0px; border: 0px; outline: 0px; vertical-align: baseline; background: transparent; text-align: left;\">\n<h4 style=\"box-sizing: border-box; margin-top: 0.5rem; margin-bottom: 1rem; font-family: inherit; font-weight: 500; line-height: 1.2; color: inherit; font-size: 1.5rem;\">Resource Usage<\/h4>\n<\/li>\n<li style=\"box-sizing: border-box; margin-top: 0px; margin-bottom: 0px; border: 0px; outline: 0px; vertical-align: baseline; background: transparent; text-align: left;\">\n<h4 style=\"box-sizing: border-box; margin-top: 0.5rem; margin-bottom: 1rem; font-family: inherit; font-weight: 500; line-height: 1.2; color: inherit; font-size: 1.5rem;\">Evolution of Costs<\/h4>\n<\/li>\n<li style=\"box-sizing: border-box; margin-top: 0px; margin-bottom: 0px; border: 0px; outline: 0px; vertical-align: baseline; background: transparent; text-align: left;\">\n<h4 style=\"box-sizing: border-box; margin-top: 0.5rem; margin-bottom: 1rem; font-family: inherit; font-weight: 500; line-height: 1.2; color: inherit; font-size: 1.5rem;\">A lot more&#8230;<\/h4>\n<\/li>\n<\/ul>\n<p>\n<\/div>\n<div class=\"kc-elm kc-css-402384 kc-call-to-action kc-cta-2\">\n\n\t<div class=\"kc-cta-desc\"><h2>Your best platform in health management<\/h2><\/div>\n<\/div>\n<\/div><\/div><div class=\"kc-elm kc-css-965653 kc_col-sm-4 kc_column_inner kc_col-sm-4\"><div class=\"kc_wrapper kc-col-inner-container\"><div class=\"kc-elm kc-css-833733 kc_shortcode kc_single_image\">\n\n        <img decoding=\"async\" src=\"https:\/\/mapesolutions.com\/en\/wp-content\/uploads\/2021\/09\/celular.png\" class=\"\" alt=\"\" \/>    <\/div>\n<\/div><\/div><div class=\"kc-elm kc-css-595016 kc_col-of-5 kc_column_inner kc_col-of-5\"><div class=\"kc_wrapper kc-col-inner-container\"><\/div><\/div><\/div><div class=\"kc-elm kc-css-894597\" style=\"height: 50px; clear: both; width:100%;\"><\/div><\/div><\/div><\/div><\/div><\/section><section class=\"kc-elm kc-css-518412 kc_row\"><div class=\"kc-row-container\"><div class=\"kc-wrap-columns\"><div class=\"kc-elm kc-css-308829 kc_col-sm-12 kc_column kc_col-sm-12\"><div class=\"kc-col-container\"><div class=\"kc-elm kc-css-877357\" style=\"height: 50px; clear: both; width:100%;\"><\/div><div class=\"kc-elm kc-css-680413 kc_row kc_row_inner\"><div class=\"kc-elm kc-css-403413 kc_col-sm-12 kc_column_inner kc_col-sm-12\"><div class=\"kc_wrapper kc-col-inner-container\">\n<div class=\"kc-elm kc-css-261624 kc-title-wrap \">\n\n\t<h3 class=\"kc_title\">The Marketplace<\/h3>\n<\/div>\n\n<div class=\"kc-elm kc-css-338203 kc-title-wrap \">\n\n\t<h2 class=\"kc_title\">Contact Us<\/h2>\n<\/div>\n<div class=\"kc-elm kc-css-864891\" style=\"height: 50px; clear: both; width:100%;\"><\/div><div class=\"kc-contact-form7 kc-elm kc-css-900493\">\n<div class=\"wpcf7 no-js\" id=\"wpcf7-f6494-o1\" lang=\"pt-BR\" dir=\"ltr\" data-wpcf7-id=\"6494\">\n<div class=\"screen-reader-response\"><p role=\"status\" aria-live=\"polite\" aria-atomic=\"true\"><\/p> <ul><\/ul><\/div>\n<form action=\"\/en\/wp-json\/wp\/v2\/pages\/6344#wpcf7-f6494-o1\" method=\"post\" class=\"wpcf7-form init\" aria-label=\"Formul\u00e1rios de contato\" novalidate=\"novalidate\" data-status=\"init\">\n<fieldset class=\"hidden-fields-container\"><input type=\"hidden\" name=\"_wpcf7\" value=\"6494\" \/><input type=\"hidden\" name=\"_wpcf7_version\" value=\"6.1.5\" \/><input type=\"hidden\" name=\"_wpcf7_locale\" value=\"pt_BR\" \/><input type=\"hidden\" name=\"_wpcf7_unit_tag\" value=\"wpcf7-f6494-o1\" \/><input type=\"hidden\" name=\"_wpcf7_container_post\" value=\"0\" \/><input type=\"hidden\" name=\"_wpcf7_posted_data_hash\" value=\"\" \/>\n<\/fieldset>\n<div class=\"form-area quote_form\">\n\t<div class=\"form-inner\">\n\t\t<div class=\"form-controls row\">\n\t\t\t<div class=\"col-md-6\">\n\t\t\t\t<div class=\"form-group\">\n\t\t\t\t\t<p><span class=\"wpcf7-form-control-wrap\" data-name=\"ref-name\"><input size=\"40\" maxlength=\"400\" class=\"wpcf7-form-control wpcf7-text wpcf7-validates-as-required form-control\" aria-required=\"true\" aria-invalid=\"false\" placeholder=\"Name\" value=\"\" type=\"text\" name=\"ref-name\" \/><\/span>\n\t\t\t\t\t<\/p>\n\t\t\t\t<\/div>\n\t\t\t<\/div>\n\t\t\t<div class=\"col-md-6\">\n\t\t\t\t<div class=\"form-group\">\n\t\t\t\t\t<p><span class=\"wpcf7-form-control-wrap\" data-name=\"ref-email\"><input size=\"40\" maxlength=\"400\" class=\"wpcf7-form-control wpcf7-email wpcf7-validates-as-required wpcf7-text wpcf7-validates-as-email form-control\" aria-required=\"true\" aria-invalid=\"false\" placeholder=\"E-mail\" value=\"\" type=\"email\" name=\"ref-email\" \/><\/span>\n\t\t\t\t\t<\/p>\n\t\t\t\t<\/div>\n\t\t\t<\/div>\n\t\t\t<div class=\"col-md-12\">\n\t\t\t\t<div class=\"form-group\">\n\t\t\t\t\t<p><span class=\"wpcf7-form-control-wrap\" data-name=\"ref-msg\"><textarea cols=\"20\" rows=\"7\" maxlength=\"2000\" class=\"wpcf7-form-control wpcf7-textarea form-control\" aria-invalid=\"false\" placeholder=\"Message\" name=\"ref-msg\"><\/textarea><\/span>\n\t\t\t\t\t<\/p>\n\t\t\t\t<\/div>\n\t\t\t<\/div>\n\t\t\t<div class=\"col-md-12\">\n\t\t\t\t<div class=\"form-group\">\n\t\t\t\t\t<div class=\"buttons\">\n\t\t\t\t\t\t<p><input class=\"wpcf7-form-control wpcf7-submit has-spinner button\" type=\"submit\" value=\"Send\" \/>\n\t\t\t\t\t\t<\/p>\n\t\t\t\t\t<\/div>\n\t\t\t\t<\/div>\n\t\t\t<\/div>\n\t\t<\/div>\n\t<\/div>\n<\/div><div class=\"wpcf7-response-output\" aria-hidden=\"true\"><\/div>\n<\/form>\n<\/div>\n<\/div><\/div><\/div><\/div><div class=\"kc-elm kc-css-285578\" style=\"height: 50px; clear: both; width:100%;\"><\/div><\/div><\/div><\/div><\/div><\/section><\/p>\n","protected":false},"excerpt":{"rendered":"","protected":false},"author":6,"featured_media":0,"parent":0,"menu_order":0,"comment_status":"closed","ping_status":"closed","template":"","meta":{"footnotes":""},"class_list":["post-6344","page","type-page","status-publish","hentry"],"yoast_head":"<!-- This site is optimized with the Yoast SEO plugin v27.4 - https:\/\/yoast.com\/product\/yoast-seo-wordpress\/ -->\n<title>Think Patient Value - Mapes<\/title>\n<meta name=\"robots\" content=\"index, follow, max-snippet:-1, max-image-preview:large, max-video-preview:-1\" \/>\n<link rel=\"canonical\" href=\"https:\/\/mapesolutions.com\/en\/think-patient-value\/\" \/>\n<meta property=\"og:locale\" content=\"en_US\" \/>\n<meta property=\"og:type\" content=\"article\" \/>\n<meta property=\"og:title\" content=\"Think Patient Value - Mapes\" \/>\n<meta property=\"og:description\" content=\"THINK PATIENT VALUE Complete Management Platform for Value-Based Healthcare We Study the Marketplaces Healthcare Management Every day, Healthcare Management becomes more and more deficient. Costs Rising costs and limited resources Technology Population-ageing Population Increasingly more expensive technologies Model Model based on remuneration by volume So we decided to create The best solution Complete Management Platform [&hellip;]\" \/>\n<meta property=\"og:url\" content=\"https:\/\/mapesolutions.com\/en\/think-patient-value\/\" \/>\n<meta property=\"og:site_name\" content=\"Mapes\" \/>\n<meta property=\"article:modified_time\" content=\"2021-10-27T16:09:05+00:00\" \/>\n<meta property=\"og:image\" content=\"https:\/\/mapesolutions.com\/en\/wp-content\/uploads\/2021\/09\/logo-tp_value-branca2-1024x311-1.png\" \/>\n<meta name=\"twitter:card\" content=\"summary_large_image\" \/>\n<script type=\"application\/ld+json\" class=\"yoast-schema-graph\">{\"@context\":\"https:\\\/\\\/schema.org\",\"@graph\":[{\"@type\":\"WebPage\",\"@id\":\"https:\\\/\\\/mapesolutions.com\\\/en\\\/think-patient-value\\\/\",\"url\":\"https:\\\/\\\/mapesolutions.com\\\/en\\\/think-patient-value\\\/\",\"name\":\"Think Patient Value - Mapes\",\"isPartOf\":{\"@id\":\"https:\\\/\\\/mapesolutions.com\\\/en\\\/#website\"},\"primaryImageOfPage\":{\"@id\":\"https:\\\/\\\/mapesolutions.com\\\/en\\\/think-patient-value\\\/#primaryimage\"},\"image\":{\"@id\":\"https:\\\/\\\/mapesolutions.com\\\/en\\\/think-patient-value\\\/#primaryimage\"},\"thumbnailUrl\":\"https:\\\/\\\/mapesolutions.com\\\/en\\\/wp-content\\\/uploads\\\/2021\\\/09\\\/logo-tp_value-branca2-1024x311-1.png\",\"datePublished\":\"2021-09-27T17:37:37+00:00\",\"dateModified\":\"2021-10-27T16:09:05+00:00\",\"breadcrumb\":{\"@id\":\"https:\\\/\\\/mapesolutions.com\\\/en\\\/think-patient-value\\\/#breadcrumb\"},\"inLanguage\":\"en-US\",\"potentialAction\":[{\"@type\":\"ReadAction\",\"target\":[\"https:\\\/\\\/mapesolutions.com\\\/en\\\/think-patient-value\\\/\"]}]},{\"@type\":\"ImageObject\",\"inLanguage\":\"en-US\",\"@id\":\"https:\\\/\\\/mapesolutions.com\\\/en\\\/think-patient-value\\\/#primaryimage\",\"url\":\"https:\\\/\\\/mapesolutions.com\\\/en\\\/wp-content\\\/uploads\\\/2021\\\/09\\\/logo-tp_value-branca2-1024x311-1.png\",\"contentUrl\":\"https:\\\/\\\/mapesolutions.com\\\/en\\\/wp-content\\\/uploads\\\/2021\\\/09\\\/logo-tp_value-branca2-1024x311-1.png\",\"width\":263,\"height\":80},{\"@type\":\"BreadcrumbList\",\"@id\":\"https:\\\/\\\/mapesolutions.com\\\/en\\\/think-patient-value\\\/#breadcrumb\",\"itemListElement\":[{\"@type\":\"ListItem\",\"position\":1,\"name\":\"In\u00edcio\",\"item\":\"https:\\\/\\\/mapesolutions.com\\\/en\\\/\"},{\"@type\":\"ListItem\",\"position\":2,\"name\":\"Think Patient Value\"}]},{\"@type\":\"WebSite\",\"@id\":\"https:\\\/\\\/mapesolutions.com\\\/en\\\/#website\",\"url\":\"https:\\\/\\\/mapesolutions.com\\\/en\\\/\",\"name\":\"Mapes\",\"description\":\"\",\"potentialAction\":[{\"@type\":\"SearchAction\",\"target\":{\"@type\":\"EntryPoint\",\"urlTemplate\":\"https:\\\/\\\/mapesolutions.com\\\/en\\\/?s={search_term_string}\"},\"query-input\":{\"@type\":\"PropertyValueSpecification\",\"valueRequired\":true,\"valueName\":\"search_term_string\"}}],\"inLanguage\":\"en-US\"}]}<\/script>\n<!-- \/ Yoast SEO plugin. -->","yoast_head_json":{"title":"Think Patient Value - Mapes","robots":{"index":"index","follow":"follow","max-snippet":"max-snippet:-1","max-image-preview":"max-image-preview:large","max-video-preview":"max-video-preview:-1"},"canonical":"https:\/\/mapesolutions.com\/en\/think-patient-value\/","og_locale":"en_US","og_type":"article","og_title":"Think Patient Value - Mapes","og_description":"THINK PATIENT VALUE Complete Management Platform for Value-Based Healthcare We Study the Marketplaces Healthcare Management Every day, Healthcare Management becomes more and more deficient. Costs Rising costs and limited resources Technology Population-ageing Population Increasingly more expensive technologies Model Model based on remuneration by volume So we decided to create The best solution Complete Management Platform [&hellip;]","og_url":"https:\/\/mapesolutions.com\/en\/think-patient-value\/","og_site_name":"Mapes","article_modified_time":"2021-10-27T16:09:05+00:00","og_image":[{"url":"https:\/\/mapesolutions.com\/en\/wp-content\/uploads\/2021\/09\/logo-tp_value-branca2-1024x311-1.png","type":"","width":"","height":""}],"twitter_card":"summary_large_image","schema":{"@context":"https:\/\/schema.org","@graph":[{"@type":"WebPage","@id":"https:\/\/mapesolutions.com\/en\/think-patient-value\/","url":"https:\/\/mapesolutions.com\/en\/think-patient-value\/","name":"Think Patient Value - Mapes","isPartOf":{"@id":"https:\/\/mapesolutions.com\/en\/#website"},"primaryImageOfPage":{"@id":"https:\/\/mapesolutions.com\/en\/think-patient-value\/#primaryimage"},"image":{"@id":"https:\/\/mapesolutions.com\/en\/think-patient-value\/#primaryimage"},"thumbnailUrl":"https:\/\/mapesolutions.com\/en\/wp-content\/uploads\/2021\/09\/logo-tp_value-branca2-1024x311-1.png","datePublished":"2021-09-27T17:37:37+00:00","dateModified":"2021-10-27T16:09:05+00:00","breadcrumb":{"@id":"https:\/\/mapesolutions.com\/en\/think-patient-value\/#breadcrumb"},"inLanguage":"en-US","potentialAction":[{"@type":"ReadAction","target":["https:\/\/mapesolutions.com\/en\/think-patient-value\/"]}]},{"@type":"ImageObject","inLanguage":"en-US","@id":"https:\/\/mapesolutions.com\/en\/think-patient-value\/#primaryimage","url":"https:\/\/mapesolutions.com\/en\/wp-content\/uploads\/2021\/09\/logo-tp_value-branca2-1024x311-1.png","contentUrl":"https:\/\/mapesolutions.com\/en\/wp-content\/uploads\/2021\/09\/logo-tp_value-branca2-1024x311-1.png","width":263,"height":80},{"@type":"BreadcrumbList","@id":"https:\/\/mapesolutions.com\/en\/think-patient-value\/#breadcrumb","itemListElement":[{"@type":"ListItem","position":1,"name":"In\u00edcio","item":"https:\/\/mapesolutions.com\/en\/"},{"@type":"ListItem","position":2,"name":"Think Patient Value"}]},{"@type":"WebSite","@id":"https:\/\/mapesolutions.com\/en\/#website","url":"https:\/\/mapesolutions.com\/en\/","name":"Mapes","description":"","potentialAction":[{"@type":"SearchAction","target":{"@type":"EntryPoint","urlTemplate":"https:\/\/mapesolutions.com\/en\/?s={search_term_string}"},"query-input":{"@type":"PropertyValueSpecification","valueRequired":true,"valueName":"search_term_string"}}],"inLanguage":"en-US"}]}},"_links":{"self":[{"href":"https:\/\/mapesolutions.com\/en\/wp-json\/wp\/v2\/pages\/6344","targetHints":{"allow":["GET"]}}],"collection":[{"href":"https:\/\/mapesolutions.com\/en\/wp-json\/wp\/v2\/pages"}],"about":[{"href":"https:\/\/mapesolutions.com\/en\/wp-json\/wp\/v2\/types\/page"}],"author":[{"embeddable":true,"href":"https:\/\/mapesolutions.com\/en\/wp-json\/wp\/v2\/users\/6"}],"replies":[{"embeddable":true,"href":"https:\/\/mapesolutions.com\/en\/wp-json\/wp\/v2\/comments?post=6344"}],"version-history":[{"count":138,"href":"https:\/\/mapesolutions.com\/en\/wp-json\/wp\/v2\/pages\/6344\/revisions"}],"predecessor-version":[{"id":6627,"href":"https:\/\/mapesolutions.com\/en\/wp-json\/wp\/v2\/pages\/6344\/revisions\/6627"}],"wp:attachment":[{"href":"https:\/\/mapesolutions.com\/en\/wp-json\/wp\/v2\/media?parent=6344"}],"curies":[{"name":"wp","href":"https:\/\/api.w.org\/{rel}","templated":true}]}}